{"id":322318,"date":"2023-07-15T10:27:34","date_gmt":"2023-07-15T09:27:34","guid":{"rendered":"https:\/\/www.moskito.cz\/produkt\/coltello-da-tiro-andre-de-villiers-otf\/"},"modified":"2025-05-07T11:07:02","modified_gmt":"2025-05-07T10:07:02","slug":"coltello-da-tiro-andre-de-villiers-otf","status":"publish","type":"product","link":"https:\/\/www.moskito.cz\/it\/produkt\/coltello-da-tiro-andre-de-villiers-otf\/","title":{"rendered":"Coltello da tiro Andre De Villiers OTF"},"content":{"rendered":"<p>Coltello da tiro OTF <strong>Andre De Villiers<\/strong><\/p>\n<p>Andre\/ADV Tactical produce i migliori coltelli personalizzati al mondo. I suoi coltelli sono resistenti come chiodi e completamente realizzati a mano su misura.<\/p>\n<p>Un bellissimo automatico frontale a doppia azione realizzato a mano, delle dimensioni perfette per l&#8217;uso quotidiano.<\/p>\n<p>Il coltello ha un manico sagomato migliorato con un cursore strutturato per un tiro pi\u00f9 positivo. La molla del coltello rimane sempre nella posizione di &#8220;riposo&#8221;, tranne durante lo sparo. Ci\u00f2 garantisce che la molla compressa non si affatichi, garantendo agli utenti che quando il coltello viene azionato, funzioner\u00e0 in modo efficace. Il colore della maniglia \u00e8 grigio.<\/p>\n<p>La lama \u00e8 in acciaio D2, ha la forma di un pugnale con il bordo seghettato nella parte superiore, ideale per tagliare corde, cartone, vestiti, ecc.<\/p>\n<p>e rimane pi\u00f9 affilato per molto pi\u00f9 tempo di una lama classica. Il colore sulla lama \u00e8 nero.<\/p>\n<p>Il coltello ha una clip in acciaio per un facile trasporto, rifinita con un rullo, in modo che la clip non strappi la tasca.<\/p>\n<p>Artigianato davvero sorprendente, un coltello di qualit\u00e0 con un design eccellente e una lavorazione di precisione. Un ottimo coltello OTF ad un prezzo accessibile.<\/p>\n<p>Specifiche:<\/p>\n<p>Lunghezza lama: 9 cm<br \/>\nLunghezza manico: 12,5 cm<br \/>\nLunghezza totale: 21,5 cm<br \/>\nMateriale lama: acciaio per utensili D2<br \/>\nAffilatura della lama: piatta<br \/>\nFinitura lama: Nera<br \/>\nMateriale impugnatura: alluminio anodizzato 6061-T6<\/p>\n<p>Progettista: Andr\u00e9 De Villiers<\/p>\n<p>&nbsp;<\/p>\n","protected":false},"excerpt":{"rendered":"<p><strong>Andre\/ADV Tactical produce i migliori coltelli personalizzati al mondo. I suoi coltelli sono resistenti come chiodi e completamente realizzati a mano su misura.<\/strong><\/p>\n","protected":false},"featured_media":322329,"comment_status":"open","ping_status":"closed","template":"","meta":[],"pwb-brand":[3825],"product_brand":[],"product_cat":[3748,3745],"product_tag":[3755],"class_list":{"0":"post-322318","1":"product","2":"type-product","3":"status-publish","4":"has-post-thumbnail","6":"pwb-brand-andre-de-villiers-it","7":"product_cat-coltelli-da-tiro","8":"product_cat-coltelli","9":"product_tag-b2b-it","11":"first","12":"instock","13":"taxable","14":"shipping-taxable","15":"purchasable","16":"product-type-simple"},"brands":[{"id":3825,"name":"Andr\u00e9 De Villiers","slug":"andre-de-villiers-it"}],"_links":{"self":[{"href":"https:\/\/www.moskito.cz\/it\/wp-json\/wp\/v2\/product\/322318","targetHints":{"allow":["GET"]}}],"collection":[{"href":"https:\/\/www.moskito.cz\/it\/wp-json\/wp\/v2\/product"}],"about":[{"href":"https:\/\/www.moskito.cz\/it\/wp-json\/wp\/v2\/types\/product"}],"replies":[{"embeddable":true,"href":"https:\/\/www.moskito.cz\/it\/wp-json\/wp\/v2\/comments?post=322318"}],"wp:featuredmedia":[{"embeddable":true,"href":"https:\/\/www.moskito.cz\/it\/wp-json\/wp\/v2\/media\/322329"}],"wp:attachment":[{"href":"https:\/\/www.moskito.cz\/it\/wp-json\/wp\/v2\/media?parent=322318"}],"wp:term":[{"taxonomy":"pwb-brand","embeddable":true,"href":"https:\/\/www.moskito.cz\/it\/wp-json\/wp\/v2\/pwb-brand?post=322318"},{"taxonomy":"product_brand","embeddable":true,"href":"https:\/\/www.moskito.cz\/it\/wp-json\/wp\/v2\/product_brand?post=322318"},{"taxonomy":"product_cat","embeddable":true,"href":"https:\/\/www.moskito.cz\/it\/wp-json\/wp\/v2\/product_cat?post=322318"},{"taxonomy":"product_tag","embeddable":true,"href":"https:\/\/www.moskito.cz\/it\/wp-json\/wp\/v2\/product_tag?post=322318"}],"curies":[{"name":"wp","href":"https:\/\/api.w.org\/{rel}","templated":true}]}}