{"id":322494,"date":"2023-01-05T21:30:15","date_gmt":"2024-03-20T11:00:25","guid":{"rendered":"https:\/\/www.moskito.cz\/produkt\/coltelli-andre-de-villiers-battle-cleaver-rosso-nero\/"},"modified":"2025-05-07T11:07:11","modified_gmt":"2025-05-07T10:07:11","slug":"coltelli-andre-de-villiers-battle-cleaver-rosso-nero","status":"publish","type":"product","link":"https:\/\/www.moskito.cz\/it\/produkt\/coltelli-andre-de-villiers-battle-cleaver-rosso-nero\/","title":{"rendered":"Coltelli Andre De Villiers BATTLE CLEAVER ROSSO\/NERO"},"content":{"rendered":"<p><strong>Coltelli Andre De Villiers<\/strong> BATTLE CLEAVER ROSSO\/NERO.<\/p>\n<p>La Battle Cleaver \u00e8 la prossima evoluzione del design mid-tech Butcher di Andre De Villiers, che ha subito molti cambiamenti nel corso della sua esistenza. Prima era solo un pezzo personalizzato, poi \u00e8 diventato un modello mid-tech, poi un modello Tac prima di diventare quello che \u00e8 adesso&#8230; il Classic Butcher. Questa mannaia da battaglia \u00e8 molto simile al classico macellaio in termini di dimensioni, sensazione, peso&#8230; cio\u00e8. tutto tranne la forma della lama. Questo \u00e8 dotato di una mannaia tattica CPM-S35VN da 10 cm con una scanalatura per il sangue, un foro per appendere tipico delle mannaie e una finitura Cerakoted bicolore nera. Il manico \u00e8 realizzato in titanio Cerakoted nero con un grande motivo quadrato fresato su ciascun lato che fornisce una trazione extra per le dita.<\/p>\n<p>Il punto di articolazione \u00e8 ci\u00f2 che distingue questo coltello e tutte le lame ADV. Ha una vite Torx incassata che si inserisce nel perno, permettendoti di stringere il perno mentre regoli la centratura o la scorrevolezza complessiva dell&#8217;azione. Questa azione \u00e8 a dir poco molto fluida. Le manovre sulla linguetta della pinna sono nitide e funzionali; nulla \u00e8 stato veramente trascurato in questo fantastico design. Andre ha inserito un ampio ritaglio per facilitare la chiusura del coltello e ha incorporato un inserto della barra di bloccaggio sostituibile che funge anche da sicurezza anti-intrusione. La clip da tasca in titanio fresato della Battle Cleaver consente un&#8217;eccellente presa nelle tasche dei pantaloni spesse e include un design a sfera rotante per un&#8217;estrazione pi\u00f9 semplice. Potrebbe non essere il tipico coltello, ma prendilo in mano e lo sarai<\/p>\n<p>Specifiche<br \/>\nLunghezza lama: 10 cm<br \/>\nLunghezza totale: 23 cm<br \/>\nMateriale lama: acciaio inossidabile S35VN<br \/>\nSpessore lama: 0,44 cm<br \/>\nStile lama: mannaia<br \/>\nAffilatura della lama: piatta<br \/>\nFinitura lama: Cerakote nera bicolore<br \/>\nMateriale manico: titanio fresato<br \/>\nSpessore manico: 1,35 cm<br \/>\nMeccanismo di bloccaggio: telaio<br \/>\nGruppo perno: cuscinetti<br \/>\nClip da tasca: Titanio (pieghevole, usura giusta)<br \/>\nPeso: 9,1 once.<br \/>\nProgettista: Andr\u00e9 De Villiers<br \/>\nProdotto in Sud Africa<\/p>\n","protected":false},"excerpt":{"rendered":"<p><strong>La Battle Cleaver<\/strong> \u00e8 la prossima evoluzione del design mid-tech Butcher di Andre De Villiers.<\/p>\n","protected":false},"featured_media":322496,"comment_status":"open","ping_status":"closed","template":"","meta":[],"pwb-brand":[3825],"product_brand":[],"product_cat":[3745,3749],"product_tag":[3755],"class_list":{"0":"post-322494","1":"product","2":"type-product","3":"status-publish","4":"has-post-thumbnail","6":"pwb-brand-andre-de-villiers-it","7":"product_cat-coltelli","8":"product_cat-coltelli-di-chiusura","9":"product_tag-b2b-it","11":"first","12":"instock","13":"taxable","14":"shipping-taxable","15":"purchasable","16":"product-type-simple"},"brands":[{"id":3825,"name":"Andr\u00e9 De Villiers","slug":"andre-de-villiers-it"}],"_links":{"self":[{"href":"https:\/\/www.moskito.cz\/it\/wp-json\/wp\/v2\/product\/322494","targetHints":{"allow":["GET"]}}],"collection":[{"href":"https:\/\/www.moskito.cz\/it\/wp-json\/wp\/v2\/product"}],"about":[{"href":"https:\/\/www.moskito.cz\/it\/wp-json\/wp\/v2\/types\/product"}],"replies":[{"embeddable":true,"href":"https:\/\/www.moskito.cz\/it\/wp-json\/wp\/v2\/comments?post=322494"}],"wp:featuredmedia":[{"embeddable":true,"href":"https:\/\/www.moskito.cz\/it\/wp-json\/wp\/v2\/media\/322496"}],"wp:attachment":[{"href":"https:\/\/www.moskito.cz\/it\/wp-json\/wp\/v2\/media?parent=322494"}],"wp:term":[{"taxonomy":"pwb-brand","embeddable":true,"href":"https:\/\/www.moskito.cz\/it\/wp-json\/wp\/v2\/pwb-brand?post=322494"},{"taxonomy":"product_brand","embeddable":true,"href":"https:\/\/www.moskito.cz\/it\/wp-json\/wp\/v2\/product_brand?post=322494"},{"taxonomy":"product_cat","embeddable":true,"href":"https:\/\/www.moskito.cz\/it\/wp-json\/wp\/v2\/product_cat?post=322494"},{"taxonomy":"product_tag","embeddable":true,"href":"https:\/\/www.moskito.cz\/it\/wp-json\/wp\/v2\/product_tag?post=322494"}],"curies":[{"name":"wp","href":"https:\/\/api.w.org\/{rel}","templated":true}]}}