{"id":322500,"date":"2023-01-05T22:31:16","date_gmt":"2024-03-20T11:00:38","guid":{"rendered":"https:\/\/www.moskito.cz\/produkt\/coltello-di-chiusura-andre-de-villiers-bowie-rame-acid-rain-frag\/"},"modified":"2025-05-07T11:07:11","modified_gmt":"2025-05-07T10:07:11","slug":"coltello-di-chiusura-andre-de-villiers-bowie-rame-acid-rain-frag","status":"publish","type":"product","link":"https:\/\/www.moskito.cz\/it\/produkt\/coltello-di-chiusura-andre-de-villiers-bowie-rame-acid-rain-frag\/","title":{"rendered":"Coltello Di Chiusura Andre De Villiers BOWIE RAME ACID RAIN FRAG"},"content":{"rendered":"<p>Coltello Di Chiusura <strong>Andre De Villiers<\/strong> BOWIE RAME ACID RAIN FRAG.<\/p>\n<p>Bowie \u00e8 minaccioso quanto pu\u00f2 esserlo un coltello pieghevole. Viene fornito non solo con un aspetto intimidatorio, ma con una serie di funzionalit\u00e0 che gli permettono di brillare come strumento tattico e\/o di sopravvivenza. Una volta superata la lama Bowie che d\u00e0 il nome a Badlands, hai un set di doppie alette, proprio come il DF Pathfinder, che lo rendono un vero coltello da combattimento. Come l&#8217;Emerson Wave, l&#8217;aletta sul retro della lama apre automaticamente il coltello quando viene estratto dalla tasca, ma non \u00e8 stata progettata per farlo. L&#8217;Onda era originariamente destinata al combattimento con il coltello, proteggendo il dorso della mano se la lama dell&#8217;avversario segue la tua spina dorsale.<\/p>\n<p>Un&#8217;altra cosa che distingue questo coltello dagli altri design tattici \u00e8 l&#8217;ergonomia. Certo, molte impugnature ADV sono simili, ma questa \u00e8 di gran lunga la pi\u00f9 comoda che abbiamo mai provato. L&#8217;aggiunta di una fessura per il secondo dito e una leggera curva alla forma complessiva (entrambi non presenti sull&#8217;originale Butcher) rendono questo coltello estremamente comodo da impugnare e utilizzare. \u00c8 dotato di perno con cuscinetto a sfera, clip per tasca a sfera, inserto di bloccaggio\/ammortizzatore di viaggio sostituibile e perno a vite Torx inserito, una caratteristica distintiva del lavoro di Andre. Paul Hogan sarebbe d&#8217;accordo; &#8220;Questo \u00e8 un coltello!&#8221;<\/p>\n<p>Specifiche<br \/>\nLunghezza totale: 23 cm<br \/>\nLunghezza lama: 10 cm<br \/>\nSpessore lama: 0,5 cm<br \/>\nMateriale lama:: CPM S35VN<br \/>\nMateriale manico: titanio<br \/>\nPeso: 8,62 once.<br \/>\nUtente: mano destra, mano sinistra<br \/>\nClip da tasca: reversibile in 3 direzioni<br \/>\nTipo di coltello: manuale<br \/>\nApertura: Flipper, Nail Nick<br \/>\nTipo di blocco: blocco del telaio<br \/>\nMarca: Andr\u00e9 de Villiers<br \/>\nMigliori usi: trasporto quotidiano, tattico<\/p>\n<p>&nbsp;<\/p>\n","protected":false},"excerpt":{"rendered":"<p>Il coltello <strong>AdV<\/strong> ha un&#8217;apertura liscia con blocco del telaio in titanio.<\/p>\n","protected":false},"featured_media":322505,"comment_status":"open","ping_status":"closed","template":"","meta":[],"pwb-brand":[3825],"product_brand":[],"product_cat":[3745,3749],"product_tag":[3755],"class_list":{"0":"post-322500","1":"product","2":"type-product","3":"status-publish","4":"has-post-thumbnail","6":"pwb-brand-andre-de-villiers-it","7":"product_cat-coltelli","8":"product_cat-coltelli-di-chiusura","9":"product_tag-b2b-it","11":"first","12":"instock","13":"taxable","14":"shipping-taxable","15":"purchasable","16":"product-type-simple"},"brands":[{"id":3825,"name":"Andr\u00e9 De Villiers","slug":"andre-de-villiers-it"}],"_links":{"self":[{"href":"https:\/\/www.moskito.cz\/it\/wp-json\/wp\/v2\/product\/322500","targetHints":{"allow":["GET"]}}],"collection":[{"href":"https:\/\/www.moskito.cz\/it\/wp-json\/wp\/v2\/product"}],"about":[{"href":"https:\/\/www.moskito.cz\/it\/wp-json\/wp\/v2\/types\/product"}],"replies":[{"embeddable":true,"href":"https:\/\/www.moskito.cz\/it\/wp-json\/wp\/v2\/comments?post=322500"}],"wp:featuredmedia":[{"embeddable":true,"href":"https:\/\/www.moskito.cz\/it\/wp-json\/wp\/v2\/media\/322505"}],"wp:attachment":[{"href":"https:\/\/www.moskito.cz\/it\/wp-json\/wp\/v2\/media?parent=322500"}],"wp:term":[{"taxonomy":"pwb-brand","embeddable":true,"href":"https:\/\/www.moskito.cz\/it\/wp-json\/wp\/v2\/pwb-brand?post=322500"},{"taxonomy":"product_brand","embeddable":true,"href":"https:\/\/www.moskito.cz\/it\/wp-json\/wp\/v2\/product_brand?post=322500"},{"taxonomy":"product_cat","embeddable":true,"href":"https:\/\/www.moskito.cz\/it\/wp-json\/wp\/v2\/product_cat?post=322500"},{"taxonomy":"product_tag","embeddable":true,"href":"https:\/\/www.moskito.cz\/it\/wp-json\/wp\/v2\/product_tag?post=322500"}],"curies":[{"name":"wp","href":"https:\/\/api.w.org\/{rel}","templated":true}]}}