{"id":322503,"date":"2023-01-04T21:01:16","date_gmt":"2024-03-20T11:00:39","guid":{"rendered":"https:\/\/www.moskito.cz\/produkt\/coltello-pieghevole-andre-de-villiers-tanto-s35vn-satinato-tanto-blade-acid-rain-frag-fresato-in-titanio\/"},"modified":"2025-05-07T11:07:12","modified_gmt":"2025-05-07T10:07:12","slug":"coltello-pieghevole-andre-de-villiers-tanto-s35vn-satinato-tanto-blade-acid-rain-frag-fresato-in-titanio","status":"publish","type":"product","link":"https:\/\/www.moskito.cz\/it\/produkt\/coltello-pieghevole-andre-de-villiers-tanto-s35vn-satinato-tanto-blade-acid-rain-frag-fresato-in-titanio\/","title":{"rendered":"Coltello pieghevole Andre De Villiers Tanto S35VN satinato Tanto Blade Acid Rain Frag fresato in titanio"},"content":{"rendered":"<p>Coltello pieghevole <strong>Andre De Villiers<\/strong> Tanto S35VN satinato Tanto Blade Acid Rain Frag fresato in titanio.<\/p>\n<p>Il Tanto non \u00e8 solo un cambiamento nella forma della lama del Macellaio, ma presenta anche un diverso design dell&#8217;impugnatura con una scanalatura per il secondo dito. Questa aggiunta e la leggera curvatura della forma complessiva (entrambe non presenti sull&#8217;originale Butcher) rendono questo coltello estremamente comodo da impugnare e utilizzare. Viene fornito non solo con un aspetto intimidatorio, ma con una serie di funzionalit\u00e0 che gli permettono di brillare come strumento tattico e\/o di sopravvivenza. La forma giapponese Tanto ti d\u00e0 un po&#8217; di pancia vicino alla punta per affettare, mentre il bordo principale piatto ecceller\u00e0 assolutamente nel tagliare e frullare. \u00c8 dotato di un perno con cuscinetto a sfera, una clip da tasca in titanio sulla sfera destra, un inserto di bloccaggio\/smorzatore di corsa sostituibile e un perno a vite Torx inserito, una caratteristica distintiva del lavoro di Andre. Adoriamo questa evoluzione del design Butcher.<\/p>\n<p>Specifiche<br \/>\nLunghezza lama: 10 cm<br \/>\nLunghezza totale: 22 cm<br \/>\nMateriale lama: acciaio inossidabile CPM-S35VN<br \/>\nSpessore lama: 0,47<br \/>\nStile lama: Tanto<br \/>\nAffilatura della lama: piatta<br \/>\nTrattamento superficiale della lama: satinato<br \/>\nMateriale manico: titanio fresato a pioggia acida<br \/>\nSpessore manico: 1.275 cm<br \/>\nMeccanismo di bloccaggio: Blocco telaio<br \/>\nGruppo perno: cuscinetti<br \/>\nClip da tasca: Titanio (pieghevole, usura destra\/sinistra)<br \/>\nPeso: 7,4 once.<br \/>\nProgettista: Andr\u00e9 De Villiers<br \/>\nBackspacer in titanio<br \/>\nProdotto in Sud Africa<\/p>\n","protected":false},"excerpt":{"rendered":"<p>Sono <strong>Andre de Villiers<\/strong> , ADV Tattico. Coltellinaio a tempo pieno dal 1990. Tutti i coltelli sono realizzati a mano da SOB Mid-tech. I miei progetti sono miei, costruiti per funzionare, super durevoli con funzionalit\u00e0 e scopo estremi. Utilizzo i migliori materiali che riesco a ottenere, titanio, D2, S35vn, N690 e altri.<\/p>\n","protected":false},"featured_media":322507,"comment_status":"open","ping_status":"closed","template":"","meta":[],"pwb-brand":[3825],"product_brand":[],"product_cat":[3745,3749],"product_tag":[3755],"class_list":{"0":"post-322503","1":"product","2":"type-product","3":"status-publish","4":"has-post-thumbnail","6":"pwb-brand-andre-de-villiers-it","7":"product_cat-coltelli","8":"product_cat-coltelli-di-chiusura","9":"product_tag-b2b-it","11":"first","12":"instock","13":"taxable","14":"shipping-taxable","15":"purchasable","16":"product-type-simple"},"brands":[{"id":3825,"name":"Andr\u00e9 De Villiers","slug":"andre-de-villiers-it"}],"_links":{"self":[{"href":"https:\/\/www.moskito.cz\/it\/wp-json\/wp\/v2\/product\/322503","targetHints":{"allow":["GET"]}}],"collection":[{"href":"https:\/\/www.moskito.cz\/it\/wp-json\/wp\/v2\/product"}],"about":[{"href":"https:\/\/www.moskito.cz\/it\/wp-json\/wp\/v2\/types\/product"}],"replies":[{"embeddable":true,"href":"https:\/\/www.moskito.cz\/it\/wp-json\/wp\/v2\/comments?post=322503"}],"wp:featuredmedia":[{"embeddable":true,"href":"https:\/\/www.moskito.cz\/it\/wp-json\/wp\/v2\/media\/322507"}],"wp:attachment":[{"href":"https:\/\/www.moskito.cz\/it\/wp-json\/wp\/v2\/media?parent=322503"}],"wp:term":[{"taxonomy":"pwb-brand","embeddable":true,"href":"https:\/\/www.moskito.cz\/it\/wp-json\/wp\/v2\/pwb-brand?post=322503"},{"taxonomy":"product_brand","embeddable":true,"href":"https:\/\/www.moskito.cz\/it\/wp-json\/wp\/v2\/product_brand?post=322503"},{"taxonomy":"product_cat","embeddable":true,"href":"https:\/\/www.moskito.cz\/it\/wp-json\/wp\/v2\/product_cat?post=322503"},{"taxonomy":"product_tag","embeddable":true,"href":"https:\/\/www.moskito.cz\/it\/wp-json\/wp\/v2\/product_tag?post=322503"}],"curies":[{"name":"wp","href":"https:\/\/api.w.org\/{rel}","templated":true}]}}