{"id":322546,"date":"2022-12-08T22:22:39","date_gmt":"2024-03-20T11:02:02","guid":{"rendered":"https:\/\/www.moskito.cz\/produkt\/coltelli-andre-de-villiers-battle-cleaver-flame-anno-manici-in-titanio\/"},"modified":"2025-05-07T11:07:14","modified_gmt":"2025-05-07T10:07:14","slug":"coltelli-andre-de-villiers-battle-cleaver-flame-anno-manici-in-titanio","status":"publish","type":"product","link":"https:\/\/www.moskito.cz\/it\/produkt\/coltelli-andre-de-villiers-battle-cleaver-flame-anno-manici-in-titanio\/","title":{"rendered":"Coltelli Andre De Villiers BATTLE CLEAVER-FLAME ANNO Manici in titanio"},"content":{"rendered":"<p>Coltelli <strong>Andre De Villiers<\/strong> BATTLE CLEAVER-FLAME ANNO Manici in titanio.<\/p>\n<p>La Battle Cleaver \u00e8 la prossima evoluzione del design mid-tech Butcher di Andre De Villiers, che ha subito molti cambiamenti nel corso della sua esistenza. All&#8217;inizio era solo un pezzo custom, poi \u00e8 diventato un modello mid-tech, poi un Tac, poi un modello Classic e cos\u00ec via. Questa mannaia da battaglia \u00e8 molto simile alla Tac Butcher in termini di dimensioni, sensazione e peso&#8230; cio\u00e8. tutto tranne la forma della lama. Questo presenta uno scalpello curvo Bohler M390 da quattro pollici con una scanalatura insanguinata, una molatura duplex e una finitura bicolore. L&#8217;impugnatura \u00e8 realizzata in fantastico titanio antipioggia acido bicolore con inserti in rame su ciascun lato e collari girevoli in rame.<\/p>\n<p>Il punto di articolazione \u00e8 ci\u00f2 che distingue questo coltello e tutte le lame ADV. Ha una vite Torx incassata che si inserisce nel perno, permettendoti di stringere il perno mentre regoli la centratura o la scorrevolezza complessiva dell&#8217;azione. Questa azione \u00e8 a dir poco molto fluida. Le manovre sulla linguetta della pinna sono nitide e funzionali; nulla \u00e8 stato veramente trascurato in questo fantastico design. Andre ha inserito un ampio ritaglio per facilitare la chiusura del coltello e ha incorporato un inserto della barra di bloccaggio sostituibile che funge anche da sicurezza anti-intrusione. La clip da tasca in titanio fresato della Battle Cleaver consente un&#8217;eccellente presa nelle tasche dei pantaloni spesse e include un design a sfera rotante per un&#8217;estrazione pi\u00f9 semplice. Potrebbe non essere il tipico coltello, ma prendilo in mano e vedrai.<\/p>\n<p>Lunghezza lama: 10 cm<br \/>\nLunghezza totale: 23 cm<br \/>\nMateriale lama: acciaio inossidabile Bohler M390<br \/>\nSpessore lama: 0,44 cm<br \/>\nStile lama: mannaia ricurva<br \/>\nAffilatura lame: Duplex<br \/>\nTrattamento superficiale della lama: bicolore<br \/>\nMateriale manico: FIAMMA ANNO con inserti in rame<br \/>\nSpessore manico: 1,35 cm<br \/>\nMeccanismo di bloccaggio: Blocco telaio<br \/>\nGruppo perno: cuscinetti<br \/>\nClip da tasca: Titanio (pieghevole, usura giusta)<br \/>\nPeso: 9,2 once<br \/>\nProgettista: Andr\u00e9 De Villiers<br \/>\nBackspacer in titanio con inserto in rame<br \/>\nProdotto in Sud Africa<\/p>\n","protected":false},"excerpt":{"rendered":"<p><strong>Il BATTLE CLEAVER-FLAME ANNO<\/strong> \u00e8 la prossima evoluzione del design Mid-Tech Butcher di Andre De Villiers.<\/p>\n","protected":false},"featured_media":322547,"comment_status":"open","ping_status":"closed","template":"","meta":[],"pwb-brand":[3825],"product_brand":[],"product_cat":[3745,3749],"product_tag":[3755],"class_list":{"0":"post-322546","1":"product","2":"type-product","3":"status-publish","4":"has-post-thumbnail","6":"pwb-brand-andre-de-villiers-it","7":"product_cat-coltelli","8":"product_cat-coltelli-di-chiusura","9":"product_tag-b2b-it","11":"first","12":"instock","13":"taxable","14":"shipping-taxable","15":"purchasable","16":"product-type-simple"},"brands":[{"id":3825,"name":"Andr\u00e9 De Villiers","slug":"andre-de-villiers-it"}],"_links":{"self":[{"href":"https:\/\/www.moskito.cz\/it\/wp-json\/wp\/v2\/product\/322546","targetHints":{"allow":["GET"]}}],"collection":[{"href":"https:\/\/www.moskito.cz\/it\/wp-json\/wp\/v2\/product"}],"about":[{"href":"https:\/\/www.moskito.cz\/it\/wp-json\/wp\/v2\/types\/product"}],"replies":[{"embeddable":true,"href":"https:\/\/www.moskito.cz\/it\/wp-json\/wp\/v2\/comments?post=322546"}],"wp:featuredmedia":[{"embeddable":true,"href":"https:\/\/www.moskito.cz\/it\/wp-json\/wp\/v2\/media\/322547"}],"wp:attachment":[{"href":"https:\/\/www.moskito.cz\/it\/wp-json\/wp\/v2\/media?parent=322546"}],"wp:term":[{"taxonomy":"pwb-brand","embeddable":true,"href":"https:\/\/www.moskito.cz\/it\/wp-json\/wp\/v2\/pwb-brand?post=322546"},{"taxonomy":"product_brand","embeddable":true,"href":"https:\/\/www.moskito.cz\/it\/wp-json\/wp\/v2\/product_brand?post=322546"},{"taxonomy":"product_cat","embeddable":true,"href":"https:\/\/www.moskito.cz\/it\/wp-json\/wp\/v2\/product_cat?post=322546"},{"taxonomy":"product_tag","embeddable":true,"href":"https:\/\/www.moskito.cz\/it\/wp-json\/wp\/v2\/product_tag?post=322546"}],"curies":[{"name":"wp","href":"https:\/\/api.w.org\/{rel}","templated":true}]}}