{"id":322622,"date":"2023-04-17T21:30:16","date_gmt":"2024-03-20T12:24:06","guid":{"rendered":"https:\/\/www.moskito.cz\/produkt\/coltello-chiudibile-chaves-knives-liberation-229-stonewashed-229-lt-bg10-bf\/"},"modified":"2025-05-07T11:07:18","modified_gmt":"2025-05-07T10:07:18","slug":"coltello-chiudibile-chaves-knives-liberation-229-stonewashed-229-lt-bg10-bf","status":"publish","type":"product","link":"https:\/\/www.moskito.cz\/it\/produkt\/coltello-chiudibile-chaves-knives-liberation-229-stonewashed-229-lt-bg10-bf\/","title":{"rendered":"Coltello chiudibile Chaves Knives Liberation 229 Stonewashed 229\/LT\/BG10\/BF"},"content":{"rendered":"<p>Coltello chiudibile <strong>Chaves Knives<\/strong> Liberation 229 Stonewashed 229\/LT\/BG10\/BF<\/p>\n<p>I coltelli Chaves Ultramar di Ramon Chavez sono prodotti da Reate Knives, che mira a portare i suoi fantastici coltelli ad un pubblico pi\u00f9 ampio. Esistono numerosi modelli diversi, inclusa la versione Street di produzione del suo famoso coltello Redencion, che \u00e8 iconico nel mondo dei coltelli. Ognuno si sente come uno dei suoi tecnici intermedi e presenta la sua caratteristica clip da tasca con teschio in titanio. Sono perfetti da indossare tutti i giorni e Reate ha ricreato perfettamente l&#8217;incredibile azione di Ramon in modo che girino come quelli reali!<\/p>\n<p>Questa Liberation 229 \u00e8 una variante del modello Redencion, ma con lama e manico dal profilo pi\u00f9 sottile. La lama sottile con punto di caduta \u00e8 abbinata a un manico angolare in titanio progettato per una facile trasportabilit\u00e0. Il blocco del telaio \u00e8 dotato di un inserto lockbar sostituibile e il coltello \u00e8 completato da un backspacer parziale in titanio. Se Ramon Chavez \u00e8 nella tua lista dei desideri da un po&#8217; ma rimane fuori dalla tua fascia di prezzo, dai un&#8217;occhiata al Chaves Ultramar. Per il prezzo pagato, non possiamo pensare a un coltello di produzione di fascia media migliore.<\/p>\n<p>Specifiche:<br \/>\nLunghezza lama: 9,06 cm<br \/>\nTagliente: 8,62 cm<br \/>\nLunghezza da chiuso: 11,56 cm<br \/>\nLunghezza totale: 20,62 cm<br \/>\nMateriale lama: acciaio inossidabile M390<br \/>\nSpessore lama: 0,39 cm<br \/>\nStile lama: Tanto<br \/>\nAffilatura lame: Miscela<br \/>\nFinitura lama: Belt Satin<br \/>\nMateriale manico: G10 nero e titanio stonewashed<br \/>\nSpessore manico: 1,35 cm<br \/>\nMeccanismo di bloccaggio: Blocco telaio<br \/>\nGruppo perno: cuscinetti<br \/>\nClip da tasca: titanio stonewashed (ribaltabile, trasporto a destra)<br \/>\nPeso: 5,05 once.<br \/>\nProgettista: Ramon Ch\u00e1vez<br \/>\nBackspacer in titanio<\/p>\n","protected":false},"excerpt":{"rendered":"<p><strong>I coltelli Chaves sono costruiti per un uso intensivo e sono realizzati con i migliori materiali per una maggiore durata e ritenzione del filo. Pi\u00f9 di un semplice coltello funzionale, uno strumento da taglio serio che durer\u00e0 tutta la vita.<\/strong><\/p>\n<p><strong>Ramon e Lorrie Chavez.<\/strong><\/p>\n","protected":false},"featured_media":322627,"comment_status":"open","ping_status":"closed","template":"","meta":[],"pwb-brand":[3829],"product_brand":[],"product_cat":[3745,3749],"product_tag":[3755],"class_list":{"0":"post-322622","1":"product","2":"type-product","3":"status-publish","4":"has-post-thumbnail","6":"pwb-brand-coltelli-chaves","7":"product_cat-coltelli","8":"product_cat-coltelli-di-chiusura","9":"product_tag-b2b-it","11":"first","12":"instock","13":"taxable","14":"shipping-taxable","15":"purchasable","16":"product-type-simple"},"brands":[{"id":3829,"name":"Coltelli Chaves","slug":"coltelli-chaves"}],"_links":{"self":[{"href":"https:\/\/www.moskito.cz\/it\/wp-json\/wp\/v2\/product\/322622","targetHints":{"allow":["GET"]}}],"collection":[{"href":"https:\/\/www.moskito.cz\/it\/wp-json\/wp\/v2\/product"}],"about":[{"href":"https:\/\/www.moskito.cz\/it\/wp-json\/wp\/v2\/types\/product"}],"replies":[{"embeddable":true,"href":"https:\/\/www.moskito.cz\/it\/wp-json\/wp\/v2\/comments?post=322622"}],"wp:featuredmedia":[{"embeddable":true,"href":"https:\/\/www.moskito.cz\/it\/wp-json\/wp\/v2\/media\/322627"}],"wp:attachment":[{"href":"https:\/\/www.moskito.cz\/it\/wp-json\/wp\/v2\/media?parent=322622"}],"wp:term":[{"taxonomy":"pwb-brand","embeddable":true,"href":"https:\/\/www.moskito.cz\/it\/wp-json\/wp\/v2\/pwb-brand?post=322622"},{"taxonomy":"product_brand","embeddable":true,"href":"https:\/\/www.moskito.cz\/it\/wp-json\/wp\/v2\/product_brand?post=322622"},{"taxonomy":"product_cat","embeddable":true,"href":"https:\/\/www.moskito.cz\/it\/wp-json\/wp\/v2\/product_cat?post=322622"},{"taxonomy":"product_tag","embeddable":true,"href":"https:\/\/www.moskito.cz\/it\/wp-json\/wp\/v2\/product_tag?post=322622"}],"curies":[{"name":"wp","href":"https:\/\/api.w.org\/{rel}","templated":true}]}}