{"id":322993,"date":"2024-03-20T14:20:58","date_gmt":"2024-03-20T13:22:33","guid":{"rendered":"https:\/\/www.moskito.cz\/produkt\/coltello-fisso-spartan-lame-damysus-sbsl003\/"},"modified":"2025-05-07T11:07:25","modified_gmt":"2025-05-07T10:07:25","slug":"coltello-fisso-spartan-lame-damysus-sbsl003","status":"publish","type":"product","link":"https:\/\/www.moskito.cz\/it\/produkt\/coltello-fisso-spartan-lame-damysus-sbsl003\/","title":{"rendered":"Coltello Fisso Spartan Lame Damysus SBSL003"},"content":{"rendered":"<p>Coltello Fisso <strong>Spartan Lame<\/strong> Damysus SBSL003<\/p>\n<p><strong>Damysu<\/strong> s: Scatena il potere mitico nelle tue mani<\/p>\n<p>Nel regno della mitologia greca, <strong>Damysus<\/strong> regnava supremo come il pi\u00f9 veloce dei giganti, e ora quell&#8217;essenza leggendaria \u00e8 incapsulata nel coltello Damysus, una creazione degli abili artigiani di KA-BAR Knives a Olean, NY, USA. Questa lama massiccia \u00e8 realizzata con cura per fungere da versatile coltello da combattimento e multiuso, incarnando la potenza e la velocit\u00e0 del suo mitico omonimo.<\/p>\n<p>Propriet\u00e0 chiave:<\/p>\n<p>Prestazioni a tutto tondo: con un bordo dritto e una punta robusta, Damysus \u00e8 progettato per eccellere in molti compiti. Le sue guance full tang e Canvas Micarta garantiscono che soddisfi le esigenze delle situazioni pi\u00f9 impegnative.<\/p>\n<p>Forza della punta: se la forza della punta \u00e8 fondamentale per le tue esigenze, il Damysus \u00e8 il coltello da scegliere. La sua struttura robusta lo rende adatto a maneggiare laddove la resistenza della punta \u00e8 fondamentale.<\/p>\n<p>Realizzato con perizia: realizzato con precisione e dedizione dagli abili artigiani di KA-BAR Knives, con sede a Olean, New York, USA, il Damysus \u00e8 una testimonianza dell&#8217;artigianato americano.<\/p>\n<p>Attrattiva visiva: il rivestimento a polvere nera conferisce al Damysus una finitura elegante e ne migliora la durata e l&#8217;estetica tattica.<\/p>\n<p>Specifiche:<\/p>\n<p>Nome del coltello: Damysus<br \/>\nProgettista\/i: Iovito<br \/>\nLunghezza totale: 127 cm<br \/>\nLunghezza lama: 14 cm<br \/>\nAcciaio lama: 1095 Cro-Van (origine tedesca)<br \/>\nDurezza della lama: 56-58 HRC<br \/>\nStile lama: Solido &#8211; Punto di caduta &#8211; Superficie piatta<br \/>\nRivestimento: verniciatura a polvere nera<br \/>\nMateriale manico: CE Canvas Micarta\u00ae (nero o verde)<br \/>\nCustodia: custodia stampata ad iniezione con leva del pollice a ritenzione attiva<br \/>\nPeso: 0,5630 LBS (coltello)<\/p>\n<p><iframe title=\"Spartan Blades Company Knife Company Story with Co-Founders Mark Carey and Curtis Iovito.\" width=\"800\" height=\"450\" src=\"https:\/\/www.youtube.com\/embed\/S-EVJgZR57Y?feature=oembed\" frameborder=\"0\" allow=\"accelerometer; autoplay; clipboard-write; encrypted-media; gyroscope; picture-in-picture; web-share\" allowfullscreen><\/iframe><\/p>\n<p>&nbsp;<\/p>\n<p>&nbsp;<\/p>\n<p>&nbsp;<\/p>\n","protected":false},"excerpt":{"rendered":"<p><strong>Migliora la tua collezione di lame con il Damysus, un coltello progettato per onorare la velocit\u00e0 e la potenza della mitologia greca. Progettato per versatilit\u00e0 e durata, il Damysus \u00e8 pronto ad affrontare i compiti pi\u00f9 difficili con facilit\u00e0. Abbraccia il potere mitico nelle tue mani e padroneggia Damysus per un&#8217;esperienza senza precedenti di combattimento e utilit\u00e0.<\/strong><\/p>\n<p><strong>Trasporto gratuito.<\/strong><\/p>\n","protected":false},"featured_media":322956,"comment_status":"open","ping_status":"closed","template":"","meta":[],"pwb-brand":[3834],"product_brand":[],"product_cat":[3745,3746],"product_tag":[3755],"class_list":{"0":"post-322993","1":"product","2":"type-product","3":"status-publish","4":"has-post-thumbnail","6":"pwb-brand-lame-spartane","7":"product_cat-coltelli","8":"product_cat-coltelli-solidi","9":"product_tag-b2b-it","11":"first","12":"instock","13":"taxable","14":"shipping-taxable","15":"purchasable","16":"product-type-simple"},"brands":[{"id":3834,"name":"Lame spartane","slug":"lame-spartane"}],"_links":{"self":[{"href":"https:\/\/www.moskito.cz\/it\/wp-json\/wp\/v2\/product\/322993","targetHints":{"allow":["GET"]}}],"collection":[{"href":"https:\/\/www.moskito.cz\/it\/wp-json\/wp\/v2\/product"}],"about":[{"href":"https:\/\/www.moskito.cz\/it\/wp-json\/wp\/v2\/types\/product"}],"replies":[{"embeddable":true,"href":"https:\/\/www.moskito.cz\/it\/wp-json\/wp\/v2\/comments?post=322993"}],"wp:featuredmedia":[{"embeddable":true,"href":"https:\/\/www.moskito.cz\/it\/wp-json\/wp\/v2\/media\/322956"}],"wp:attachment":[{"href":"https:\/\/www.moskito.cz\/it\/wp-json\/wp\/v2\/media?parent=322993"}],"wp:term":[{"taxonomy":"pwb-brand","embeddable":true,"href":"https:\/\/www.moskito.cz\/it\/wp-json\/wp\/v2\/pwb-brand?post=322993"},{"taxonomy":"product_brand","embeddable":true,"href":"https:\/\/www.moskito.cz\/it\/wp-json\/wp\/v2\/product_brand?post=322993"},{"taxonomy":"product_cat","embeddable":true,"href":"https:\/\/www.moskito.cz\/it\/wp-json\/wp\/v2\/product_cat?post=322993"},{"taxonomy":"product_tag","embeddable":true,"href":"https:\/\/www.moskito.cz\/it\/wp-json\/wp\/v2\/product_tag?post=322993"}],"curies":[{"name":"wp","href":"https:\/\/api.w.org\/{rel}","templated":true}]}}