{"id":323301,"date":"2024-03-20T20:46:05","date_gmt":"2024-03-20T19:47:19","guid":{"rendered":"https:\/\/www.moskito.cz\/produkt\/coltello-pieghevole-pro-tech-shot-show-2024-malibu\/"},"modified":"2025-05-07T11:07:30","modified_gmt":"2025-05-07T10:07:30","slug":"coltello-pieghevole-pro-tech-shot-show-2024-malibu","status":"publish","type":"product","link":"https:\/\/www.moskito.cz\/it\/produkt\/coltello-pieghevole-pro-tech-shot-show-2024-malibu\/","title":{"rendered":"Coltello pieghevole Pro-Tech SHOT Show 2024 Malibu"},"content":{"rendered":"<p>Coltello pieghevole <strong>Pro-Tech<\/strong> SHOT Show 2024 Malibu.<\/p>\n<p><strong>Malibu<\/strong>, evidenziato dalla sua azione liscia come la seta e dalla natura leggera, \u00e8 una forza EDC da non sottovalutare. La lama tanto inversa \u00e8 particolarmente indicata per compiti di utilit\u00e0 con una leggera pancia e una forte punta di utilit\u00e0. L&#8217;impugnatura ergonomica \u00e8 in alluminio fresato con forma affusolata e scanalature per le dita che consentono davvero una presa salda e antiscivolo. Una clip per il trasporto profondo \u00e8 predisposta per il trasporto con la mano destra con una piega verso il basso, e un piccolo foro per cordino \u00e8 integrato nella maniglia\/backspacer in scala monopezzo. Ci ricorda un po&#8217; il Kershaw Leek e il Benchmade 940&#8230; due dei migliori coltelli EDC sul mercato, e pensiamo che troveranno una casa accanto a questi potenti in pochissimo tempo. Questo modello \u00e8 dotato di una lama tanto inversa DLC grigio fumo e guancette in alluminio nero con un pulsante bianco perla.  <strong>Furono prodotte solo 100 unit\u00e0.<\/strong><\/p>\n<p>Specifiche:<br \/>\nLunghezza lama: 8,25 cm<br \/>\nLunghezza da chiuso: 10,5 cm<br \/>\nLunghezza totale: 19 cm<br \/>\nMateriale lama: acciaio inossidabile CPM-20CV<br \/>\nSpessore lama: 0,125&#8243;<br \/>\nStile lama: Tanto inverso<br \/>\nAffilatura della lama: piatta<br \/>\nFinitura lama: DLC Smokey Grey<br \/>\nMateriale manico: alluminio nero T6-6061<br \/>\nSpessore della maniglia: 0,49&#8243;<br \/>\nMeccanismo di chiusura: pulsante in madreperla bianca<br \/>\nGruppo perno: cuscinetti<br \/>\nClip da tasca: ribaltabile, da indossare con la mano destra<br \/>\nPeso: 3,1 once.<br \/>\nFabbricato negli Usa<\/p>\n<p><iframe title=\"Meet Pro-Tech Knives\" width=\"800\" height=\"450\" src=\"https:\/\/www.youtube.com\/embed\/0TueVbHVDY4?feature=oembed\" frameborder=\"0\" allow=\"accelerometer; autoplay; clipboard-write; encrypted-media; gyroscope; picture-in-picture; web-share\" allowfullscreen><\/iframe><\/p>\n<p>&nbsp;<\/p>\n","protected":false},"excerpt":{"rendered":"<p><strong>I nostri modelli di coltelli di produzione offrono il miglior design, funzionalit\u00e0 e valore di qualsiasi coltello oggi sul mercato. I nostri coltelli artistici personalizzati sono opere d&#8217;arte uniche. Ciascuno dei nostri coltelli personalizzati in edizione limitata esemplifica un patrimonio di qualit\u00e0. Non importa quale dei nostri coltelli sceglierai, siamo sicuri che sarai molto soddisfatto del tuo acquisto.<\/strong><\/p>\n<p><strong>Grazie per il tuo interesse per i nostri coltelli di qualit\u00e0.<\/strong><\/p>\n<p>Trasporto gratuito.<\/p>\n","protected":false},"featured_media":323256,"comment_status":"open","ping_status":"closed","template":"","meta":[],"pwb-brand":[3821],"product_brand":[],"product_cat":[3745,3749],"product_tag":[3755],"class_list":{"0":"post-323301","1":"product","2":"type-product","3":"status-publish","4":"has-post-thumbnail","6":"pwb-brand-per-la-tecnologia","7":"product_cat-coltelli","8":"product_cat-coltelli-di-chiusura","9":"product_tag-b2b-it","11":"first","12":"instock","13":"taxable","14":"shipping-taxable","15":"purchasable","16":"product-type-simple"},"brands":[{"id":3821,"name":"Per la tecnologia","slug":"per-la-tecnologia"}],"_links":{"self":[{"href":"https:\/\/www.moskito.cz\/it\/wp-json\/wp\/v2\/product\/323301","targetHints":{"allow":["GET"]}}],"collection":[{"href":"https:\/\/www.moskito.cz\/it\/wp-json\/wp\/v2\/product"}],"about":[{"href":"https:\/\/www.moskito.cz\/it\/wp-json\/wp\/v2\/types\/product"}],"replies":[{"embeddable":true,"href":"https:\/\/www.moskito.cz\/it\/wp-json\/wp\/v2\/comments?post=323301"}],"wp:featuredmedia":[{"embeddable":true,"href":"https:\/\/www.moskito.cz\/it\/wp-json\/wp\/v2\/media\/323256"}],"wp:attachment":[{"href":"https:\/\/www.moskito.cz\/it\/wp-json\/wp\/v2\/media?parent=323301"}],"wp:term":[{"taxonomy":"pwb-brand","embeddable":true,"href":"https:\/\/www.moskito.cz\/it\/wp-json\/wp\/v2\/pwb-brand?post=323301"},{"taxonomy":"product_brand","embeddable":true,"href":"https:\/\/www.moskito.cz\/it\/wp-json\/wp\/v2\/product_brand?post=323301"},{"taxonomy":"product_cat","embeddable":true,"href":"https:\/\/www.moskito.cz\/it\/wp-json\/wp\/v2\/product_cat?post=323301"},{"taxonomy":"product_tag","embeddable":true,"href":"https:\/\/www.moskito.cz\/it\/wp-json\/wp\/v2\/product_tag?post=323301"}],"curies":[{"name":"wp","href":"https:\/\/api.w.org\/{rel}","templated":true}]}}