{"id":323387,"date":"2023-05-08T17:32:11","date_gmt":"2024-03-21T08:52:31","guid":{"rendered":"https:\/\/www.moskito.cz\/produkt\/set-di-coltelli-da-tiro-microtech-signature-series-combat-troodon-zombie-tech-219-10setzts\/"},"modified":"2025-05-07T11:07:37","modified_gmt":"2025-05-07T10:07:37","slug":"set-di-coltelli-da-tiro-microtech-signature-series-combat-troodon-zombie-tech-219-10setzts","status":"publish","type":"product","link":"https:\/\/www.moskito.cz\/it\/produkt\/set-di-coltelli-da-tiro-microtech-signature-series-combat-troodon-zombie-tech-219-10setzts\/","title":{"rendered":"Set di coltelli da tiro Microtech Signature Series Combat Troodon Zombie Tech 219-10SETZTS"},"content":{"rendered":"<p>Set di coltelli da tiro <strong>Microtech<\/strong> Signature Series Combat Troodon Zombie Tech 219-10SETZTS<\/p>\n<p><strong>Il Combat Troodon<\/strong> \u00e8 un coltello tattico di precisione. \u00c8 pi\u00f9 grande del 25% rispetto all&#8217;ammiraglia Troodon. Presenta una maniglia sottile, una forma sagomata, elementi di design radicali e un sofisticato meccanismo interno che migliora la funzionalit\u00e0 operativa e l&#8217;affidabilit\u00e0 su scala pi\u00f9 ampia. <strong>Combat Troodon<\/strong> \u00e8 progettato per un&#8217;ampia gamma di coltelli utilitari e da combattimento.<\/p>\n<p>Specifiche<br \/>\nAzione: fuoco e tiro automatici a doppia azione<br \/>\nLunghezza lama: 9,37 cm<br \/>\nAcciaio: M390<br \/>\nStili di lama: Hellhound Tanto e Warhound<br \/>\nTrattamento superficiale della lama: Stonewashed<br \/>\nManiglia: alluminio anodizzato con rivestimento duro Mil-Spec verde zombie 6061-T6<br \/>\nSpessore manico: cono formato Min 0,304&#8243; Max 435&#8243;<br \/>\nLunghezza aperto: 23 cm&#8221;<br \/>\nClip da tasca: 301 Temperato a molla, ambidestro<br \/>\nPeso: 4,7 once.<br \/>\nFabbricato negli Usa<\/p>\n<p><iframe title=\"Microtech Combat Troodon Torture Test\" width=\"800\" height=\"450\" src=\"https:\/\/www.youtube.com\/embed\/xE9TeOFYEjg?feature=oembed\" frameborder=\"0\" allow=\"accelerometer; autoplay; clipboard-write; encrypted-media; gyroscope; picture-in-picture; web-share\" allowfullscreen><\/iframe><\/p>\n","protected":false},"excerpt":{"rendered":"<p>Nel corso degli anni, Microtech\u00ae Knives ha riempito i coltelli con passione e competenza per creare quasi opere d&#8217;arte che sono l&#8217;apice della funzionalit\u00e0. Tutte le parti sono prodotte negli Stati Uniti.<br \/>\n<strong>Tutti i coltelli Microtech sono coperti da una garanzia a vita.<\/strong><\/p>\n<p><strong>Trasporto gratuito.<\/strong><\/p>\n","protected":false},"featured_media":323388,"comment_status":"open","ping_status":"closed","template":"","meta":[],"pwb-brand":[3753],"product_brand":[],"product_cat":[3745,3748],"product_tag":[3755],"class_list":{"0":"post-323387","1":"product","2":"type-product","3":"status-publish","4":"has-post-thumbnail","6":"pwb-brand-microtecnologia-it","7":"product_cat-coltelli","8":"product_cat-coltelli-da-tiro","9":"product_tag-b2b-it","11":"first","12":"instock","13":"taxable","14":"shipping-taxable","15":"purchasable","16":"product-type-simple"},"brands":[{"id":3753,"name":"Microtecnologia","slug":"microtecnologia-it"}],"_links":{"self":[{"href":"https:\/\/www.moskito.cz\/it\/wp-json\/wp\/v2\/product\/323387","targetHints":{"allow":["GET"]}}],"collection":[{"href":"https:\/\/www.moskito.cz\/it\/wp-json\/wp\/v2\/product"}],"about":[{"href":"https:\/\/www.moskito.cz\/it\/wp-json\/wp\/v2\/types\/product"}],"replies":[{"embeddable":true,"href":"https:\/\/www.moskito.cz\/it\/wp-json\/wp\/v2\/comments?post=323387"}],"wp:featuredmedia":[{"embeddable":true,"href":"https:\/\/www.moskito.cz\/it\/wp-json\/wp\/v2\/media\/323388"}],"wp:attachment":[{"href":"https:\/\/www.moskito.cz\/it\/wp-json\/wp\/v2\/media?parent=323387"}],"wp:term":[{"taxonomy":"pwb-brand","embeddable":true,"href":"https:\/\/www.moskito.cz\/it\/wp-json\/wp\/v2\/pwb-brand?post=323387"},{"taxonomy":"product_brand","embeddable":true,"href":"https:\/\/www.moskito.cz\/it\/wp-json\/wp\/v2\/product_brand?post=323387"},{"taxonomy":"product_cat","embeddable":true,"href":"https:\/\/www.moskito.cz\/it\/wp-json\/wp\/v2\/product_cat?post=323387"},{"taxonomy":"product_tag","embeddable":true,"href":"https:\/\/www.moskito.cz\/it\/wp-json\/wp\/v2\/product_tag?post=323387"}],"curies":[{"name":"wp","href":"https:\/\/api.w.org\/{rel}","templated":true}]}}