{"id":323593,"date":"2024-03-22T11:51:28","date_gmt":"2024-03-22T10:56:02","guid":{"rendered":"https:\/\/www.moskito.cz\/produkt\/coltello-fisso-spartan-lame-ares\/"},"modified":"2025-05-07T11:07:39","modified_gmt":"2025-05-07T10:07:39","slug":"coltello-fisso-spartan-lame-ares","status":"publish","type":"product","link":"https:\/\/www.moskito.cz\/it\/produkt\/coltello-fisso-spartan-lame-ares\/","title":{"rendered":"Coltello Fisso Spartan Lame Ares"},"content":{"rendered":"<p>Coltello Fisso <strong>Spartan Lame<\/strong> Ares.<\/p>\n<p>Nel cuore della mitologia greca, <strong>Ares<\/strong> , il figlio selvaggio di Zeus ed Era, era il dio della guerra feroce, della sete di sangue e dell&#8217;abilit\u00e0 combattiva. Da questa antica ispirazione, presentiamo con orgoglio il nostro coltello da combattimento Spartan Ares: una lama accuratamente forgiata attraverso anni di esperienza collettiva nella produzione di coltelli che mira a essere lo strumento di combattimento per eccellenza.<\/p>\n<p>Costruito per il guerriero moderno: lo <strong>Spartan Ares<\/strong> \u00e8 pi\u00f9 di un semplice coltello; \u00e8 un combattimento finemente realizzato e un utile compagno di livello militare. Realizzato in modo impeccabile, \u00e8 una testimonianza di precisione e perfezione, su misura per soddisfare gli standard rigorosi dei professionisti militari seri dell&#8217;era moderna.<\/p>\n<p>Progettato da esperti: l&#8217;Ares Combat Knife \u00e8 una sinfonia di artigianalit\u00e0 e praticit\u00e0 nata da un&#8217;attenta considerazione da parte di varie unit\u00e0 operative speciali statunitensi e agenzie governative. Ogni dettaglio \u00e8 appositamente progettato per soddisfare i severi requisiti delle unit\u00e0 militari d&#8217;\u00e9lite per garantire prestazioni senza pari.<\/p>\n<p>Qualit\u00e0 e durata senza rivali: l&#8217;apice dell&#8217;eccellenza, questo coltello da combattimento \u00e8 il risultato di un impegno incessante per la qualit\u00e0 e la funzionalit\u00e0. Progettato per durare nel tempo, lo Spartan Ares incarna l&#8217;alta qualit\u00e0 artigianale e garantisce anni di servizio incrollabile.<\/p>\n<p>Propriet\u00e0 chiave:<\/p>\n<p>Resistenza della lama: costruita per garantire resistenza con un design a punto di caduta fisso, allineando la punta della lama con la mano dell&#8217;utente.<br \/>\nEccellenza di livello militare: Ares \u00e8 costruito per soddisfare rigorosi standard militari ed eccelle sia nelle applicazioni di combattimento che di utilit\u00e0.<br \/>\nCollaborazione tra designer: progettata da Curtis Iovito e Mark Carey, questa collaborazione riunisce una vasta gamma di competenze per un coltello mirato.<\/p>\n<p>Ben bilanciato e leggero:<\/p>\n<p>Equilibrio: lo Spartan Ares \u00e8 attentamente bilanciato per garantire manovrabilit\u00e0 e controllo precisi in una variet\u00e0 di situazioni.<br \/>\nPeso: con un peso di soli 0,422 libbre, Ares \u00e8 leggero, rendendolo il compagno ideale per un uso prolungato senza compromettere resistenza e durata.<\/p>\n<p>Per il professionista esigente: che tu sia un membro delle forze armate o un individuo esigente alla ricerca di un coltello da combattimento personalizzato di alta qualit\u00e0, lo Spartan Ares \u00e8 l&#8217;epitome di artigianalit\u00e0 e funzionalit\u00e0. Scegli tra le sue prestazioni impareggiabili nelle situazioni pi\u00f9 impegnative.<\/p>\n<p>Lunghezza totale: 26,67 cm<br \/>\nLunghezza lama: 13,65 cm<br \/>\nSpessore lama: 0,47 cm<br \/>\nAcciaio lama: CPM S35VN @ 59-60 HRC<br \/>\nTrattamento superficiale della lama: trattamento superficiale FDE<br \/>\nStile lama: punto di caduta<br \/>\nStile bordo: semplice<br \/>\nMateriale manico: Micarta nera<br \/>\nPeso: 6,75 once (191,36 g)<br \/>\nTang: completo<br \/>\nRif. produttore #: SB1DEBKNLBK<br \/>\nPaese di origine: Stati Uniti<\/p>\n<p><iframe title=\"Spartan Blades Company Knife Company Story with Co-Founders Mark Carey and Curtis Iovito.\" width=\"800\" height=\"450\" src=\"https:\/\/www.youtube.com\/embed\/S-EVJgZR57Y?feature=oembed\" frameborder=\"0\" allow=\"accelerometer; autoplay; clipboard-write; encrypted-media; gyroscope; picture-in-picture; web-share\" allowfullscreen><\/iframe><\/p>\n<p>&nbsp;<\/p>\n<p>&nbsp;<\/p>\n<p>&nbsp;<\/p>\n","protected":false},"excerpt":{"rendered":"<p><strong>Nel cuore della mitologia greca, Ares, il figlio selvaggio di Zeus ed Era, era il dio della guerra feroce, della sete di sangue e dell&#8217;abilit\u00e0 marziale. Da questa antica ispirazione, presentiamo con orgoglio il nostro coltello da combattimento Spartan Ares: una lama accuratamente forgiata attraverso anni di esperienza collettiva nella produzione di coltelli che mira a essere lo strumento di combattimento per eccellenza.<\/strong><\/p>\n<p>Trasporto gratuito.<\/p>\n","protected":false},"featured_media":323559,"comment_status":"open","ping_status":"closed","template":"","meta":[],"pwb-brand":[3834],"product_brand":[],"product_cat":[3745,3746],"product_tag":[3755],"class_list":{"0":"post-323593","1":"product","2":"type-product","3":"status-publish","4":"has-post-thumbnail","6":"pwb-brand-lame-spartane","7":"product_cat-coltelli","8":"product_cat-coltelli-solidi","9":"product_tag-b2b-it","11":"first","12":"instock","13":"taxable","14":"shipping-taxable","15":"purchasable","16":"product-type-simple"},"brands":[{"id":3834,"name":"Lame spartane","slug":"lame-spartane"}],"_links":{"self":[{"href":"https:\/\/www.moskito.cz\/it\/wp-json\/wp\/v2\/product\/323593","targetHints":{"allow":["GET"]}}],"collection":[{"href":"https:\/\/www.moskito.cz\/it\/wp-json\/wp\/v2\/product"}],"about":[{"href":"https:\/\/www.moskito.cz\/it\/wp-json\/wp\/v2\/types\/product"}],"replies":[{"embeddable":true,"href":"https:\/\/www.moskito.cz\/it\/wp-json\/wp\/v2\/comments?post=323593"}],"wp:featuredmedia":[{"embeddable":true,"href":"https:\/\/www.moskito.cz\/it\/wp-json\/wp\/v2\/media\/323559"}],"wp:attachment":[{"href":"https:\/\/www.moskito.cz\/it\/wp-json\/wp\/v2\/media?parent=323593"}],"wp:term":[{"taxonomy":"pwb-brand","embeddable":true,"href":"https:\/\/www.moskito.cz\/it\/wp-json\/wp\/v2\/pwb-brand?post=323593"},{"taxonomy":"product_brand","embeddable":true,"href":"https:\/\/www.moskito.cz\/it\/wp-json\/wp\/v2\/product_brand?post=323593"},{"taxonomy":"product_cat","embeddable":true,"href":"https:\/\/www.moskito.cz\/it\/wp-json\/wp\/v2\/product_cat?post=323593"},{"taxonomy":"product_tag","embeddable":true,"href":"https:\/\/www.moskito.cz\/it\/wp-json\/wp\/v2\/product_tag?post=323593"}],"curies":[{"name":"wp","href":"https:\/\/api.w.org\/{rel}","templated":true}]}}