{"id":323636,"date":"2023-10-31T15:24:28","date_gmt":"2024-03-22T14:42:59","guid":{"rendered":"https:\/\/www.moskito.cz\/produkt\/coltello-chiudibile-extrema-ratio-rao-c-nero\/"},"modified":"2025-05-07T11:07:41","modified_gmt":"2025-05-07T10:07:41","slug":"coltello-chiudibile-extrema-ratio-rao-c-nero","status":"publish","type":"product","link":"https:\/\/www.moskito.cz\/it\/produkt\/coltello-chiudibile-extrema-ratio-rao-c-nero\/","title":{"rendered":"Coltello Chiudibile Extrema Ratio RAO C NERO"},"content":{"rendered":"<p>Coltello Chiudibile <strong>Extrema Ratio<\/strong> RAO C NERO<\/p>\n<p>L&#8217;Extrema Ratio RAO C \u00e8 un coltello chiudibile compatto che deriva dall&#8217;iconico RAO II.<\/p>\n<p>Grazie alla sua struttura, il RAO \u200b\u200bC \u00e8 uno strumento che, nonostante le dimensioni ridotte, pu\u00f2 garantire le stesse doti di robustezza e affidabilit\u00e0 del fratello maggiore, offrendo allo stesso tempo migliore portabilit\u00e0 e controllo.<\/p>\n<p>La maniglia \u00e8 composta da 2 maniglie in alluminio anodizzato finemente lavorate a cui Extrema Ratio applica un trattamento di ossidazione dura che rende le maniglie pi\u00f9 resistenti all&#8217;usura e alla corrosione.<\/p>\n<p>Due telai in acciaio contribuiscono ad aumentare la robustezza della maniglia per gestire anche gli usi pi\u00f9 impegnativi.<\/p>\n<p>Il meccanismo di blocco dell&#8217;apertura \u00e8 particolarmente resistente poich\u00e9 supportato da un sistema di sicurezza che lo trasforma in una vera e propria lama fissa.<\/p>\n<p>La sicurezza primaria sulla lama si attiva alzando e abbassando il perno di sicurezza.<\/p>\n<p>Per garantire all&#8217;utilizzatore la massima sicurezza durante l&#8217;utilizzo \u00e8 stato utilizzato un pratico e veloce dispositivo di sicurezza secondario, attivabile semplicemente spostando orizzontalmente la spilla da balia.<\/p>\n<p>La clip a doppia faccia \u00e8 progettata per consentire il trasporto nascosto in tasca, rendendo il coltello invisibile dall&#8217;esterno.<\/p>\n<p>La lama \u00e8 realizzata in acciaio B\u00f6hler N690 temprato a 58 HRC con una classica finitura nera Extrema Ratio MIL-C-13924.<\/p>\n<p>Per alleggerire i telai in acciaio, \u00e8 stata tagliata al laser una forma dal profilo RAO C, che \u00e8 stata poi utilizzata per creare il gadget fornito con il coltello.<\/p>\n<p>Il Rao C \u00e8 disponibile in nero e grigio tattico.<\/p>\n<p>&nbsp;<\/p>\n<p>LUNGHEZZA LAMA (MM): 100<br \/>\nLUNGHEZZA LAMA (POLLICI): 3,93<br \/>\nLUNGHEZZA TOTALE (MM): 225<br \/>\nLUNGHEZZA TOTALE (H): 8,85<br \/>\nSPESSORE LAMA (MM): 4<br \/>\nSPESSORE LAMA (IN): 0,15<br \/>\nMATERIALE LAMA: ACCIAIO B\u00f6HLER N690 (58HRC)<br \/>\nFINITURA COLTELLO: POSA MIL-C-13924<br \/>\nAFFILATURA DEL COLTELLO: BORDO PIATTO<br \/>\nMATERIALE MANIGLIA: ALLUMINIO ANODIZZATO ANTICORRODALE<\/p>\n<p>&nbsp;<\/p>\n<p>&nbsp;<\/p>\n","protected":false},"excerpt":{"rendered":"<p><strong>L&#8217;Extrema Ratio RAO C \u00e8 un coltello chiudibile compatto che deriva dall&#8217;iconico RAO II.<\/strong><\/p>\n","protected":false},"featured_media":323637,"comment_status":"open","ping_status":"closed","template":"","meta":[],"pwb-brand":[3768],"product_brand":[],"product_cat":[3749,3745],"product_tag":[3755],"class_list":{"0":"post-323636","1":"product","2":"type-product","3":"status-publish","4":"has-post-thumbnail","6":"pwb-brand-rapporto-estremo","7":"product_cat-coltelli-di-chiusura","8":"product_cat-coltelli","9":"product_tag-b2b-it","11":"first","12":"instock","13":"taxable","14":"shipping-taxable","15":"purchasable","16":"product-type-simple"},"brands":[{"id":3768,"name":"Rapporto estremo","slug":"rapporto-estremo"}],"_links":{"self":[{"href":"https:\/\/www.moskito.cz\/it\/wp-json\/wp\/v2\/product\/323636","targetHints":{"allow":["GET"]}}],"collection":[{"href":"https:\/\/www.moskito.cz\/it\/wp-json\/wp\/v2\/product"}],"about":[{"href":"https:\/\/www.moskito.cz\/it\/wp-json\/wp\/v2\/types\/product"}],"replies":[{"embeddable":true,"href":"https:\/\/www.moskito.cz\/it\/wp-json\/wp\/v2\/comments?post=323636"}],"wp:featuredmedia":[{"embeddable":true,"href":"https:\/\/www.moskito.cz\/it\/wp-json\/wp\/v2\/media\/323637"}],"wp:attachment":[{"href":"https:\/\/www.moskito.cz\/it\/wp-json\/wp\/v2\/media?parent=323636"}],"wp:term":[{"taxonomy":"pwb-brand","embeddable":true,"href":"https:\/\/www.moskito.cz\/it\/wp-json\/wp\/v2\/pwb-brand?post=323636"},{"taxonomy":"product_brand","embeddable":true,"href":"https:\/\/www.moskito.cz\/it\/wp-json\/wp\/v2\/product_brand?post=323636"},{"taxonomy":"product_cat","embeddable":true,"href":"https:\/\/www.moskito.cz\/it\/wp-json\/wp\/v2\/product_cat?post=323636"},{"taxonomy":"product_tag","embeddable":true,"href":"https:\/\/www.moskito.cz\/it\/wp-json\/wp\/v2\/product_tag?post=323636"}],"curies":[{"name":"wp","href":"https:\/\/api.w.org\/{rel}","templated":true}]}}