{"id":323721,"date":"2022-11-07T21:56:00","date_gmt":"2022-11-07T20:56:00","guid":{"rendered":"https:\/\/www.moskito.cz\/produkt\/coltello-chiudibile-cold-steel-finn-wolf-dal-verde\/"},"modified":"2025-05-07T11:07:43","modified_gmt":"2025-05-07T10:07:43","slug":"coltello-chiudibile-cold-steel-finn-wolf-dal-verde","status":"publish","type":"product","link":"https:\/\/www.moskito.cz\/it\/produkt\/coltello-chiudibile-cold-steel-finn-wolf-dal-verde\/","title":{"rendered":"Coltello Chiudibile Cold Steel FINN WOLF DAL VERDE"},"content":{"rendered":"<p>Coltello Chiudibile <strong>Cold Steel<\/strong> FINN WOLF DAL VERDE.<\/p>\n<p>Creato in collaborazione tra il produttore di coltelli personalizzati Andrew Demke e il presidente di Cold Steel Lynn C. Thompson, il Cold Steel Finn Wolf \u00e8 un coltello pieghevole da campeggio e multiuso che trae ispirazione dal classico Pukko finlandese. Dotato del nostro lucchetto Tri-Ad per sicurezza e protezione superiori, il Finn Wolf \u00e8 un raccoglitore su cui puoi fare affidamento anche nelle condizioni pi\u00f9 intransigenti. La sua lama giapponese AUS 8A satinata \u00e8 pronta per lunghe ore e duro lavoro, e il suo bordo affilato e senza affilatura la rende facile da riaffilare sul campo. Con cos\u00ec tanta potenza in questo pacchetto comodo, robusto, pratico e conveniente, semplicemente non ci sono scuse per non aggiungere il Finn Wolf alla tua collezione oggi!<\/p>\n<p>PARAMETRI DEL PRODOTTO<br \/>\nColore: verde\/argento<br \/>\nTipo di blocco: Tri-Ad Lock<br \/>\nPeso: 96,38 grammi<br \/>\nSpessore lama: 3 mm<br \/>\nLunghezza impugnatura: 111 mm<br \/>\nMateriale della fondina: tasca ambidestra\/clip da cintura<br \/>\nDimensioni complessive: 205 mm<br \/>\nLunghezza lama: 89 mm<br \/>\nMateriale manico: Griv-Ex\u2122 lungo OD Green<br \/>\nAcciaio: acciaio inossidabile giapponese AUS 8A<\/p>\n<p>&nbsp;<\/p>\n","protected":false},"excerpt":{"rendered":"<p>Il coltello pieghevole Finn Wolf di Cold Steel \u00e8 un coltello da trasporto quotidiano (EDC) progettato per cacciatori, pescatori e attivit\u00e0 all&#8217;aria aperta in generale.<\/p>\n","protected":false},"featured_media":323726,"comment_status":"open","ping_status":"closed","template":"","meta":[],"pwb-brand":[3791],"product_brand":[],"product_cat":[3749,3745],"product_tag":[3755],"class_list":{"0":"post-323721","1":"product","2":"type-product","3":"status-publish","4":"has-post-thumbnail","6":"pwb-brand-acciaio-freddo","7":"product_cat-coltelli-di-chiusura","8":"product_cat-coltelli","9":"product_tag-b2b-it","11":"first","12":"instock","13":"taxable","14":"shipping-taxable","15":"purchasable","16":"product-type-simple"},"brands":[{"id":3791,"name":"Acciaio freddo","slug":"acciaio-freddo"}],"_links":{"self":[{"href":"https:\/\/www.moskito.cz\/it\/wp-json\/wp\/v2\/product\/323721","targetHints":{"allow":["GET"]}}],"collection":[{"href":"https:\/\/www.moskito.cz\/it\/wp-json\/wp\/v2\/product"}],"about":[{"href":"https:\/\/www.moskito.cz\/it\/wp-json\/wp\/v2\/types\/product"}],"replies":[{"embeddable":true,"href":"https:\/\/www.moskito.cz\/it\/wp-json\/wp\/v2\/comments?post=323721"}],"wp:featuredmedia":[{"embeddable":true,"href":"https:\/\/www.moskito.cz\/it\/wp-json\/wp\/v2\/media\/323726"}],"wp:attachment":[{"href":"https:\/\/www.moskito.cz\/it\/wp-json\/wp\/v2\/media?parent=323721"}],"wp:term":[{"taxonomy":"pwb-brand","embeddable":true,"href":"https:\/\/www.moskito.cz\/it\/wp-json\/wp\/v2\/pwb-brand?post=323721"},{"taxonomy":"product_brand","embeddable":true,"href":"https:\/\/www.moskito.cz\/it\/wp-json\/wp\/v2\/product_brand?post=323721"},{"taxonomy":"product_cat","embeddable":true,"href":"https:\/\/www.moskito.cz\/it\/wp-json\/wp\/v2\/product_cat?post=323721"},{"taxonomy":"product_tag","embeddable":true,"href":"https:\/\/www.moskito.cz\/it\/wp-json\/wp\/v2\/product_tag?post=323721"}],"curies":[{"name":"wp","href":"https:\/\/api.w.org\/{rel}","templated":true}]}}