{"id":323737,"date":"2023-03-25T14:30:44","date_gmt":"2024-03-25T14:11:39","guid":{"rendered":"https:\/\/www.moskito.cz\/produkt\/coltello-pieghevole-spartan-firmato-lynn-thompson-cold-steel\/"},"modified":"2025-05-07T11:07:44","modified_gmt":"2025-05-07T10:07:44","slug":"coltello-pieghevole-spartan-firmato-lynn-thompson-cold-steel","status":"publish","type":"product","link":"https:\/\/www.moskito.cz\/it\/produkt\/coltello-pieghevole-spartan-firmato-lynn-thompson-cold-steel\/","title":{"rendered":"Coltello pieghevole SPARTAN FIRMATO LYNN THOMPSON Cold Steel"},"content":{"rendered":"<p>Coltello pieghevole SPARTAN FIRMATO LYNN THOMPSON <strong>Cold Steel<\/strong><\/p>\n<p><strong>Cold Steel<\/strong> Lynn Thompson Signature Spartan con firma sul davanti della lama e numero di serie di autenticit\u00e0. La lama seghettata super affilata Spartans \u00e8 realizzata in acciaio S35VN ed \u00e8 stata progettata per riflettere l&#8217;estetica e le prestazioni di taglio del famoso Kukri, con lama curva, ventre largo e punta affilata. La lama di questo coltello Cold Steel ha una placca per pollice brevettata &#8220;Demko&#8221; sia per l&#8217;apertura con una sola mano che per quella estraibile. L&#8217;impugnatura scanalata OD Green G-10 presenta una caratteristica curva a spirale e della testa per una presa sicura, inserti in acciaio per resistenza, un blocco Tri-Ad e un foro per cordino. \u00c8 fortemente sagomato per il massimo comfort e presenta zigrinatura irregolare e una finitura fortemente strutturata per una presa eccezionalmente efficace.<\/p>\n<p>Descrizione:<br \/>\nMateriale lama: CPM-S35VN<br \/>\nMateriale manico: G-10<br \/>\nSicurezza: blocco Tri-Ad<br \/>\nLunghezza lama: 11,4 cm<br \/>\nLunghezza totale: 26,7 centimetri<br \/>\nLunghezza del coltello piegato: 15,2 cm<br \/>\nSpessore lama: 4 mm<br \/>\nPeso: 256 g<br \/>\nTipo di lama: Kukri<\/p>\n<p><iframe title=\"Cold Steel Lynn Thompson Signature Series Spartan Knife 1 Available at Cold Steel Dealers Nationwide\" width=\"800\" height=\"450\" src=\"https:\/\/www.youtube.com\/embed\/P5zbdjBcmpI?feature=oembed\" frameborder=\"0\" allow=\"accelerometer; autoplay; clipboard-write; encrypted-media; gyroscope; picture-in-picture; web-share\" allowfullscreen><\/iframe><\/p>\n<p>&nbsp;<\/p>\n<p>&nbsp;<\/p>\n","protected":false},"excerpt":{"rendered":"<p><strong>LYNN THOMPSON SIGNATURE SPARTAN, coltello chiudibile con lama seghettata. Questa volta in serie limitata e numerata, firmata dal fondatore di Cold Steel.<\/strong><\/p>\n","protected":false},"featured_media":323738,"comment_status":"open","ping_status":"closed","template":"","meta":[],"pwb-brand":[3791],"product_brand":[],"product_cat":[3745,3749],"product_tag":[3755],"class_list":{"0":"post-323737","1":"product","2":"type-product","3":"status-publish","4":"has-post-thumbnail","6":"pwb-brand-acciaio-freddo","7":"product_cat-coltelli","8":"product_cat-coltelli-di-chiusura","9":"product_tag-b2b-it","11":"first","12":"instock","13":"taxable","14":"shipping-taxable","15":"purchasable","16":"product-type-simple"},"brands":[{"id":3791,"name":"Acciaio freddo","slug":"acciaio-freddo"}],"_links":{"self":[{"href":"https:\/\/www.moskito.cz\/it\/wp-json\/wp\/v2\/product\/323737","targetHints":{"allow":["GET"]}}],"collection":[{"href":"https:\/\/www.moskito.cz\/it\/wp-json\/wp\/v2\/product"}],"about":[{"href":"https:\/\/www.moskito.cz\/it\/wp-json\/wp\/v2\/types\/product"}],"replies":[{"embeddable":true,"href":"https:\/\/www.moskito.cz\/it\/wp-json\/wp\/v2\/comments?post=323737"}],"wp:featuredmedia":[{"embeddable":true,"href":"https:\/\/www.moskito.cz\/it\/wp-json\/wp\/v2\/media\/323738"}],"wp:attachment":[{"href":"https:\/\/www.moskito.cz\/it\/wp-json\/wp\/v2\/media?parent=323737"}],"wp:term":[{"taxonomy":"pwb-brand","embeddable":true,"href":"https:\/\/www.moskito.cz\/it\/wp-json\/wp\/v2\/pwb-brand?post=323737"},{"taxonomy":"product_brand","embeddable":true,"href":"https:\/\/www.moskito.cz\/it\/wp-json\/wp\/v2\/product_brand?post=323737"},{"taxonomy":"product_cat","embeddable":true,"href":"https:\/\/www.moskito.cz\/it\/wp-json\/wp\/v2\/product_cat?post=323737"},{"taxonomy":"product_tag","embeddable":true,"href":"https:\/\/www.moskito.cz\/it\/wp-json\/wp\/v2\/product_tag?post=323737"}],"curies":[{"name":"wp","href":"https:\/\/api.w.org\/{rel}","templated":true}]}}