{"id":323809,"date":"2024-03-25T17:00:42","date_gmt":"2024-03-25T16:01:26","guid":{"rendered":"https:\/\/www.moskito.cz\/produkt\/coltello-fisso-spartan-lame-phrike-sb17bkgrkybk\/"},"modified":"2025-08-09T00:52:57","modified_gmt":"2025-08-08T23:52:57","slug":"coltello-fisso-spartan-lame-phrike-sb17bkgrkybk","status":"publish","type":"product","link":"https:\/\/www.moskito.cz\/it\/produkt\/coltello-fisso-spartan-lame-phrike-sb17bkgrkybk\/","title":{"rendered":"Coltello Fisso Spartan Lame Phrike SB17BKGRKYBK"},"content":{"rendered":"<p>Coltello Fisso <strong>Spartan Lame<\/strong> Phrike SB17BKGRKYBK.<\/p>\n<p><strong>Il coltello multiuso\/autodifesa Spartan Phrike<\/strong> trae ispirazione dall&#8217;antica mitologia greca, dove Phrike \u00e8 una dea associata al terrore e alla paura. Nella lingua greca, &#8220;phrike&#8221; \u00e8 tradotto come &#8220;tremare&#8221; o &#8220;tremare&#8221;. Nonostante le sue dimensioni compatte, il coltello da autodifesa personalizzato Spartan Phrike \u00e8 uno strumento impressionante e finemente realizzato, progettato sia per l&#8217;autodifesa che per l&#8217;uso di utilit\u00e0.<\/p>\n<p><strong>Il Phrike<\/strong> ha una lama piccola e leggera, che misura 4,25 pollici, appositamente progettata per una facile trasportabilit\u00e0 e applicazioni versatili come l&#8217;autodifesa e il bushcraft. Il manico minimamente incassato del coltello contribuisce al suo comfort, al profilo sottile e all&#8217;elevata portabilit\u00e0.<\/p>\n<p>Come eccellente coltello multiuso, il Phrike \u00e8 adatto per le attivit\u00e0 quotidiane e si dimostra efficace in una variet\u00e0 di situazioni. Le sue capacit\u00e0 outdoor lo rendono un compagno affidabile per la caccia e lo zaino in spalla. Oltre alla sua utilit\u00e0, <strong>il Phrike<\/strong> eccelle come coltello da autodifesa fatto a mano, ideale per emergenze e circostanze impreviste.<\/p>\n<p>Il coltello viene fornito con un fodero in Kydex dotato di passante IWB (Inside the Belt), disponibile in nero o coyote.<\/p>\n<p>Le specifiche del coltello multiuso\/autodifesa Spartan Phrike sono le seguenti:<\/p>\n<p>Nome del coltello: Phrike<br \/>\nProgettista\/i: Iovito\/Carey<br \/>\nLunghezza lama: 10,62 cm<br \/>\nLunghezza totale: 21,25 centimetri<br \/>\nAcciaio lama: S45VN<br \/>\nDurezza della lama: 59-61 HRC<br \/>\nStile lama: punto di caduta solido e curvo<br \/>\nRivestimento: SpartaCoat \u2013 PVD \u2013 Tungsten DLC (Flat Black) o ZrN (Flat Dark Earth)<br \/>\nMateriale manico: G10 (nero, verde e coyote marrone chiaro)<br \/>\nFodero: Kydex con passante LIM (nero o coyote)<br \/>\nPeso: 0,244 libbre<\/p>\n<p><iframe title=\"Spartan Blades Company Knife Company Story with Co-Founders Mark Carey and Curtis Iovito.\" width=\"800\" height=\"450\" src=\"https:\/\/www.youtube.com\/embed\/S-EVJgZR57Y?feature=oembed\" frameborder=\"0\" allow=\"accelerometer; autoplay; clipboard-write; encrypted-media; gyroscope; picture-in-picture; web-share\" allowfullscreen><\/iframe><\/p>\n<p>&nbsp;<\/p>\n","protected":false},"excerpt":{"rendered":"<p><strong>Il coltello multiuso\/autodifesa Spartan Phrike trae ispirazione dall&#8217;antica mitologia greca, dove Phrike \u00e8 una dea associata al terrore e alla paura. Nella lingua greca, &#8220;phrike&#8221; \u00e8 tradotto come &#8220;tremare&#8221; o &#8220;tremare&#8221;. Nonostante le sue dimensioni compatte, il coltello da autodifesa personalizzato Spartan Phrike \u00e8 uno strumento impressionante e finemente realizzato, progettato sia per l&#8217;autodifesa che per l&#8217;uso di utilit\u00e0.<\/strong><\/p>\n<p><strong>Trasporto gratuito.<\/strong><\/p>\n","protected":false},"featured_media":323771,"comment_status":"open","ping_status":"closed","template":"","meta":[],"pwb-brand":[3834],"product_brand":[],"product_cat":[3745,3746],"product_tag":[3755],"class_list":{"0":"post-323809","1":"product","2":"type-product","3":"status-publish","4":"has-post-thumbnail","6":"pwb-brand-lame-spartane","7":"product_cat-coltelli","8":"product_cat-coltelli-solidi","9":"product_tag-b2b-it","11":"first","12":"instock","13":"taxable","14":"shipping-taxable","15":"purchasable","16":"product-type-simple"},"brands":[{"id":3834,"name":"Lame spartane","slug":"lame-spartane"}],"_links":{"self":[{"href":"https:\/\/www.moskito.cz\/it\/wp-json\/wp\/v2\/product\/323809","targetHints":{"allow":["GET"]}}],"collection":[{"href":"https:\/\/www.moskito.cz\/it\/wp-json\/wp\/v2\/product"}],"about":[{"href":"https:\/\/www.moskito.cz\/it\/wp-json\/wp\/v2\/types\/product"}],"replies":[{"embeddable":true,"href":"https:\/\/www.moskito.cz\/it\/wp-json\/wp\/v2\/comments?post=323809"}],"wp:featuredmedia":[{"embeddable":true,"href":"https:\/\/www.moskito.cz\/it\/wp-json\/wp\/v2\/media\/323771"}],"wp:attachment":[{"href":"https:\/\/www.moskito.cz\/it\/wp-json\/wp\/v2\/media?parent=323809"}],"wp:term":[{"taxonomy":"pwb-brand","embeddable":true,"href":"https:\/\/www.moskito.cz\/it\/wp-json\/wp\/v2\/pwb-brand?post=323809"},{"taxonomy":"product_brand","embeddable":true,"href":"https:\/\/www.moskito.cz\/it\/wp-json\/wp\/v2\/product_brand?post=323809"},{"taxonomy":"product_cat","embeddable":true,"href":"https:\/\/www.moskito.cz\/it\/wp-json\/wp\/v2\/product_cat?post=323809"},{"taxonomy":"product_tag","embeddable":true,"href":"https:\/\/www.moskito.cz\/it\/wp-json\/wp\/v2\/product_tag?post=323809"}],"curies":[{"name":"wp","href":"https:\/\/api.w.org\/{rel}","templated":true}]}}