{"id":323908,"date":"2023-10-26T19:40:56","date_gmt":"2024-03-26T09:44:56","guid":{"rendered":"https:\/\/www.moskito.cz\/produkt\/kershaw-pagamento-2075-coltello-di-chiusura\/"},"modified":"2025-05-07T11:07:48","modified_gmt":"2025-05-07T10:07:48","slug":"kershaw-pagamento-2075-coltello-di-chiusura","status":"publish","type":"product","link":"https:\/\/www.moskito.cz\/it\/produkt\/kershaw-pagamento-2075-coltello-di-chiusura\/","title":{"rendered":"Kershaw PAGAMENTO 2075 Coltello di chiusura"},"content":{"rendered":"<p><strong>Kershaw<\/strong> PAGAMENTO 2075 Coltello di chiusura<\/p>\n<p><strong>Il pagamento<\/strong> \u00e8 un coltello pi\u00f9 grande che attirer\u00e0 sicuramente sguardi ammirati. La grande lama in acciaio D2 da 3,5 pollici presenta una tacca superiore unica che conferisce al pagamento un aspetto dinamico e allevia parte del peso della lama pi\u00f9 grande. La parte anteriore della maniglia in acciaio lavorato e G10 nero \u00e8 completata da un perno decorativo e da un perno in alluminio anodizzato rame. Il retro della maniglia riprende l&#8217;anello girevole con proprio fermo antiincrocio, anch&#8217;esso anodizzato in rame. Il tocco finale in rame \u00e8 un supporto che funge da foro per il cordino.<\/p>\n<p>Coltello tascabile di alta qualit\u00e0 dall&#8217;aspetto unico, ad alte prestazioni<br \/>\nL&#8217;acciaio per utensili D2 ad alto tenore di carbonio \u00e8 altamente resistente all&#8217;usura, tenace e offre un&#8217;eccellente ritenzione del tagliente<br \/>\nUn anello girevole in alluminio anodizzato rame, un foro per cordino\/distanziatore e un dispositivo anti-corsa forniscono tocchi personalizzati<br \/>\nL&#8217;impugnatura in acciaio e G10 \u00e8 profondamente sagomata per curvarsi comodamente nel palmo<br \/>\nLa grande lama si apre rapidamente con l&#8217;apertura assistita di Kershaw<br \/>\nLa clip da tasca avvolgente offre una comoda vestibilit\u00e0 profonda.<\/p>\n<p>Utilizzare tutti i giorni, all&#8217;aperto, al lavoro<br \/>\nTipo Assistito, Cartella<br \/>\nColtello tascabile alla moda<br \/>\nDesigner Kershaw Originali<br \/>\nPunto di caduta in stile lama<br \/>\nBordo della lama liscio<br \/>\nAzione di apertura assistita<br \/>\nSi apre con Flipper<br \/>\nTipo di blocco Blocco da telaio<br \/>\nClip da tasca Trasporto extra profondo in una posizione (destra, pieghevole)<br \/>\nManiglia colore argento e nero<br \/>\nHardware Dado girevole in acciaio brunito, manicotto girevole in alluminio anodizzato bronzo, clip da tasca in acciaio brunito, distanziali per tubi in alluminio anodizzato bronzo, viti in acciaio brunito<br \/>\nPaese d&#8217;origine USA: progettazione, prototipo, controllo qualit\u00e0.<br \/>\nGaranzia Garanzia a vita limitata<\/p>\n<p>SPECIFICHE:<br \/>\nLunghezza lama: 8,9 cm<br \/>\nMateriale lama D2<br \/>\nFinitura lama\/fodero Finitura Stonewash<br \/>\nSpessore lama 0,284 cm<br \/>\nLunghezza da chiuso: 12,6 cm<br \/>\nManiglia materiale G10 nella parte anteriore, acciaio inossidabile nella parte posteriore<br \/>\nFinitura Maniglia\/Rivestimento Schienale con finitura Stonewash<br \/>\nSpessore manico: 10 cm<br \/>\nLunghezza totale: 21,3 cm<br \/>\nPeso: 150,3 g<\/p>\n","protected":false},"excerpt":{"rendered":"<p><strong>Coltello tascabile di alta qualit\u00e0 dall&#8217;aspetto unico, ad alte prestazioni.<\/strong><\/p>\n","protected":false},"featured_media":323910,"comment_status":"open","ping_status":"closed","template":"","meta":[],"pwb-brand":[3776],"product_brand":[],"product_cat":[3749,3745],"product_tag":[],"class_list":{"0":"post-323908","1":"product","2":"type-product","3":"status-publish","4":"has-post-thumbnail","6":"pwb-brand-kershaw-it","7":"product_cat-coltelli-di-chiusura","8":"product_cat-coltelli","10":"first","11":"outofstock","12":"taxable","13":"shipping-taxable","14":"purchasable","15":"product-type-simple"},"brands":[{"id":3776,"name":"Kershaw","slug":"kershaw-it"}],"_links":{"self":[{"href":"https:\/\/www.moskito.cz\/it\/wp-json\/wp\/v2\/product\/323908","targetHints":{"allow":["GET"]}}],"collection":[{"href":"https:\/\/www.moskito.cz\/it\/wp-json\/wp\/v2\/product"}],"about":[{"href":"https:\/\/www.moskito.cz\/it\/wp-json\/wp\/v2\/types\/product"}],"replies":[{"embeddable":true,"href":"https:\/\/www.moskito.cz\/it\/wp-json\/wp\/v2\/comments?post=323908"}],"wp:featuredmedia":[{"embeddable":true,"href":"https:\/\/www.moskito.cz\/it\/wp-json\/wp\/v2\/media\/323910"}],"wp:attachment":[{"href":"https:\/\/www.moskito.cz\/it\/wp-json\/wp\/v2\/media?parent=323908"}],"wp:term":[{"taxonomy":"pwb-brand","embeddable":true,"href":"https:\/\/www.moskito.cz\/it\/wp-json\/wp\/v2\/pwb-brand?post=323908"},{"taxonomy":"product_brand","embeddable":true,"href":"https:\/\/www.moskito.cz\/it\/wp-json\/wp\/v2\/product_brand?post=323908"},{"taxonomy":"product_cat","embeddable":true,"href":"https:\/\/www.moskito.cz\/it\/wp-json\/wp\/v2\/product_cat?post=323908"},{"taxonomy":"product_tag","embeddable":true,"href":"https:\/\/www.moskito.cz\/it\/wp-json\/wp\/v2\/product_tag?post=323908"}],"curies":[{"name":"wp","href":"https:\/\/api.w.org\/{rel}","templated":true}]}}