{"id":323975,"date":"2024-03-26T18:06:37","date_gmt":"2024-03-26T17:07:28","guid":{"rendered":"https:\/\/www.moskito.cz\/produkt\/coltello-da-tiro-pro-tech-les-george-sbr-stonewashed-lg401-blue\/"},"modified":"2025-05-07T11:07:49","modified_gmt":"2025-05-07T10:07:49","slug":"coltello-da-tiro-pro-tech-les-george-sbr-stonewashed-lg401-blue","status":"publish","type":"product","link":"https:\/\/www.moskito.cz\/it\/produkt\/coltello-da-tiro-pro-tech-les-george-sbr-stonewashed-lg401-blue\/","title":{"rendered":"Coltello da tiro Pro-Tech Les George SBR Stonewashed LG401-BLUE"},"content":{"rendered":"<p>Coltello da tiro <strong>Pro-Tech<\/strong> Les George SBR Stonewashed LG401-BLUE<\/p>\n<p>Ogni coltello <strong>Pro-Tech<\/strong> \u00e8 una miscela dei migliori materiali disponibili e un impegno per l&#8217;artigianato. I coltelli <strong>Pro-Tech<\/strong> sono realizzati utilizzando processi di produzione all&#8217;avanguardia che includono; Lavorazione CNC, elettroerosione a filo, taglio laser, ecc. I componenti high-tech vengono assemblati e assemblati a mano da artigiani dedicati e meticolosi presso la loro struttura di Artesia, in California. Producono piccoli lotti dei loro coltelli in modo da potersi prendere il tempo per adattare e rifinire individualmente ogni coltello a mano a un livello raramente visto nei coltelli di fabbrica. I loro modelli di coltelli di produzione offrono il miglior design, funzionalit\u00e0 e valore di qualsiasi coltello oggi sul mercato. I loro coltelli automatici personalizzati sono opere d&#8217;arte uniche. Ciascuno dei coltelli personalizzati in edizione limitata esemplifica la qualit\u00e0 del cimelio. Non importa quale dei loro coltelli sceglierai, siamo sicuri che sarai molto soddisfatto del tuo acquisto.<\/p>\n<p>Pro-Tech Knives \u00e8 orgoglioso di essere la prima scelta delle forze dell&#8217;ordine e dei professionisti militari in tutto il mondo. I coltelli Pro-Tech sono costruiti per durare e durare. La Short Bladed Rockeye, o SBR in breve, \u00e8 una versione compatta dell&#8217;eccellente Rockeye Auto a grandezza naturale. Entrambi i coltelli sono stati progettati dal designer di coltelli del Corpo dei Marines Les George, i cui coltelli ergonomici per carichi pesanti sono stati fedelmente tradotti in versioni automatiche da Pro-Tech. L&#8217;SBR presenta un design compatto con una lama da 2,5&#8243; progettata per una variet\u00e0 di attivit\u00e0 di taglio. Il dorso fresato a tasca aggiunge ulteriore presa e profondit\u00e0 al design. Il coltello si apre con autorit\u00e0 grazie al meccanismo automatico a molla elicoidale Pro-Tech. Non lasciarti ingannare dalle sue dimensioni, l&#8217;SBR \u00e8 una potenza incredibile. Questo modello presenta impugnature anodizzate blu, hardware sabbiato, una clip da tasca profonda e una lama con finitura in pietra.<\/p>\n<p>Specifiche:<br \/>\nLunghezza lama: 6,25 cm<br \/>\nLunghezza da chiuso: 10 cm<br \/>\nLunghezza totale: 17 cm<br \/>\nMateriale lama: acciaio inossidabile CPM-S35VN<br \/>\nDurezza della lama: 59HRC<br \/>\nStile lama: punto di caduta<br \/>\nAffilatura della lama: piatta<br \/>\nTrattamento superficiale della lama: Stonewash<br \/>\nMateriale impugnatura: alluminio T6-6061, blu<br \/>\nMeccanismo di chiusura: pulsante<br \/>\nClip da tasca: acciaio inossidabile con trasporto profondo (ribaltabile, trasporto a destra)<br \/>\nPeso: 2,9 once.<br \/>\nProgettista: Les George<br \/>\nFabbricato negli Usa<\/p>\n<p><iframe title=\"Meet Pro-Tech Knives\" width=\"800\" height=\"450\" src=\"https:\/\/www.youtube.com\/embed\/0TueVbHVDY4?feature=oembed\" frameborder=\"0\" allow=\"accelerometer; autoplay; clipboard-write; encrypted-media; gyroscope; picture-in-picture; web-share\" referrerpolicy=\"strict-origin-when-cross-origin\" allowfullscreen><\/iframe><\/p>\n<p>&nbsp;<\/p>\n","protected":false},"excerpt":{"rendered":"<p><strong>I nostri modelli di coltelli di produzione offrono il miglior design, funzionalit\u00e0 e valore di qualsiasi coltello oggi sul mercato. I nostri coltelli artistici personalizzati sono opere d&#8217;arte uniche. Ciascuno dei nostri coltelli personalizzati in edizione limitata esemplifica un patrimonio di qualit\u00e0. Non importa quale dei nostri coltelli sceglierai, siamo sicuri che sarai molto soddisfatto del tuo acquisto.<\/strong><\/p>\n<p><strong>Grazie per il tuo interesse per i nostri coltelli di qualit\u00e0.<\/strong><\/p>\n<p>Trasporto gratuito.<\/p>\n","protected":false},"featured_media":323923,"comment_status":"open","ping_status":"closed","template":"","meta":[],"pwb-brand":[3821],"product_brand":[],"product_cat":[3745,3748],"product_tag":[3755],"class_list":{"0":"post-323975","1":"product","2":"type-product","3":"status-publish","4":"has-post-thumbnail","6":"pwb-brand-per-la-tecnologia","7":"product_cat-coltelli","8":"product_cat-coltelli-da-tiro","9":"product_tag-b2b-it","11":"first","12":"instock","13":"taxable","14":"shipping-taxable","15":"purchasable","16":"product-type-simple"},"brands":[{"id":3821,"name":"Per la tecnologia","slug":"per-la-tecnologia"}],"_links":{"self":[{"href":"https:\/\/www.moskito.cz\/it\/wp-json\/wp\/v2\/product\/323975","targetHints":{"allow":["GET"]}}],"collection":[{"href":"https:\/\/www.moskito.cz\/it\/wp-json\/wp\/v2\/product"}],"about":[{"href":"https:\/\/www.moskito.cz\/it\/wp-json\/wp\/v2\/types\/product"}],"replies":[{"embeddable":true,"href":"https:\/\/www.moskito.cz\/it\/wp-json\/wp\/v2\/comments?post=323975"}],"wp:featuredmedia":[{"embeddable":true,"href":"https:\/\/www.moskito.cz\/it\/wp-json\/wp\/v2\/media\/323923"}],"wp:attachment":[{"href":"https:\/\/www.moskito.cz\/it\/wp-json\/wp\/v2\/media?parent=323975"}],"wp:term":[{"taxonomy":"pwb-brand","embeddable":true,"href":"https:\/\/www.moskito.cz\/it\/wp-json\/wp\/v2\/pwb-brand?post=323975"},{"taxonomy":"product_brand","embeddable":true,"href":"https:\/\/www.moskito.cz\/it\/wp-json\/wp\/v2\/product_brand?post=323975"},{"taxonomy":"product_cat","embeddable":true,"href":"https:\/\/www.moskito.cz\/it\/wp-json\/wp\/v2\/product_cat?post=323975"},{"taxonomy":"product_tag","embeddable":true,"href":"https:\/\/www.moskito.cz\/it\/wp-json\/wp\/v2\/product_tag?post=323975"}],"curies":[{"name":"wp","href":"https:\/\/api.w.org\/{rel}","templated":true}]}}