{"id":324283,"date":"2024-03-29T15:03:01","date_gmt":"2024-03-29T14:09:24","guid":{"rendered":"https:\/\/www.moskito.cz\/produkt\/coltello-fisso-spartan-lame-alala-sbsl004bkbk\/"},"modified":"2025-05-07T11:07:57","modified_gmt":"2025-05-07T10:07:57","slug":"coltello-fisso-spartan-lame-alala-sbsl004bkbk","status":"publish","type":"product","link":"https:\/\/www.moskito.cz\/it\/produkt\/coltello-fisso-spartan-lame-alala-sbsl004bkbk\/","title":{"rendered":"Coltello Fisso Spartan Lame Alala SBSL004BKBK"},"content":{"rendered":"<p>Coltello Fisso <strong>Spartan Lame<\/strong> Alala SBSL004BKBK.<\/p>\n<p><strong>Alala<\/strong> , dal nome greco antico che significa &#8220;grido di battaglia&#8221; o &#8220;grido di guerra&#8221;, era l&#8217;epitome del grido di guerra nella mitologia greca. L&#8217;Alala \u00e8 un coltello a lama fissa, prodotto da KA-BAR Knives a Olean, New York, USA, per prestazioni robuste e trasporto quotidiano. Fornendo ergonomia e affidabilit\u00e0 eccezionali, \u00e8 uno strumento versatile pronto ad aiutare con una variet\u00e0 di attivit\u00e0 all&#8217;aperto.<\/p>\n<p>Propriet\u00e0 chiave:<\/p>\n<p>Comfort quotidiano: progettato per una praticit\u00e0 senza sforzo <strong>, Alala<\/strong> combina robustezza e perfezione ergonomica. \u00c8 il compagno perfetto per il taglio quotidiano e offre uno strumento affidabile ogni volta che ne hai bisogno.<\/p>\n<p>Artigianato di qualit\u00e0: realizzato dagli abili artigiani di KA-BAR Knives, con sede a Olean, New York, USA, <strong>l&#8217;<\/strong> Alala riflette l&#8217;eccellenza della produzione di coltelli americana.<\/p>\n<p>Lama versatile per esterni: la lama solida e piatta da 3,75 pollici, realizzata in acciaio Cro-Van 1095 di provenienza tedesca, \u00e8 il compagno ideale per gli esterni. La sua durata e nitidezza lo rendono ideale per una variet\u00e0 di attivit\u00e0 all&#8217;aperto.<\/p>\n<p>Estetica elegante: il rivestimento a polvere nera non solo migliora l&#8217;attrattiva visiva dell&#8217;Alal, ma aggiunge anche uno strato di protezione alla lama per garantirne la longevit\u00e0.<\/p>\n<p>Maniglia comoda: la maniglia CE Canvas Micarta\u00ae, disponibile in nero o verde, offre una presa sicura e confortevole che ti consente di affrontare le attivit\u00e0 all&#8217;aperto con sicurezza.<\/p>\n<p>Opzioni di trasporto sicure: la fondina stampata a iniezione \u00e8 dotata di una leva attiva per l&#8217;impugnatura del pollice e di una cinghia di ritenzione secondaria per fornire opzioni di trasporto sicure e confortevoli.<\/p>\n<p>Specifiche:<\/p>\n<p>Nome del coltello: Alala<br \/>\nProgettista\/i: Iovito<br \/>\nLunghezza totale: 20 cm<br \/>\nLunghezza lama: 9,5 cm<br \/>\nAcciaio lama: 1095 Cro-Van (origine tedesca)<br \/>\nDurezza della lama: 56-58 HRC<br \/>\nStile lama: Solido &#8211; Punto di caduta &#8211; Superficie piatta<br \/>\nRivestimento: verniciatura a polvere nera<br \/>\nMateriale manico: CE Canvas Micarta\u00ae (nero o verde)<br \/>\nGuaina: guaina iniettata con leva di ritenzione attiva e cinghia di ritenzione secondaria<br \/>\nPeso: 0,294 LBS (coltello)<\/p>\n<p>Migliora le tue avventure all&#8217;aria aperta con Alala, progettato per una versatilit\u00e0 senza pari quando si affrontano le sfide della natura selvaggia. Progettato per comfort, durata e funzionalit\u00e0, Alala \u00e8 un compagno affidabile per le attivit\u00e0 all&#8217;aperto.<\/p>\n<p><iframe title=\"Spartan Blades Company Knife Company Story with Co-Founders Mark Carey and Curtis Iovito.\" width=\"800\" height=\"450\" src=\"https:\/\/www.youtube.com\/embed\/S-EVJgZR57Y?feature=oembed\" frameborder=\"0\" allow=\"accelerometer; autoplay; clipboard-write; encrypted-media; gyroscope; picture-in-picture; web-share\" referrerpolicy=\"strict-origin-when-cross-origin\" allowfullscreen><\/iframe><\/p>\n<p>&nbsp;<\/p>\n<p>&nbsp;<\/p>\n","protected":false},"excerpt":{"rendered":"<p><strong>Alala, dal nome greco antico che significa &#8220;grido di battaglia&#8221; o &#8220;grido di guerra&#8221;, era l&#8217;epitome del grido di guerra nella mitologia greca. L&#8217;Alala \u00e8 un coltello a lama fissa, prodotto da KA-BAR Knives a Olean, New York, USA, per prestazioni robuste e trasporto quotidiano. Fornendo ergonomia e affidabilit\u00e0 eccezionali, \u00e8 uno strumento versatile pronto ad aiutare con una variet\u00e0 di attivit\u00e0 all&#8217;aperto.<\/strong><\/p>\n<p><strong>Trasporto gratuito.<\/strong><\/p>\n","protected":false},"featured_media":324248,"comment_status":"open","ping_status":"closed","template":"","meta":[],"pwb-brand":[3834],"product_brand":[],"product_cat":[3745,3746],"product_tag":[3755],"class_list":{"0":"post-324283","1":"product","2":"type-product","3":"status-publish","4":"has-post-thumbnail","6":"pwb-brand-lame-spartane","7":"product_cat-coltelli","8":"product_cat-coltelli-solidi","9":"product_tag-b2b-it","11":"first","12":"instock","13":"taxable","14":"shipping-taxable","15":"purchasable","16":"product-type-simple"},"brands":[{"id":3834,"name":"Lame spartane","slug":"lame-spartane"}],"_links":{"self":[{"href":"https:\/\/www.moskito.cz\/it\/wp-json\/wp\/v2\/product\/324283","targetHints":{"allow":["GET"]}}],"collection":[{"href":"https:\/\/www.moskito.cz\/it\/wp-json\/wp\/v2\/product"}],"about":[{"href":"https:\/\/www.moskito.cz\/it\/wp-json\/wp\/v2\/types\/product"}],"replies":[{"embeddable":true,"href":"https:\/\/www.moskito.cz\/it\/wp-json\/wp\/v2\/comments?post=324283"}],"wp:featuredmedia":[{"embeddable":true,"href":"https:\/\/www.moskito.cz\/it\/wp-json\/wp\/v2\/media\/324248"}],"wp:attachment":[{"href":"https:\/\/www.moskito.cz\/it\/wp-json\/wp\/v2\/media?parent=324283"}],"wp:term":[{"taxonomy":"pwb-brand","embeddable":true,"href":"https:\/\/www.moskito.cz\/it\/wp-json\/wp\/v2\/pwb-brand?post=324283"},{"taxonomy":"product_brand","embeddable":true,"href":"https:\/\/www.moskito.cz\/it\/wp-json\/wp\/v2\/product_brand?post=324283"},{"taxonomy":"product_cat","embeddable":true,"href":"https:\/\/www.moskito.cz\/it\/wp-json\/wp\/v2\/product_cat?post=324283"},{"taxonomy":"product_tag","embeddable":true,"href":"https:\/\/www.moskito.cz\/it\/wp-json\/wp\/v2\/product_tag?post=324283"}],"curies":[{"name":"wp","href":"https:\/\/api.w.org\/{rel}","templated":true}]}}