{"id":324480,"date":"2024-03-29T15:56:02","date_gmt":"2024-03-29T14:56:47","guid":{"rendered":"https:\/\/www.moskito.cz\/produkt\/coltello-fisso-spartan-lame-enyo-sb2bk\/"},"modified":"2025-05-07T11:07:59","modified_gmt":"2025-05-07T10:07:59","slug":"coltello-fisso-spartan-lame-enyo-sb2bk","status":"publish","type":"product","link":"https:\/\/www.moskito.cz\/it\/produkt\/coltello-fisso-spartan-lame-enyo-sb2bk\/","title":{"rendered":"Coltello Fisso Spartan Lame Enyo SB2BK"},"content":{"rendered":"<p>Coltello Fisso Spartan Lame Enyo SB2BK.<\/p>\n<p><strong>Enyo<\/strong> (pronunciato i-nye-oh) era la dea greca della guerra. Viene spesso definita la compagna di Ares, il dio greco della guerra. Abbiamo scelto il nome Enyo per questo compagno di trasporto quotidiano (EDC) perch\u00e9 pu\u00f2 essere portato in tasca, all&#8217;interno della vita (IWB) o attorno al collo.<\/p>\n<p>Essendo un coltello a lama fissa personalizzato per il trasporto quotidiano, <strong>Enyo<\/strong> \u00e8 progettato pensando all&#8217;ergonomia e alla portabilit\u00e0. Quando si tratta di operazioni di taglio quotidiane, Enyo \u00e8 sempre pronto alla sfida. Grazie al design del punto di caduta fisso, la forza della lama viene trasferita in avanti verso la punta. Qualunque sia la situazione, Enyo sar\u00e0 pronto a partire.<\/p>\n<p><strong>Lo Spartan Enyo<\/strong> \u00e8 dotato di un fodero sagomato in Kydex insieme a una catena per il collo in acciaio inossidabile, un anello per lavagna interattiva e un paracord da 2\u2032 per una variet\u00e0 di pratiche opzioni di trasporto quotidiano. Questo coltello fatto a mano per il trasporto quotidiano include anche un cordino con un elmo spartano placcato in peltro.<\/p>\n<p>&nbsp;<\/p>\n<p>Specifiche:<\/p>\n<p>Nome del coltello: Enyo<br \/>\nProgettista\/i: Iovito\/Carey<br \/>\nLunghezza totale: 16 centimetri<br \/>\nLunghezza lama: 7 cm<br \/>\nAcciaio lama: CPM S45VN<br \/>\nDurezza della lama: 59-61 HRC<br \/>\nStile lama: punto di caduta fisso: questo design consente di rafforzare la punta della lama posizionandola in linea con la mano dell&#8217;utente mantenendo la curva verso l&#8217;alto della lama.<br \/>\nRivestimento: SpartaCoat \u2013 PVD \u2013 Tungsten DLC (Nero) o ZrN (Flat Dark Earth)<br \/>\nFodero: Kydex (nero) o (coyote) a seconda del design della lama.<br \/>\nPeso: 0,176 LBS (coltello)<\/p>\n<p><iframe title=\"Spartan Blades Company Knife Company Story with Co-Founders Mark Carey and Curtis Iovito.\" width=\"800\" height=\"450\" src=\"https:\/\/www.youtube.com\/embed\/S-EVJgZR57Y?feature=oembed\" frameborder=\"0\" allow=\"accelerometer; autoplay; clipboard-write; encrypted-media; gyroscope; picture-in-picture; web-share\" referrerpolicy=\"strict-origin-when-cross-origin\" allowfullscreen><\/iframe><\/p>\n<p>&nbsp;<\/p>\n","protected":false},"excerpt":{"rendered":"<div class=\"elementor-element elementor-element-bbb542b elementor-widget elementor-widget-woocommerce-product-short-description\" data-id=\"bbb542b\" data-element_type=\"widget\" data-widget_type=\"woocommerce-product-short-description.default\">\n<div class=\"elementor-widget-container\">\n<div class=\"woocommerce-product-details__short-description\">\n<p><strong>Enyo (pronunciato i-nye-oh) era la dea greca della guerra. Viene spesso definita la compagna di Ares, il dio greco della guerra. Abbiamo scelto il nome Enyo per questo compagno di trasporto quotidiano (EDC) perch\u00e9 pu\u00f2 essere portato in tasca, all&#8217;interno della vita (IWB) o attorno al collo.<\/strong><\/p>\n<p><strong>Trasporto gratuito.<\/strong><\/p>\n<\/div>\n<\/div>\n<\/div>\n","protected":false},"featured_media":324443,"comment_status":"open","ping_status":"closed","template":"","meta":[],"pwb-brand":[3834],"product_brand":[],"product_cat":[3745,3746],"product_tag":[3755],"class_list":{"0":"post-324480","1":"product","2":"type-product","3":"status-publish","4":"has-post-thumbnail","6":"pwb-brand-lame-spartane","7":"product_cat-coltelli","8":"product_cat-coltelli-solidi","9":"product_tag-b2b-it","11":"first","12":"instock","13":"taxable","14":"shipping-taxable","15":"purchasable","16":"product-type-simple"},"brands":[{"id":3834,"name":"Lame spartane","slug":"lame-spartane"}],"_links":{"self":[{"href":"https:\/\/www.moskito.cz\/it\/wp-json\/wp\/v2\/product\/324480","targetHints":{"allow":["GET"]}}],"collection":[{"href":"https:\/\/www.moskito.cz\/it\/wp-json\/wp\/v2\/product"}],"about":[{"href":"https:\/\/www.moskito.cz\/it\/wp-json\/wp\/v2\/types\/product"}],"replies":[{"embeddable":true,"href":"https:\/\/www.moskito.cz\/it\/wp-json\/wp\/v2\/comments?post=324480"}],"wp:featuredmedia":[{"embeddable":true,"href":"https:\/\/www.moskito.cz\/it\/wp-json\/wp\/v2\/media\/324443"}],"wp:attachment":[{"href":"https:\/\/www.moskito.cz\/it\/wp-json\/wp\/v2\/media?parent=324480"}],"wp:term":[{"taxonomy":"pwb-brand","embeddable":true,"href":"https:\/\/www.moskito.cz\/it\/wp-json\/wp\/v2\/pwb-brand?post=324480"},{"taxonomy":"product_brand","embeddable":true,"href":"https:\/\/www.moskito.cz\/it\/wp-json\/wp\/v2\/product_brand?post=324480"},{"taxonomy":"product_cat","embeddable":true,"href":"https:\/\/www.moskito.cz\/it\/wp-json\/wp\/v2\/product_cat?post=324480"},{"taxonomy":"product_tag","embeddable":true,"href":"https:\/\/www.moskito.cz\/it\/wp-json\/wp\/v2\/product_tag?post=324480"}],"curies":[{"name":"wp","href":"https:\/\/api.w.org\/{rel}","templated":true}]}}