{"id":324608,"date":"2024-04-02T18:49:30","date_gmt":"2024-04-02T17:52:35","guid":{"rendered":"https:\/\/www.moskito.cz\/produkt\/coltello-chiudibile-spartan-blades-edizione-speciale-dragon-stonewashed-sf5dragon\/"},"modified":"2025-05-07T11:08:03","modified_gmt":"2025-05-07T10:08:03","slug":"coltello-chiudibile-spartan-blades-edizione-speciale-dragon-stonewashed-sf5dragon","status":"publish","type":"product","link":"https:\/\/www.moskito.cz\/it\/produkt\/coltello-chiudibile-spartan-blades-edizione-speciale-dragon-stonewashed-sf5dragon\/","title":{"rendered":"Coltello Chiudibile Spartan Blades Edizione Speciale Dragon Stonewashed SF5DRAGON"},"content":{"rendered":"<p>Coltello Chiudibile <strong>Spartan Blades<\/strong> Edizione Speciale Dragon Stonewashed SF5DRAGON.<\/p>\n<p><strong>Lo Spartan SHF<\/strong> \u00e8 il risultato di una collaborazione tra <strong>Spartan Knives<\/strong> e il designer di coltelli di fama mondiale Bill Harsey. \u00c8 fatto per il trasporto quotidiano, l&#8217;uso tattico o sul campo. Sono dotati di una lama in acciaio inossidabile CPM-S45VN e, ad eccezione della lama, del perno della canna e del perno di arresto, tutte le parti del coltello sono in titanio. L&#8217;impugnatura ergonomica ha scanalature per le dita e scanalature per fissare il design nella mano quando si muove con forza. utilizzo. L&#8217;impugnatura \u00e8 dotata di un meccanismo interno anti-scivolo e la clip da tasca in titanio \u00e8 reversibile per il trasporto della punta ambidestra. I doppi perni per il pollice sono estremamente facili da raggiungere perch\u00e9 Spartan ha fresato la rampa perfetta per il tuo pollice. \u00c8 un design ben pensato e costruito con qualit\u00e0 spartana, quindi sai che stai ottenendo un coltello che pu\u00f2 e ti servir\u00e0 bene in qualsiasi ambiente di utilizzo.<\/p>\n<p>Specifiche:<br \/>\nLunghezza lama: 10 cm<br \/>\nLunghezza totale: 22 cm<br \/>\nMateriale lama: acciaio inossidabile CPM-S45VN<br \/>\nDurezza della lama: 58-60HRC<br \/>\nStile lama: punto di caduta<br \/>\nAffilatura della lama: cava<br \/>\nTrattamento superficiale della lama: Stonewash<br \/>\nMateriale manico: titanio inciso con drago<br \/>\nMeccanismo di bloccaggio: Blocco telaio<br \/>\nAssemblaggio perno: rondelle in bronzo<br \/>\nClip da tasca: Titanio (pieghevole, usura destra\/sinistra)<br \/>\nPeso: 5,8 once.<br \/>\nProgettista: William Harsey<br \/>\nFabbricato negli Usa<\/p>\n<p><iframe title=\"Spartan Blades Company Knife Company Story with Co-Founders Mark Carey and Curtis Iovito.\" width=\"800\" height=\"450\" src=\"https:\/\/www.youtube.com\/embed\/S-EVJgZR57Y?feature=oembed\" frameborder=\"0\" allow=\"accelerometer; autoplay; clipboard-write; encrypted-media; gyroscope; picture-in-picture; web-share\" referrerpolicy=\"strict-origin-when-cross-origin\" allowfullscreen><\/iframe><\/p>\n<p>&nbsp;<\/p>\n","protected":false},"excerpt":{"rendered":"<p><strong>Su questo particolare coltello \u00e8 inciso un drago multicolore per rappresentare fortuna, forza e salute in tutto ci\u00f2 che fai. \u00c8 anodizzato in blu con diversi colori anodizzati al laser per dare al coltello un senso di movimento riflettendo la luce durante il movimento<\/strong>.<\/p>\n<p>Trasporto gratuito.<\/p>\n","protected":false},"featured_media":324565,"comment_status":"open","ping_status":"closed","template":"","meta":[],"pwb-brand":[3834],"product_brand":[],"product_cat":[3745,3749],"product_tag":[3755],"class_list":{"0":"post-324608","1":"product","2":"type-product","3":"status-publish","4":"has-post-thumbnail","6":"pwb-brand-lame-spartane","7":"product_cat-coltelli","8":"product_cat-coltelli-di-chiusura","9":"product_tag-b2b-it","11":"first","12":"instock","13":"taxable","14":"shipping-taxable","15":"purchasable","16":"product-type-simple"},"brands":[{"id":3834,"name":"Lame spartane","slug":"lame-spartane"}],"_links":{"self":[{"href":"https:\/\/www.moskito.cz\/it\/wp-json\/wp\/v2\/product\/324608","targetHints":{"allow":["GET"]}}],"collection":[{"href":"https:\/\/www.moskito.cz\/it\/wp-json\/wp\/v2\/product"}],"about":[{"href":"https:\/\/www.moskito.cz\/it\/wp-json\/wp\/v2\/types\/product"}],"replies":[{"embeddable":true,"href":"https:\/\/www.moskito.cz\/it\/wp-json\/wp\/v2\/comments?post=324608"}],"wp:featuredmedia":[{"embeddable":true,"href":"https:\/\/www.moskito.cz\/it\/wp-json\/wp\/v2\/media\/324565"}],"wp:attachment":[{"href":"https:\/\/www.moskito.cz\/it\/wp-json\/wp\/v2\/media?parent=324608"}],"wp:term":[{"taxonomy":"pwb-brand","embeddable":true,"href":"https:\/\/www.moskito.cz\/it\/wp-json\/wp\/v2\/pwb-brand?post=324608"},{"taxonomy":"product_brand","embeddable":true,"href":"https:\/\/www.moskito.cz\/it\/wp-json\/wp\/v2\/product_brand?post=324608"},{"taxonomy":"product_cat","embeddable":true,"href":"https:\/\/www.moskito.cz\/it\/wp-json\/wp\/v2\/product_cat?post=324608"},{"taxonomy":"product_tag","embeddable":true,"href":"https:\/\/www.moskito.cz\/it\/wp-json\/wp\/v2\/product_tag?post=324608"}],"curies":[{"name":"wp","href":"https:\/\/api.w.org\/{rel}","templated":true}]}}