{"id":324661,"date":"2024-04-02T19:21:18","date_gmt":"2024-04-02T18:22:30","guid":{"rendered":"https:\/\/www.moskito.cz\/produkt\/coltello-da-tiro-spartan-blades-zelos-sf9bkbk\/"},"modified":"2025-08-04T00:00:37","modified_gmt":"2025-08-03T23:00:37","slug":"coltello-da-tiro-spartan-blades-zelos-sf9bkbk","status":"publish","type":"product","link":"https:\/\/www.moskito.cz\/it\/produkt\/coltello-da-tiro-spartan-blades-zelos-sf9bkbk\/","title":{"rendered":"Coltello da tiro Spartan Blades Zelos SF9BKBK"},"content":{"rendered":"<p>Coltello da tiro <strong>Spartan Blades<\/strong> Zelos SF9BKBK.<\/p>\n<p>Eccellenza della lama: lo Zelos \u00e8 dotato di una lama in acciaio CPM S45VN nota per la sua eccezionale affilatura, resistenza alla corrosione e ritenzione del filo. Lo spessore della lama da 0,153 pollici garantisce durata e versatilit\u00e0 per una variet\u00e0 di attivit\u00e0 di taglio.<\/p>\n<p>Costruzione robusta: Zelos vanta un telaio lavorato con precisione che fornisce una tenuta in posizione aperta che raramente si trova negli apri automatici. Questo design enfatizza l&#8217;affidabilit\u00e0 e la sicurezza in ogni utilizzo.<\/p>\n<p>Estetica elegante: lo stile della lama drop-point, rivestito in PVD nero (Physical Vapor Deposition), non solo aumenta la resistenza alla corrosione, ma contribuisce anche all&#8217;aspetto elegante e tattico del coltello.<\/p>\n<p>Innovazione della maniglia: scegli le maniglie in alluminio Black Mil Elox 6061 che forniscono il perfetto equilibrio tra design leggero e struttura robusta. Il design ergonomico dell&#8217;impugnatura garantisce una presa comoda, rendendo Zelos un compagno affidabile per un uso prolungato.<\/p>\n<p>Opzioni di trasporto versatili: Zelos offre opzioni di trasporto ribaltabili su\/gi\u00f9, offrendo flessibilit\u00e0 per soddisfare le preferenze individuali. Una clip da tasca in fibra di carbonio o titanio aggiunge un tocco di stile high-tech garantendo al tempo stesso un trasporto sicuro e discreto.<\/p>\n<p>Artigianato d&#8217;\u00e9lite: Spartan Blades \u00e8 orgoglioso di creare strumenti d&#8217;\u00e9lite e Zelos non fa eccezione. Il doppio trattamento termico criogenico profondo aumenta la tenacit\u00e0 e l&#8217;affilatura della lama e lo distingue dal coltello pieghevole premium.<\/p>\n<p>Disponibilit\u00e0 limitata: non disponibile online, Zelos \u00e8 riservato esclusivamente ai rivenditori autorizzati Spartan Blades o solo alle vendite in negozio. Militari, forze dell&#8217;ordine, servizi di emergenza sanitaria, vigili del fuoco e altri acquirenti autorizzati sono incoraggiati a richiedere un preventivo personalizzato.<\/p>\n<p>Abbraccia lo spirito di Zelos: la fusione di design, tecnologia e funzionalit\u00e0. Che tu stia cercando un affidabile strumento per il trasporto quotidiano o uno strumento affidabile per le tue esigenze professionali, Spartan Blades Zelos \u00e8 pronto ad affrontare la sfida con uno zelo senza pari. Migliora la tua collezione di attrezzatura con un coltello che incarna l&#8217;essenza della dedizione e della rivalit\u00e0 in ogni taglio preciso.<\/p>\n<p>Specifiche:<br \/>\nLunghezza lama: 8 cm<br \/>\nLunghezza da chiuso: 12 cm<br \/>\nLunghezza totale: 20 cm<br \/>\nMateriale lama: acciaio inossidabile CPM-S45VN<br \/>\nDurezza della lama: 58-59HRC<br \/>\nStile lama: punto di caduta<br \/>\nAffilatura della lama: piatta<br \/>\nTrattamento superficiale lama: PVD nero<br \/>\nMateriale manico: Alluminio anodizzato nero 6061<br \/>\nMeccanismo di chiusura: pulsante<br \/>\nClip da tasca: fibra di carbonio (ribaltamento verso l&#8217;alto\/verso il basso, trasporto a destra)<br \/>\nPeso: 4,58 once.<br \/>\nProgettista: Curtis Iovito<br \/>\nFabbricato negli Usa<\/p>\n<p><iframe title=\"Spartan Blades Company Knife Company Story with Co-Founders Mark Carey and Curtis Iovito.\" width=\"800\" height=\"450\" src=\"https:\/\/www.youtube.com\/embed\/S-EVJgZR57Y?feature=oembed\" frameborder=\"0\" allow=\"accelerometer; autoplay; clipboard-write; encrypted-media; gyroscope; picture-in-picture; web-share\" referrerpolicy=\"strict-origin-when-cross-origin\" allowfullscreen><\/iframe><\/p>\n<p>&nbsp;<\/p>\n","protected":false},"excerpt":{"rendered":"<p><strong>Presentiamo lo Spartan Blades Zelos, un coltello pieghevole che fonde perfettamente ingegneria di precisione con materiali di qualit\u00e0 superiore, incarnando lo spirito di dedizione e zelo del suo omonimo mitologico greco. Realizzato con meticolosa attenzione ai dettagli dal designer Iovito, Zelos si distingue come testimonianza di eccellenza sia nella forma che nella funzione.<\/strong><\/p>\n<p>Trasporto gratuito.<\/p>\n","protected":false},"featured_media":324616,"comment_status":"open","ping_status":"closed","template":"","meta":[],"pwb-brand":[3834],"product_brand":[],"product_cat":[3748,3745],"product_tag":[3755],"class_list":{"0":"post-324661","1":"product","2":"type-product","3":"status-publish","4":"has-post-thumbnail","6":"pwb-brand-lame-spartane","7":"product_cat-coltelli-da-tiro","8":"product_cat-coltelli","9":"product_tag-b2b-it","11":"first","12":"instock","13":"taxable","14":"shipping-taxable","15":"purchasable","16":"product-type-simple"},"brands":[{"id":3834,"name":"Lame spartane","slug":"lame-spartane"}],"_links":{"self":[{"href":"https:\/\/www.moskito.cz\/it\/wp-json\/wp\/v2\/product\/324661","targetHints":{"allow":["GET"]}}],"collection":[{"href":"https:\/\/www.moskito.cz\/it\/wp-json\/wp\/v2\/product"}],"about":[{"href":"https:\/\/www.moskito.cz\/it\/wp-json\/wp\/v2\/types\/product"}],"replies":[{"embeddable":true,"href":"https:\/\/www.moskito.cz\/it\/wp-json\/wp\/v2\/comments?post=324661"}],"wp:featuredmedia":[{"embeddable":true,"href":"https:\/\/www.moskito.cz\/it\/wp-json\/wp\/v2\/media\/324616"}],"wp:attachment":[{"href":"https:\/\/www.moskito.cz\/it\/wp-json\/wp\/v2\/media?parent=324661"}],"wp:term":[{"taxonomy":"pwb-brand","embeddable":true,"href":"https:\/\/www.moskito.cz\/it\/wp-json\/wp\/v2\/pwb-brand?post=324661"},{"taxonomy":"product_brand","embeddable":true,"href":"https:\/\/www.moskito.cz\/it\/wp-json\/wp\/v2\/product_brand?post=324661"},{"taxonomy":"product_cat","embeddable":true,"href":"https:\/\/www.moskito.cz\/it\/wp-json\/wp\/v2\/product_cat?post=324661"},{"taxonomy":"product_tag","embeddable":true,"href":"https:\/\/www.moskito.cz\/it\/wp-json\/wp\/v2\/product_tag?post=324661"}],"curies":[{"name":"wp","href":"https:\/\/api.w.org\/{rel}","templated":true}]}}