{"id":324706,"date":"2024-04-02T19:36:40","date_gmt":"2024-04-02T18:40:21","guid":{"rendered":"https:\/\/www.moskito.cz\/produkt\/coltello-chiudibile-spartan-blades-edizione-speciale-koi-fish-stonewashed-sf5koifish\/"},"modified":"2025-05-07T11:08:05","modified_gmt":"2025-05-07T10:08:05","slug":"coltello-chiudibile-spartan-blades-edizione-speciale-koi-fish-stonewashed-sf5koifish","status":"publish","type":"product","link":"https:\/\/www.moskito.cz\/it\/produkt\/coltello-chiudibile-spartan-blades-edizione-speciale-koi-fish-stonewashed-sf5koifish\/","title":{"rendered":"Coltello Chiudibile Spartan Blades Edizione Speciale Koi Fish Stonewashed SF5KOIFISH"},"content":{"rendered":"<p>Coltello Chiudibile <strong>Spartan Blades<\/strong> Edizione Speciale Koi Fish Stonewashed SF5KOIFISH.<\/p>\n<p><strong>Spartan Blades<\/strong> produce ogni anno quattro cartelle Spartan Harsey in edizione speciale. L&#8217;edizione speciale per il 2022 \u00e8 l&#8217;edizione Koi Fish 2022. Sia Mark che Curtis, i fondatori di Spartan Blades, hanno trascorso diversi anni lavorando in Asia e vivendo in Giappone. Questo coltello doveva rappresentare l&#8217;incredibile cultura giapponese. Una delle cose che abbiamo amato del Giappone \u00e8 il modo in cui combinano metodi antichi e moderni per creare efficienza e ordine per le persone e la loro vita quotidiana. Speriamo di raggiungere questo obiettivo combinando materiali moderni con opere d&#8217;arte classicamente giapponesi.<\/p>\n<p>Progettato dal prolifico produttore di coltelli William W. Harsey Jr., lo Spartan Harsey Fold (SHF) \u00e8 un affidabile coltello con telaio realizzato interamente in titanio 6AL-4V ad eccezione della lama e del perno di arresto. Questa cartella di qualit\u00e0 ha una clip da tasca a doppia faccia e due bottoni automatici per accogliere i nostri amici mancini. \u00c8 lo strumento ideale per chiunque apprezzi la qualit\u00e0!<\/p>\n<p>&nbsp;<\/p>\n","protected":false},"excerpt":{"rendered":"<p><strong>Spartan Blades produce ogni anno quattro cartelle Spartan Harsey in edizione speciale. L&#8217;edizione speciale per il 2022 \u00e8 l&#8217;edizione Koi Fish 2022.<\/strong><\/p>\n<p>Trasporto gratuito.<\/p>\n","protected":false},"featured_media":324673,"comment_status":"open","ping_status":"closed","template":"","meta":[],"pwb-brand":[3834],"product_brand":[],"product_cat":[3745,3749],"product_tag":[3755],"class_list":{"0":"post-324706","1":"product","2":"type-product","3":"status-publish","4":"has-post-thumbnail","6":"pwb-brand-lame-spartane","7":"product_cat-coltelli","8":"product_cat-coltelli-di-chiusura","9":"product_tag-b2b-it","11":"first","12":"instock","13":"taxable","14":"shipping-taxable","15":"purchasable","16":"product-type-simple"},"brands":[{"id":3834,"name":"Lame spartane","slug":"lame-spartane"}],"_links":{"self":[{"href":"https:\/\/www.moskito.cz\/it\/wp-json\/wp\/v2\/product\/324706","targetHints":{"allow":["GET"]}}],"collection":[{"href":"https:\/\/www.moskito.cz\/it\/wp-json\/wp\/v2\/product"}],"about":[{"href":"https:\/\/www.moskito.cz\/it\/wp-json\/wp\/v2\/types\/product"}],"replies":[{"embeddable":true,"href":"https:\/\/www.moskito.cz\/it\/wp-json\/wp\/v2\/comments?post=324706"}],"wp:featuredmedia":[{"embeddable":true,"href":"https:\/\/www.moskito.cz\/it\/wp-json\/wp\/v2\/media\/324673"}],"wp:attachment":[{"href":"https:\/\/www.moskito.cz\/it\/wp-json\/wp\/v2\/media?parent=324706"}],"wp:term":[{"taxonomy":"pwb-brand","embeddable":true,"href":"https:\/\/www.moskito.cz\/it\/wp-json\/wp\/v2\/pwb-brand?post=324706"},{"taxonomy":"product_brand","embeddable":true,"href":"https:\/\/www.moskito.cz\/it\/wp-json\/wp\/v2\/product_brand?post=324706"},{"taxonomy":"product_cat","embeddable":true,"href":"https:\/\/www.moskito.cz\/it\/wp-json\/wp\/v2\/product_cat?post=324706"},{"taxonomy":"product_tag","embeddable":true,"href":"https:\/\/www.moskito.cz\/it\/wp-json\/wp\/v2\/product_tag?post=324706"}],"curies":[{"name":"wp","href":"https:\/\/api.w.org\/{rel}","templated":true}]}}