{"id":325283,"date":"2024-04-03T19:29:41","date_gmt":"2024-04-03T18:36:30","guid":{"rendered":"https:\/\/www.moskito.cz\/produkt\/coltello-pieghevole-spartan-blades-harsey-stonewashed-sf10sw\/"},"modified":"2025-05-07T11:08:12","modified_gmt":"2025-05-07T10:08:12","slug":"coltello-pieghevole-spartan-blades-harsey-stonewashed-sf10sw","status":"publish","type":"product","link":"https:\/\/www.moskito.cz\/it\/produkt\/coltello-pieghevole-spartan-blades-harsey-stonewashed-sf10sw\/","title":{"rendered":"Coltello pieghevole Spartan Blades Harsey Stonewashed SF10SW"},"content":{"rendered":"<p>Coltello pieghevole <strong>Spartan Blades<\/strong> Harsey Stonewashed SF10SW.<\/p>\n<p>Presentazione dello Spartan Harsey Fold &#8211; l&#8217;ultimo apice dell&#8217;eccellenza di Spartan Blades in collaborazione con il leggendario produttore di coltelli William &#8220;Bill&#8221; Harsey Jr. Questo coltello unisce l&#8217;arte del design con la funzionalit\u00e0 richiesta da un coltello. appassionati. Realizzato con precisione e attenzione ai dettagli, SHF 3.25 \u00e8 un affidabile coltello con telaio in titanio 6AL4V con lama in acciaio inossidabile CPM S45VN da 3,25 pollici.<\/p>\n<p>Propriet\u00e0 chiave:<\/p>\n<p>Materiali premium: SHF 3.25 \u00e8 costruito con cura con un blocco del telaio in titanio 6AL4V per resistenza e leggerezza. Realizzata in acciaio inossidabile CPM S45VN, la lama \u00e8 una testimonianza di metallurgia e prestazioni superiori.<\/p>\n<p>Design pluripremiato: seguendo l&#8217;esempio del suo pluripremiato predecessore SHF, questa cartella di medie dimensioni mantiene lo stesso livello di eccellenza. Progettata in collaborazione con William W. Harsey, \u00e8 fatta su misura per chi cerca cartelle da uomo (o da donna) davvero eccezionali.<\/p>\n<p>Clip da tasca reversibile: con una clip da tasca a doppia faccia e due bottoni automatici per il pollice, SHF 3.25 si adatta alle preferenze di trasporto sia dei mancini che dei destrimani, offrendo versatilit\u00e0 senza compromettere lo stile.<\/p>\n<p>Artigianato d&#8217;\u00e9lite: il coltello frame lock \u00e8 realizzato interamente in titanio 6AL-4V ed \u00e8 satinato per fornire un&#8217;estetica raffinata e una finitura durevole. L&#8217;hardware, anch&#8217;esso realizzato in titanio 6AL4V, completa la costruzione premium del coltello.<\/p>\n<p>Lama in acciaio inossidabile CPM S45VN: la lama drop point da 3,25&#8243;, rettificata e lavata a pietra, \u00e8 realizzata in acciaio inossidabile CPM S45VN, noto per la sua eccezionale durezza (59-61 HRC) e ritenzione del filo. Il doppio trattamento termico criogenico profondo garantisce prestazioni ottimali.<\/p>\n<p>Specifiche:<\/p>\n<p>Produttore: Spartan Blades<br \/>\nProgettista: William W. Harsey<br \/>\nLunghezza lama: 8,12 cm<br \/>\nLunghezza totale: 18 centimetri<br \/>\nLama: acciaio inossidabile CPM S45VN<br \/>\nDurezza della lama: 59-61<br \/>\nStile lama: Drop Point &#8211; Flat Ground &#8211; Stone Washed<br \/>\nMontatura: Titanio 6AL4V &#8211; Satinato &#8211; Finitura Sabbiata<br \/>\nRaccordi: titanio 6AL4V<br \/>\nPeso: 2,9 once. \/ 0,184 libbre<br \/>\nMigliora la tua esperienza di trasporto quotidiana con la Spartan Harsey Fold 3.25: una fusione di arte, funzionalit\u00e0 e maestria superiore. Dai rinomati produttori di Spartan Blades, questa cartella \u00e8 pi\u00f9 di un semplice strumento; \u00e8 una dichiarazione di eccellenza nel mondo dei coltelli ad alte prestazioni<\/p>\n<p><iframe title=\"Spartan Blades Company Knife Company Story with Co-Founders Mark Carey and Curtis Iovito.\" width=\"800\" height=\"450\" src=\"https:\/\/www.youtube.com\/embed\/S-EVJgZR57Y?feature=oembed\" frameborder=\"0\" allow=\"accelerometer; autoplay; clipboard-write; encrypted-media; gyroscope; picture-in-picture; web-share\" referrerpolicy=\"strict-origin-when-cross-origin\" allowfullscreen><\/iframe><\/p>\n<p>&nbsp;<\/p>\n","protected":false},"excerpt":{"rendered":"<p><strong>Presentazione dello Spartan Harsey Fold &#8211; l&#8217;ultimo apice dell&#8217;eccellenza di Spartan Blades in collaborazione con il leggendario produttore di coltelli William &#8220;Bill&#8221; Harsey Jr.<\/strong><\/p>\n<p>Trasporto gratuito.<\/p>\n","protected":false},"featured_media":325232,"comment_status":"open","ping_status":"closed","template":"","meta":[],"pwb-brand":[3834],"product_brand":[],"product_cat":[3749,3745],"product_tag":[3755],"class_list":{"0":"post-325283","1":"product","2":"type-product","3":"status-publish","4":"has-post-thumbnail","6":"pwb-brand-lame-spartane","7":"product_cat-coltelli-di-chiusura","8":"product_cat-coltelli","9":"product_tag-b2b-it","11":"first","12":"instock","13":"taxable","14":"shipping-taxable","15":"purchasable","16":"product-type-simple"},"brands":[{"id":3834,"name":"Lame spartane","slug":"lame-spartane"}],"_links":{"self":[{"href":"https:\/\/www.moskito.cz\/it\/wp-json\/wp\/v2\/product\/325283","targetHints":{"allow":["GET"]}}],"collection":[{"href":"https:\/\/www.moskito.cz\/it\/wp-json\/wp\/v2\/product"}],"about":[{"href":"https:\/\/www.moskito.cz\/it\/wp-json\/wp\/v2\/types\/product"}],"replies":[{"embeddable":true,"href":"https:\/\/www.moskito.cz\/it\/wp-json\/wp\/v2\/comments?post=325283"}],"wp:featuredmedia":[{"embeddable":true,"href":"https:\/\/www.moskito.cz\/it\/wp-json\/wp\/v2\/media\/325232"}],"wp:attachment":[{"href":"https:\/\/www.moskito.cz\/it\/wp-json\/wp\/v2\/media?parent=325283"}],"wp:term":[{"taxonomy":"pwb-brand","embeddable":true,"href":"https:\/\/www.moskito.cz\/it\/wp-json\/wp\/v2\/pwb-brand?post=325283"},{"taxonomy":"product_brand","embeddable":true,"href":"https:\/\/www.moskito.cz\/it\/wp-json\/wp\/v2\/product_brand?post=325283"},{"taxonomy":"product_cat","embeddable":true,"href":"https:\/\/www.moskito.cz\/it\/wp-json\/wp\/v2\/product_cat?post=325283"},{"taxonomy":"product_tag","embeddable":true,"href":"https:\/\/www.moskito.cz\/it\/wp-json\/wp\/v2\/product_tag?post=325283"}],"curies":[{"name":"wp","href":"https:\/\/api.w.org\/{rel}","templated":true}]}}