{"id":325334,"date":"2024-04-03T19:55:49","date_gmt":"2024-04-03T18:57:32","guid":{"rendered":"https:\/\/www.moskito.cz\/produkt\/spartan-blades-custom-harsey-damasco-sf10dmbl-coltello-pieghevole-in-damasco\/"},"modified":"2025-05-07T11:08:12","modified_gmt":"2025-05-07T10:08:12","slug":"spartan-blades-custom-harsey-damasco-sf10dmbl-coltello-pieghevole-in-damasco","status":"publish","type":"product","link":"https:\/\/www.moskito.cz\/it\/produkt\/spartan-blades-custom-harsey-damasco-sf10dmbl-coltello-pieghevole-in-damasco\/","title":{"rendered":"Spartan Blades Custom Harsey Damasco SF10DMBL Coltello pieghevole in damasco"},"content":{"rendered":"<p><strong>Spartan Blades<\/strong> Custom Harsey Damasco SF10DMBL Coltello pieghevole in damasco<\/p>\n<p>Presentazione dello Spartan-Harsey Fold, l&#8217;ultimo apice del design di Spartan Blades in collaborazione con il famoso produttore di coltelli William &#8220;Bill&#8221; Harsey Jr. Questo coltello tascabile con telaio in titanio 6AL4V \u00e8 realizzato con cura per coloro che apprezzano l&#8217;affidabilit\u00e0, l&#8217;artigianalit\u00e0 e un tocco di eleganza.<\/p>\n<p>Propriet\u00e0 chiave:<\/p>\n<p>Eccellenza della lama: la lama in acciaio inossidabile Damasco Chad Nichols da 3,25 pollici non solo vanta un&#8217;estetica eccezionale, ma offre anche prestazioni superiori. Lo stile drop-point, la superficie piatta e la finitura in pietra garantiscono versatilit\u00e0 e durata.<\/p>\n<p>Design Frame-Lock: il blocco del telaio \u00e8 realizzato interamente in titanio 6AL-4V e fornisce un blocco sicuro e affidabile. La cartella di medie dimensioni raggiunge il perfetto equilibrio tra funzionalit\u00e0 e portabilit\u00e0.<\/p>\n<p>Clip da tasca reversibile: goditi la flessibilit\u00e0 di trasporto con una clip da tasca a doppia faccia e due bottoni automatici per il pollice per indossarlo senza problemi con la mano sinistra e destra.<\/p>\n<p>Hardware anodizzato blu: questa variante presenta un accattivante hardware anodizzato blu che aggiunge un tocco distintivo al tuo abbigliamento quotidiano.<\/p>\n<p>Artigianato esperto: realizzato con precisione e cura, SHF 3.25 riflette l&#8217;impegno di Spartan Blades per la qualit\u00e0. La finitura satinata e sabbiata della montatura in titanio aggiunge un tocco di raffinatezza.<\/p>\n<p>Specifiche:<\/p>\n<p>Produttore: Spartan Blades<br \/>\nProgettista: William W. Harsey<br \/>\nLunghezza lama: 8,12 cm<br \/>\nLunghezza totale: 18 centimetri<br \/>\nMateriale lama: acciaio inossidabile Damasco Chad Nichols<br \/>\nDurezza della lama: 59-61<br \/>\nStile lama: Drop Point &#8211; Flat Ground &#8211; Stone Washed<br \/>\nMateriale montatura: Titanio 6AL4V &#8211; Satinato &#8211; Finitura Sabbiata<br \/>\nHardware: titanio 6AL4V &#8211; hardware anodizzato blu<br \/>\nPeso: 2,9 once. \/ 0,184 libbre<br \/>\nMigliora il tuo trasporto quotidiano con la cartella Spartan-Harsey 3.25, dove l&#8217;arte incontra la funzionalit\u00e0 in una cartella da vero gentiluomo.<\/p>\n<p><iframe title=\"Spartan Blades Company Knife Company Story with Co-Founders Mark Carey and Curtis Iovito.\" width=\"800\" height=\"450\" src=\"https:\/\/www.youtube.com\/embed\/S-EVJgZR57Y?feature=oembed\" frameborder=\"0\" allow=\"accelerometer; autoplay; clipboard-write; encrypted-media; gyroscope; picture-in-picture; web-share\" referrerpolicy=\"strict-origin-when-cross-origin\" allowfullscreen><\/iframe><\/p>\n<p>&nbsp;<\/p>\n","protected":false},"excerpt":{"rendered":"<p><strong>Presentazione dello Spartan-Harsey Fold, l&#8217;ultimo apice del design di Spartan Blades in collaborazione con il famoso produttore di coltelli William &#8220;Bill&#8221; Harsey Jr.<\/strong><\/p>\n<p>Trasporto gratuito.<\/p>\n","protected":false},"featured_media":325289,"comment_status":"open","ping_status":"closed","template":"","meta":[],"pwb-brand":[3834],"product_brand":[],"product_cat":[3745,3761],"product_tag":[3755],"class_list":{"0":"post-325334","1":"product","2":"type-product","3":"status-publish","4":"has-post-thumbnail","6":"pwb-brand-lame-spartane","7":"product_cat-coltelli","8":"product_cat-coltelli-damascenati","9":"product_tag-b2b-it","11":"first","12":"instock","13":"taxable","14":"shipping-taxable","15":"purchasable","16":"product-type-simple"},"brands":[{"id":3834,"name":"Lame spartane","slug":"lame-spartane"}],"_links":{"self":[{"href":"https:\/\/www.moskito.cz\/it\/wp-json\/wp\/v2\/product\/325334","targetHints":{"allow":["GET"]}}],"collection":[{"href":"https:\/\/www.moskito.cz\/it\/wp-json\/wp\/v2\/product"}],"about":[{"href":"https:\/\/www.moskito.cz\/it\/wp-json\/wp\/v2\/types\/product"}],"replies":[{"embeddable":true,"href":"https:\/\/www.moskito.cz\/it\/wp-json\/wp\/v2\/comments?post=325334"}],"wp:featuredmedia":[{"embeddable":true,"href":"https:\/\/www.moskito.cz\/it\/wp-json\/wp\/v2\/media\/325289"}],"wp:attachment":[{"href":"https:\/\/www.moskito.cz\/it\/wp-json\/wp\/v2\/media?parent=325334"}],"wp:term":[{"taxonomy":"pwb-brand","embeddable":true,"href":"https:\/\/www.moskito.cz\/it\/wp-json\/wp\/v2\/pwb-brand?post=325334"},{"taxonomy":"product_brand","embeddable":true,"href":"https:\/\/www.moskito.cz\/it\/wp-json\/wp\/v2\/product_brand?post=325334"},{"taxonomy":"product_cat","embeddable":true,"href":"https:\/\/www.moskito.cz\/it\/wp-json\/wp\/v2\/product_cat?post=325334"},{"taxonomy":"product_tag","embeddable":true,"href":"https:\/\/www.moskito.cz\/it\/wp-json\/wp\/v2\/product_tag?post=325334"}],"curies":[{"name":"wp","href":"https:\/\/api.w.org\/{rel}","templated":true}]}}