{"id":325363,"date":"2022-04-21T20:06:46","date_gmt":"2024-04-04T13:37:47","guid":{"rendered":"https:\/\/www.moskito.cz\/produkt\/coltello-chiudibile-double-safe-hunter-cold-steel\/"},"modified":"2025-05-07T11:08:15","modified_gmt":"2025-05-07T10:08:15","slug":"coltello-chiudibile-double-safe-hunter-cold-steel","status":"publish","type":"product","link":"https:\/\/www.moskito.cz\/it\/produkt\/coltello-chiudibile-double-safe-hunter-cold-steel\/","title":{"rendered":"Coltello chiudibile DOUBLE SAFE HUNTER Cold Steel"},"content":{"rendered":"<p><strong>Coltello chiudibile DOUBLE SAFE HUNTER Cold Steel<\/strong> .<\/p>\n<p>Se stai cercando un cacciatore pieghevole economico ma ad alte prestazioni, non cercare oltre il Double Safe Hunter. \u00c8 modellato sul nostro estremamente popolare Voyager della vecchia scuola. La sua lama larga con clip \u00e8 lunga 3,5 ed \u00e8 realizzata in acciaio 8Cr13MoV, temprato con durezza Rockwell 57-58. Qualunque sia il lavoro, puoi essere sicuro di avere il coltello giusto a portata di mano, con una lama abbastanza piccola per tagli complessi ma abbastanza grande per abbattere qualsiasi cosa, da un topo a un alce. La sua impugnatura in nylon mimetico (GFN) \u00e8 sottile ed ergonomicamente gradevole e presenta una clip da tasca in plastica sostituibile. Le clip da tasca in plastica aiutano a ridurre i graffi e i graffi sulla tappezzeria e su altre superfici che le clip in acciaio sono note per causare. Come sempre, Cold Steel ha progettato la Double Safe pensando alle tue dita. Il suo blocco a culla all&#8217;avanguardia \u00e8 dotato di un meccanismo di sicurezza secondario estremamente resistente agli urti e agli urti quando attivato.<\/p>\n<p>PARAMETRI DEL PRODOTTO<br \/>\nLunghezza della lama. 89 mm<br \/>\nAcciaio: inossidabile 8Cr13MoV<br \/>\nPeso: 116 g<br \/>\nLunghezza impugnatura: 140 mm<br \/>\nDimensioni complessive: 229 mm<br \/>\nSpessore lama: 3 mm<br \/>\nColore: Marrone\/Argento<br \/>\nTipo di fusibile: Doppia chiusura di sicurezza<br \/>\nMateriale manico: manico lungo GFN<\/p>\n<p>Se stai cercando un cacciatore pieghevole economico ma ad alte prestazioni, non cercare oltre il Double Safe Hunter. \u00c8 modellato sul nostro estremamente popolare Voyager della vecchia scuola. La sua ampia lama a clip \u00e8 lunga 3,5 ed \u00e8 realizzata in acciaio 8Cr13MoV, temperato con durezza Rockwell 57-58. Non importa quale lavoro, puoi essere sicuro di avere il coltello giusto a portata di mano, con una lama abbastanza piccola per compiti di taglio complessi, ma abbastanza grande per scuoiare qualsiasi cosa, da un topo a un alce. Un sogno da usare per un certo periodo di tempo, la sua impugnatura mimetica in nylon riempito di vetro (GFN) \u00e8 sottile ed ergonomicamente gradevole e presenta una clip da tasca in plastica sostituibile. Le clip da tasca in plastica aiutano a limitare gli strappi e i graffi sulla tappezzeria e su altre superfici che le clip in acciaio possono causare. Come sempre, Cold Steel ha pensato alle tue dita durante la progettazione di Double Safe. Il suo blocco a bilanciere all&#8217;avanguardia \u00e8 dotato di un meccanismo di sicurezza secondario che, una volta attivato, \u00e8 estremamente resistente agli urti e agli impatti.<br \/>\nPeso: 4,1 once Spessore lama: 3 mm Lunghezza lama: 3-1\/2 pollici Acciaio lama: 8Cr13MoV Lunghezza\/materiale impugnatura: 4-7\/8 pollici GFN (Camo) Lunghezza totale: 8-3\/8 pollici Caratteristiche aggiuntive: Tasca ambidestra\/Clip da cintura Tipo di coltello: Cartella Famiglia di prodotti: Gamma di lunghezze della lama Double Safe Hunter: 3-5 in acciaio Famiglia: MoV Forma della lama: Meccanismo di bloccaggio del punto di clip: Blocco a bilanciere<\/p>\n<p>&nbsp;<\/p>\n","protected":false},"excerpt":{"rendered":"<p>Il Double Safe Hunter \u00e8 un coltello da lavoro da caccia progettato da Andrew Demko considerando il fatto che i coltelli da lavoro sono fortemente sollecitati e spesso vengono persi.<\/p>\n","protected":false},"featured_media":325364,"comment_status":"open","ping_status":"closed","template":"","meta":[],"pwb-brand":[3791],"product_brand":[],"product_cat":[3745,3749],"product_tag":[],"class_list":{"0":"post-325363","1":"product","2":"type-product","3":"status-publish","4":"has-post-thumbnail","6":"pwb-brand-acciaio-freddo","7":"product_cat-coltelli","8":"product_cat-coltelli-di-chiusura","10":"first","11":"instock","12":"taxable","13":"shipping-taxable","14":"purchasable","15":"product-type-simple"},"brands":[{"id":3791,"name":"Acciaio freddo","slug":"acciaio-freddo"}],"_links":{"self":[{"href":"https:\/\/www.moskito.cz\/it\/wp-json\/wp\/v2\/product\/325363","targetHints":{"allow":["GET"]}}],"collection":[{"href":"https:\/\/www.moskito.cz\/it\/wp-json\/wp\/v2\/product"}],"about":[{"href":"https:\/\/www.moskito.cz\/it\/wp-json\/wp\/v2\/types\/product"}],"replies":[{"embeddable":true,"href":"https:\/\/www.moskito.cz\/it\/wp-json\/wp\/v2\/comments?post=325363"}],"wp:featuredmedia":[{"embeddable":true,"href":"https:\/\/www.moskito.cz\/it\/wp-json\/wp\/v2\/media\/325364"}],"wp:attachment":[{"href":"https:\/\/www.moskito.cz\/it\/wp-json\/wp\/v2\/media?parent=325363"}],"wp:term":[{"taxonomy":"pwb-brand","embeddable":true,"href":"https:\/\/www.moskito.cz\/it\/wp-json\/wp\/v2\/pwb-brand?post=325363"},{"taxonomy":"product_brand","embeddable":true,"href":"https:\/\/www.moskito.cz\/it\/wp-json\/wp\/v2\/product_brand?post=325363"},{"taxonomy":"product_cat","embeddable":true,"href":"https:\/\/www.moskito.cz\/it\/wp-json\/wp\/v2\/product_cat?post=325363"},{"taxonomy":"product_tag","embeddable":true,"href":"https:\/\/www.moskito.cz\/it\/wp-json\/wp\/v2\/product_tag?post=325363"}],"curies":[{"name":"wp","href":"https:\/\/api.w.org\/{rel}","templated":true}]}}