{"id":325369,"date":"2021-07-22T08:32:18","date_gmt":"2021-07-22T07:32:18","guid":{"rendered":"https:\/\/www.moskito.cz\/produkt\/coltello-solido-acciaio-freddo-kobun\/"},"modified":"2025-05-07T11:08:15","modified_gmt":"2025-05-07T10:08:15","slug":"coltello-solido-acciaio-freddo-kobun","status":"publish","type":"product","link":"https:\/\/www.moskito.cz\/it\/produkt\/coltello-solido-acciaio-freddo-kobun\/","title":{"rendered":"Coltello Solido Acciaio Freddo KOBUN"},"content":{"rendered":"<p>Coltello Fisso <strong>Cold Steel<\/strong> KOBUN.<\/p>\n<p>Il Cold Steel Kobun \u00e8 un coltello leggero che prende il nome dal mondo sotterraneo giapponese, dove la parola &#8220;Kobun&#8221; viene talvolta utilizzata come indicatore di grado, suggerendo la parola &#8220;soldato&#8221; ovvero colui che prende ordini dal suo capo &#8220;Oyabun&#8221;. \u00c8 un nome appropriato per un coltello come il Kobun che \u00e8 stato veramente progettato per essere un &#8220;buon soldato&#8221;. Ha dimostrato di essere incredibilmente popolare tra i militari, dove \u00e8 apprezzato per la sua leggerezza e il profilo discreto, nonch\u00e9 per la sua durata e potenziale di taglio. Il Kobun \u00e8 dotato dell&#8217;iconica punta rinforzata &#8220;American Tanto&#8221; di Cold Steels, che lo rende altamente resistente alla flessione o alla rottura poich\u00e9 \u00e8 rinforzato attraverso l&#8217;intero spessore del dorso della lama (che si estende quasi fino alla punta della lama). Nonostante il suo profilo sottile, l&#8217;impugnatura Kray-Ex a scacchi profondi di Kobun \u00e8 progettata per fornire la massima presa ed \u00e8 sagomata per resistere alla rotazione o allo spostamento nella mano.<\/p>\n<p>Lunghezza totale: 252 mm<br \/>\nLa lama \u00e8 realizzata in acciaio AUS 8A SS<br \/>\nLunghezza lama: 137 mm<br \/>\nManico in materiale Kraton (Kray-Ex)<br \/>\nResistente guaina in polimero Secure-Ex con clip in acciaio inossidabile<\/p>\n<p><strong>Cold Steel<\/strong> \u00e8 un&#8217;azienda impegnata nella produzione dei coltelli pi\u00f9 resistenti e affilati al mondo. Negli ultimi tre decenni, Cold Steel \u00e8 stata in prima linea in molte innovazioni che hanno contribuito a definire l&#8217;industria dei coltelli. I successi successivi, inclusa l&#8217;introduzione dei manici a quadri Kraton\u00ae e degli stili di lame a punta tanto, sono passati da caratteristiche curiose a marchi industriali di qualit\u00e0 e raffinatezza. La nuova direzione \u00e8 stata interrotta anche con l&#8217;introduzione di nuove lame in acciaio uniche come San Mai III\u00ae e Tri-Ad \u2122 Lock e meccanismo di bloccaggio per coltelli pieghevoli. Ad esempio, il Tri-Ad \u2122 Lock non \u00e8 mai stato eguagliato da nessuno dei concorrenti di Cold Steel e non \u00e8 stato dimostrato che superi in prestazioni qualsiasi cosa abbiano prodotto fino ad oggi. Naturalmente, Cold Steel guarder\u00e0 sempre al futuro e si impegner\u00e0 costantemente a produrre i coltelli pi\u00f9 resistenti e affilati al mondo. Questo obiettivo, altrettanto sfuggente e difficile da raggiungere, \u00e8 lo stesso da quarant\u2019anni. Cold Steel Inc. \u00e8 un&#8217;azienda focalizzata sulla produzione dei coltelli, delle spade, dei tomahawk, dei machete, delle posate e degli strumenti pi\u00f9 resistenti e affilati per il trasporto quotidiano: EDC. Rapidamente adottato dai militari, dalle forze speciali delle forze dell&#8217;ordine, dai soccorritori, dai professionisti dell&#8217;autodifesa e dai membri della comunit\u00e0 delle arti marziali, Cold Steel si \u00e8 rapidamente fatto un nome per qualit\u00e0, forza, affidabilit\u00e0 e affidabilit\u00e0 nel trasporto quotidiano (EDC) . La nostra gamma diversificata e variegata \u00e8 cresciuta rapidamente fino a includere non solo una vasta selezione di coltelli pieghevoli (dalle lame pi\u00f9 piccole &#8220;EDC&#8221; ai nostri iconici &#8220;mega-cartella&#8221; giganti) ma anche lame fisse, spade, sciabole, bastoni e alabarde, come oltre a provviste da caccia, lance, fucili, asce, machete, tomahawk e strumenti! Nel corso dei decenni, Cold Steel ha introdotto nuovi materiali e design pionieristici che hanno contribuito a plasmare il mondo dei coltelli, delle armi da taglio e degli strumenti moderni. Dall&#8217;introduzione delle impugnature a scacchi Kraton\u00ae e della lama Tanto &#8220;americanizzata&#8221;, all&#8217;inclusione di nuovi acciai per lame innovativi come San Mai III\u00ae e meccanismi di bloccaggio rivoluzionari (come il nostro Tri-Ad \u2122 Lock). Guardando al futuro, Cold Steel continua a portare sul mercato nuovi livelli di resistenza, sicurezza e prestazioni, fornendo prodotti comprovati su cui puoi fare affidamento, sempre e ovunque!<\/p>\n<p>&nbsp;<\/p>\n","protected":false},"excerpt":{"rendered":"<p><strong>Kobun di Cold Steel \u00e8 una vera icona! \u00c8 un coltello solido con una lama Tanto. Grazie alle sue dimensioni e al suo peso, il Kobun \u00e8 molto facile da maneggiare.<\/strong><\/p>\n","protected":false},"featured_media":325370,"comment_status":"open","ping_status":"closed","template":"","meta":[],"pwb-brand":[3791],"product_brand":[],"product_cat":[3746,3745],"product_tag":[3755],"class_list":{"0":"post-325369","1":"product","2":"type-product","3":"status-publish","4":"has-post-thumbnail","6":"pwb-brand-acciaio-freddo","7":"product_cat-coltelli-solidi","8":"product_cat-coltelli","9":"product_tag-b2b-it","11":"first","12":"instock","13":"taxable","14":"shipping-taxable","15":"purchasable","16":"product-type-simple"},"brands":[{"id":3791,"name":"Acciaio freddo","slug":"acciaio-freddo"}],"_links":{"self":[{"href":"https:\/\/www.moskito.cz\/it\/wp-json\/wp\/v2\/product\/325369","targetHints":{"allow":["GET"]}}],"collection":[{"href":"https:\/\/www.moskito.cz\/it\/wp-json\/wp\/v2\/product"}],"about":[{"href":"https:\/\/www.moskito.cz\/it\/wp-json\/wp\/v2\/types\/product"}],"replies":[{"embeddable":true,"href":"https:\/\/www.moskito.cz\/it\/wp-json\/wp\/v2\/comments?post=325369"}],"wp:featuredmedia":[{"embeddable":true,"href":"https:\/\/www.moskito.cz\/it\/wp-json\/wp\/v2\/media\/325370"}],"wp:attachment":[{"href":"https:\/\/www.moskito.cz\/it\/wp-json\/wp\/v2\/media?parent=325369"}],"wp:term":[{"taxonomy":"pwb-brand","embeddable":true,"href":"https:\/\/www.moskito.cz\/it\/wp-json\/wp\/v2\/pwb-brand?post=325369"},{"taxonomy":"product_brand","embeddable":true,"href":"https:\/\/www.moskito.cz\/it\/wp-json\/wp\/v2\/product_brand?post=325369"},{"taxonomy":"product_cat","embeddable":true,"href":"https:\/\/www.moskito.cz\/it\/wp-json\/wp\/v2\/product_cat?post=325369"},{"taxonomy":"product_tag","embeddable":true,"href":"https:\/\/www.moskito.cz\/it\/wp-json\/wp\/v2\/product_tag?post=325369"}],"curies":[{"name":"wp","href":"https:\/\/api.w.org\/{rel}","templated":true}]}}