{"id":325418,"date":"2020-10-09T17:12:13","date_gmt":"2020-10-09T16:12:13","guid":{"rendered":"https:\/\/www.moskito.cz\/produkt\/coltello-da-tiro-a-baionetta-beltrame-stiletto-pearl\/"},"modified":"2025-07-11T07:52:45","modified_gmt":"2025-07-11T06:52:45","slug":"coltello-da-tiro-a-baionetta-beltrame-stiletto-pearl","status":"publish","type":"product","link":"https:\/\/www.moskito.cz\/it\/produkt\/coltello-da-tiro-a-baionetta-beltrame-stiletto-pearl\/","title":{"rendered":"Coltello da tiro a baionetta Beltrame Stiletto Pearl"},"content":{"rendered":"<p>Coltello da tiro a baionetta <strong>Beltrame<\/strong> Stiletto Pearl.<br \/>\nColtello da tiro laterale con sicura sul calcio. Il gambo \u00e8 in madreperla bianca, la lama \u00e8 in acciaio 420 (durezza da 54 a 56 HRC). Lunghezza allo stato aperto cm 23. La lunghezza della lama \u00e8 di cm 9,8.<\/p>\n<p>I coltelli Beltrame sono prodotti in Italia dal 1953. L&#8217;azienda \u00e8 stata fondata da Frank Beltram. Il segreto per realizzare questi coltelli Stiletto fa parte della storia di Maniago, che viene tramandata di padre in figlio. Da bambino, Frank aiutava nella fabbrica di suo padre, dove in seguito inizi\u00f2 a lavorare come apprendista di suo padre. Inoltre, ha frequentato una scuola di coltelleria tradizionale, dove ha imparato tutto sui diversi materiali, sulle ultime tecnologie di lavorazione e sui diversi stili di design. Nel 1958 Frank e la sua famiglia iniziarono a produrre coltelli automatici. Un anno dopo la morte del padre di Frank per infarto mentre lavorava in fabbrica, Frank fond\u00f2 l&#8217;azienda Beltrame. Negli anni successivi continua lo studio e la ricerca sui coltelli, sui materiali adatti e sul design. Dopo poco tempo apparvero sul mercato imitazioni economiche provenienti da Taiwan, i tradizionali coltelli Stiletto italiani. Quindi Frank dovette affrontare un nuovo problema. Fortunatamente la qualit\u00e0 di questi coltelli economici parla da sola, ogni collezionista sa che non c&#8217;\u00e8 modo di paragonarli ad un vero pugnale Beltrame. I coltelli Beltrame hanno conquistato il riconoscimento dei clienti pi\u00f9 esigenti del mondo grazie alla passione di Frank per questi coltelli. Nella produzione dei coltelli sfrutta la sua pluriennale esperienza acquisita in tenera et\u00e0. Nel 2005 i coltelli Beltrame hanno ricevuto il certificato di qualit\u00e0 Maniago, con il quale hanno superato gli standard qualitativi europei. Ci\u00f2 significa che questi coltelli vengono testati ogni anno per la qualit\u00e0 dei materiali.<\/p>\n<p>Il supporto girevole in acciaio inossidabile o alpacca viene utilizzato per sbloccare la lama, anch&#8217;esso in acciaio inossidabile AISI 420 inossidabile MA5M HRC 56. L&#8217;apertura avviene tramite il pulsante situato al centro della maniglia.<\/p>\n<p>Descrizione<br \/>\nIl supporto girevole in acciaio inossidabile o alpacca viene utilizzato per sbloccare la lama, anch&#8217;esso in acciaio inossidabile AISI 420 inossidabile MA5M HRC 56. L&#8217;apertura avviene tramite il pulsante situato al centro della maniglia.<br \/>\nI manici possono essere in plastica colorata bianco, nero rosso, blu e verde, corno scuro, corno biondo e corno brasiliano, palissandro, cocobolo, legno d&#8217;ulivo, legno serpente, cervo, osso, abalone e madreperla.<br \/>\nLe camicie sono in ottone e la molla \u00e8 in acciaio inossidabile assemblata e piegata manualmente da Frank Beltrame, mai da una macchina.<br \/>\nI rivetti sulle maniglie sono in ottone<br \/>\nIl modello Classic \u00e8 interamente assemblato a mano con precisione e accuratezza e presenta una finitura artigianale.<\/p>\n","protected":false},"excerpt":{"rendered":"<p>I coltelli Beltrame sono prodotti in Italia dal 1953. L&#8217;azienda \u00e8 stata fondata da Frank Beltram. Il segreto per realizzare questi coltelli Stiletto fa parte della storia di Maniago, che viene tramandata di padre in figlio.<br \/>\n<strong>Fatto in Italia.<\/strong><\/p>\n","protected":false},"featured_media":176132,"comment_status":"open","ping_status":"closed","template":"","meta":[],"pwb-brand":[3780],"product_brand":[],"product_cat":[3748,3745],"product_tag":[],"class_list":{"0":"post-325418","1":"product","2":"type-product","3":"status-publish","4":"has-post-thumbnail","6":"pwb-brand-beltrame-it","7":"product_cat-coltelli-da-tiro","8":"product_cat-coltelli","10":"first","11":"instock","12":"taxable","13":"shipping-taxable","14":"purchasable","15":"product-type-simple"},"brands":[{"id":3780,"name":"Beltrame","slug":"beltrame-it"}],"_links":{"self":[{"href":"https:\/\/www.moskito.cz\/it\/wp-json\/wp\/v2\/product\/325418","targetHints":{"allow":["GET"]}}],"collection":[{"href":"https:\/\/www.moskito.cz\/it\/wp-json\/wp\/v2\/product"}],"about":[{"href":"https:\/\/www.moskito.cz\/it\/wp-json\/wp\/v2\/types\/product"}],"replies":[{"embeddable":true,"href":"https:\/\/www.moskito.cz\/it\/wp-json\/wp\/v2\/comments?post=325418"}],"wp:featuredmedia":[{"embeddable":true,"href":"https:\/\/www.moskito.cz\/it\/wp-json\/wp\/v2\/media\/176132"}],"wp:attachment":[{"href":"https:\/\/www.moskito.cz\/it\/wp-json\/wp\/v2\/media?parent=325418"}],"wp:term":[{"taxonomy":"pwb-brand","embeddable":true,"href":"https:\/\/www.moskito.cz\/it\/wp-json\/wp\/v2\/pwb-brand?post=325418"},{"taxonomy":"product_brand","embeddable":true,"href":"https:\/\/www.moskito.cz\/it\/wp-json\/wp\/v2\/product_brand?post=325418"},{"taxonomy":"product_cat","embeddable":true,"href":"https:\/\/www.moskito.cz\/it\/wp-json\/wp\/v2\/product_cat?post=325418"},{"taxonomy":"product_tag","embeddable":true,"href":"https:\/\/www.moskito.cz\/it\/wp-json\/wp\/v2\/product_tag?post=325418"}],"curies":[{"name":"wp","href":"https:\/\/api.w.org\/{rel}","templated":true}]}}