{"id":325419,"date":"2020-10-21T15:18:43","date_gmt":"2020-10-21T14:18:43","guid":{"rendered":"https:\/\/www.moskito.cz\/produkt\/coltello-da-tiro-beltrame-classic-bone-bayonet\/"},"modified":"2025-12-22T16:01:56","modified_gmt":"2025-12-22T15:01:56","slug":"coltello-da-tiro-beltrame-classic-bone-bayonet","status":"publish","type":"product","link":"https:\/\/www.moskito.cz\/it\/produkt\/coltello-da-tiro-beltrame-classic-bone-bayonet\/","title":{"rendered":"Beltrame Baionetta classica in osso 23 cm"},"content":{"rendered":"<div class=\"flex-1 overflow-hidden @container\/thread\">\n<div class=\"h-full\">\n<div class=\"react-scroll-to-bottom--css-quzxw-79elbk h-full\">\n<div class=\"react-scroll-to-bottom--css-quzxw-1n7m0yu\">\n<div class=\"flex flex-col text-sm\">\n<article class=\"w-full scroll-mb-[var(--thread-trailing-height,150px)] text-token-text-primary focus-visible:outline-2 focus-visible:outline-offset-[-4px]\" dir=\"auto\" data-testid=\"conversation-turn-61\" data-scroll-anchor=\"true\">\n<div class=\"m-auto text-base py-[18px] px-3 md:px-4 w-full md:px-5 lg:px-4 xl:px-5\">\n<div class=\"mx-auto flex flex-1 gap-4 text-base md:gap-5 lg:gap-6 md:max-w-3xl\">\n<div class=\"group\/conversation-turn relative flex w-full min-w-0 flex-col agent-turn\">\n<div class=\"flex-col gap-1 md:gap-3\">\n<div class=\"flex max-w-full flex-col flex-grow\">\n<div class=\"min-h-8 text-message flex w-full flex-col items-end gap-2 whitespace-normal break-words text-start [.text-message+&amp;]:mt-5\" dir=\"auto\" data-message-author-role=\"assistant\" data-message-id=\"f710b637-5037-4e50-84e6-4ac6fb6e6e91\" data-message-model-slug=\"gpt-4o-mini\">\n<div class=\"flex w-full flex-col gap-1 empty:hidden first:pt-[3px]\">\n<div class=\"markdown prose w-full break-words dark:prose-invert light\">\n<h1 data-pm-slice=\"1 1 []\">\ud83d\udde1\ufe0f <strong>Coltello a espulsione Beltrame Classic Bone Bayonet 23 cm &#8211; Eleganza tradizionale con considerazioni di lusso<\/strong><\/h1>\n<p><strong>Beltrame Classic Bone Bayonet 23 cm<\/strong> \u00e8 un <strong>classico coltello a serramanico italiano<\/strong> che si distingue per <strong>il design elegante e la qualit\u00e0 della lavorazione<\/strong>. Il manico in vero osso conferisce al coltello un <strong>aspetto lussuoso<\/strong>, mentre la <strong>lama a baionetta in acciaio inox di precisione<\/strong> garantisce prestazioni affidabili. <\/p>\n<h2><strong>Caratteristiche principali<\/strong><\/h2>\n<p>\ud83d\udd2a  <strong>La lama:<\/strong> Acciaio inossidabile <strong>440A<\/strong> &#8211; <strong>resistente alla corrosione, facile da affilare<\/strong><br \/>\n\ud83d\udccf <strong>Lunghezza della lama:<\/strong> <strong>10 cm<\/strong> &#8211; <strong>misura pratica e versatile<\/strong><br \/>\n\ud83d\udcd0 <strong>Lunghezza complessiva:<\/strong> <strong>23 cm<\/strong> &#8211; <strong>compatta ma comunque maneggevole<\/strong><br \/>\n\u2696\ufe0f <strong>Peso:<\/strong> circa <strong>140 g<\/strong> &#8211;          <strong>leggero e bilanciato per un uso confortevole<\/strong><br \/>\n\ud83d\udd04 <strong>Meccanismo:<\/strong> pulsante laterale &#8211; <strong>apertura rapida e affidabile<\/strong><br \/>\n\ud83d\udd17 <strong>Sicurezza:<\/strong> blocco posteriore &#8211; <strong>garantisce un trasporto e una manipolazione sicuri<\/strong><br \/>\n\ud83c\udfa8 <strong>Impugnatura:<\/strong> in vero osso &#8211;       <strong>lussuoso, resistente e durevole<\/strong><\/p>\n<h2>\ud83d\udccc <strong>Utilizzo<\/strong><\/h2>\n<p>\u2705  <strong>Classico pezzo da collezione<\/strong> &#8211; adatto agli appassionati di coltelli tradizionali italiani<br \/>\n\u2705  <strong>Accessorio pratico ed elegante<\/strong>, ideale da indossare tutti i giorni<br \/>\n\u2705  <strong>Meccanismo di espulsione affidabile<\/strong> &#8211; veloce e comodo da usare<\/p>\n<h2>\ud83d\udd27 <strong>Manutenzione e rettifica<\/strong><\/h2>\n<p>\ud83e\uddfc <strong>Pulizia:<\/strong> dopo l&#8217;uso, pulire la lama con <strong>un panno asciutto<\/strong> e lubrificare regolarmente il meccanismo.<br \/>\n\ud83e\ude92 S <strong>merigliatura:<\/strong> Si consiglia di utilizzare <strong>smerigliatrici in ceramica o diamantate<\/strong> per mantenere l&#8217;affilatura.<br \/>\n\ud83c\udf21\ufe0f <strong>Conservazione:<\/strong> conservare in <strong>un ambiente asciutto<\/strong> per preservare la qualit\u00e0 dei materiali.  <\/p>\n<h2>\u2705 <strong>Benefici<\/strong><\/h2>\n<p>\u2714\ufe0f <strong>Look di lusso<\/strong> &#8211; l&#8217;osso vero conferisce al coltello <strong>eleganza e unicit\u00e0<\/strong><br \/>\n\u2714\ufe0f <strong>Lama durevole in acciaio inox<\/strong> &#8211; facile manutenzione e lunga durata<br \/>\n\u2714\ufe0f <strong>Meccanismo veloce e affidabile<\/strong>: apertura istantanea con la semplice pressione di un pulsante<br \/>\n\u2714\ufe0f <strong>Design leggero e compatto<\/strong>, ideale per essere trasportato ed esposto in una collezione. <\/p>\n<h2>\u274c <strong>Svantaggi<\/strong><\/h2>\n<p>\u2757 <strong>Manico in osso destro<\/strong> &#8211; pu\u00f2 essere pi\u00f9 sensibile all&#8217;umidit\u00e0 e agli urti<br \/>\n\u2757 <strong>Non \u00e8 progettato per un uso intensivo<\/strong>: \u00e8 pi\u00f9 adatto come coltello elegante che come strumento di lavoro.<br \/>\n\u2757 <strong>Richiede una manutenzione regolare<\/strong> &#8211; lubrificazione e pulizia del meccanismo per una funzionalit\u00e0 a lungo termine <\/p>\n<h2>\ud83d\udd1a <strong>Conclusion<\/strong><\/h2>\n<p><strong>Il Beltrame Classic Bone Bayonet 23 cm<\/strong> \u00e8 un <strong>eccezionale coltello a serramanico<\/strong> che <strong>combina la tradizionale qualit\u00e0 italiana con materiali di lusso<\/strong>. \u00c8 ideale per i collezionisti, gli appassionati di coltelli e coloro che desiderano <strong>un coltello elegante e raffinato con un tocco storico<\/strong>. <\/p>\n<p>\ud83d\udce2 <strong>Ordina ora e aggiungi un pezzo di vera tradizione italiana alla tua collezione!<\/strong> \ud83d\uded2<\/p>\n<\/div>\n<\/div>\n<\/div>\n<\/div>\n<\/div>\n<\/div>\n<\/div>\n<\/div>\n<\/article>\n<\/div>\n<\/div>\n<\/div>\n<\/div>\n<\/div>\n","protected":false},"excerpt":{"rendered":"<p><strong>Il Beltrame Classic Bone Bayonet 23 cm \u00e8 un eccezionale coltello a serramanico che combina la tradizionale qualit\u00e0 italiana con materiali di lusso. \u00c8 ideale per i collezionisti, gli appassionati di coltelli e coloro che desiderano un coltello elegante e di classe con un tocco storico. <\/strong><\/p>\n","protected":false},"featured_media":176147,"comment_status":"open","ping_status":"closed","template":"","meta":[],"pwb-brand":[3780],"product_brand":[],"product_cat":[3748,3745],"product_tag":[],"class_list":{"0":"post-325419","1":"product","2":"type-product","3":"status-publish","4":"has-post-thumbnail","6":"pwb-brand-beltrame-it","7":"product_cat-coltelli-da-tiro","8":"product_cat-coltelli","10":"first","11":"instock","12":"taxable","13":"shipping-taxable","14":"purchasable","15":"product-type-simple"},"brands":[{"id":3780,"name":"Beltrame","slug":"beltrame-it"}],"_links":{"self":[{"href":"https:\/\/www.moskito.cz\/it\/wp-json\/wp\/v2\/product\/325419","targetHints":{"allow":["GET"]}}],"collection":[{"href":"https:\/\/www.moskito.cz\/it\/wp-json\/wp\/v2\/product"}],"about":[{"href":"https:\/\/www.moskito.cz\/it\/wp-json\/wp\/v2\/types\/product"}],"replies":[{"embeddable":true,"href":"https:\/\/www.moskito.cz\/it\/wp-json\/wp\/v2\/comments?post=325419"}],"wp:featuredmedia":[{"embeddable":true,"href":"https:\/\/www.moskito.cz\/it\/wp-json\/wp\/v2\/media\/176147"}],"wp:attachment":[{"href":"https:\/\/www.moskito.cz\/it\/wp-json\/wp\/v2\/media?parent=325419"}],"wp:term":[{"taxonomy":"pwb-brand","embeddable":true,"href":"https:\/\/www.moskito.cz\/it\/wp-json\/wp\/v2\/pwb-brand?post=325419"},{"taxonomy":"product_brand","embeddable":true,"href":"https:\/\/www.moskito.cz\/it\/wp-json\/wp\/v2\/product_brand?post=325419"},{"taxonomy":"product_cat","embeddable":true,"href":"https:\/\/www.moskito.cz\/it\/wp-json\/wp\/v2\/product_cat?post=325419"},{"taxonomy":"product_tag","embeddable":true,"href":"https:\/\/www.moskito.cz\/it\/wp-json\/wp\/v2\/product_tag?post=325419"}],"curies":[{"name":"wp","href":"https:\/\/api.w.org\/{rel}","templated":true}]}}