{"id":325435,"date":"2022-08-19T22:03:22","date_gmt":"2024-04-05T09:12:32","guid":{"rendered":"https:\/\/www.moskito.cz\/produkt\/coltello-di-chiusura-crkt-m16-02db\/"},"modified":"2025-05-07T11:08:21","modified_gmt":"2025-05-07T10:08:21","slug":"coltello-di-chiusura-crkt-m16-02db","status":"publish","type":"product","link":"https:\/\/www.moskito.cz\/it\/produkt\/coltello-di-chiusura-crkt-m16-02db\/","title":{"rendered":"Coltello di chiusura CRKT M16-02DB"},"content":{"rendered":"<p>Coltello di chiusura <strong>CRKT<\/strong> M16-02DB.<\/p>\n<p>Un classico rinato.<\/p>\n<p>Come prendere un coltello gi\u00e0 universalmente riconosciuto e renderlo tre volte pi\u00f9 buono? Prendendo il leggendario design M16\u00ae, immaginato da uno dei coltelli pi\u00f9 straordinari della storia, e aggiungendo tre innovazioni rivoluzionarie: Deadbolt\u00ae, apertura assistita e sistema con perno con cuscinetto a sfera IKBS\u2122. Tornando con una lama tanto compatta, l&#8217;M16\u00ae-02DB non solo \u00e8 bloccato e caricato, ma ora \u00e8 pi\u00f9 veloce che mai da schierare. Il designer di coltelli Kit Carson ci ha regalato un classico senza tempo anni fa. Ora \u00e8 tornato con un&#8217;eredit\u00e0 completamente nuova di cui essere all&#8217;altezza.<br \/>\nForte e semplice: la serratura Deadbolt\u00ae offre una resistenza incredibile ed \u00e8 facile da usare<br \/>\nApertura assistita: Flipper apre rapidamente la lama<br \/>\nApertura fluida: il perno con cuscinetto a sfera IKBS\u2122 distribuisce la lama senza intoppi<br \/>\nPrestazioni superiori: lama in acciaio D2 per una ritenzione superiore della lama<br \/>\nRobusta e leggera: la maniglia in alluminio unisce robustezza e peso minimo<br \/>\nBasso profilo: la clip da tasca garantisce un trasporto sicuro<\/p>\n<p>SPECIFICHE<br \/>\nLunghezza lama 3,12&#8243; (79,15 mm)<br \/>\nLama Lama liscia<br \/>\nLama in acciaio D2<br \/>\nFinitura lama Stonewash<br \/>\nSpessore lama 0,12&#8243; (2,95 mm)<br \/>\nLunghezza totale 7,38&#8243; (187,33 mm)<br \/>\nLunghezza chiusa 4,28&#8243; (108,59 mm)<br \/>\nPeso 4,00 once (113,40 g)<br \/>\nManiglia in alluminio<br \/>\nColtello pieghevole Style con chiusura Deadbolt\u00ae<\/p>\n","protected":false},"excerpt":{"rendered":"<p><strong>Progettato da Kit Carson a Vine Grove, Kentucky.<\/strong><\/p>\n<p><strong>Trasporto gratuito.<\/strong><\/p>\n","protected":false},"featured_media":325438,"comment_status":"open","ping_status":"closed","template":"","meta":[],"pwb-brand":[3763],"product_brand":[],"product_cat":[3749,3745],"product_tag":[3755],"class_list":{"0":"post-325435","1":"product","2":"type-product","3":"status-publish","4":"has-post-thumbnail","6":"pwb-brand-crkt-it","7":"product_cat-coltelli-di-chiusura","8":"product_cat-coltelli","9":"product_tag-b2b-it","11":"first","12":"instock","13":"sale","14":"taxable","15":"shipping-taxable","16":"purchasable","17":"product-type-simple"},"brands":[{"id":3763,"name":"CRKT","slug":"crkt-it"}],"_links":{"self":[{"href":"https:\/\/www.moskito.cz\/it\/wp-json\/wp\/v2\/product\/325435","targetHints":{"allow":["GET"]}}],"collection":[{"href":"https:\/\/www.moskito.cz\/it\/wp-json\/wp\/v2\/product"}],"about":[{"href":"https:\/\/www.moskito.cz\/it\/wp-json\/wp\/v2\/types\/product"}],"replies":[{"embeddable":true,"href":"https:\/\/www.moskito.cz\/it\/wp-json\/wp\/v2\/comments?post=325435"}],"wp:featuredmedia":[{"embeddable":true,"href":"https:\/\/www.moskito.cz\/it\/wp-json\/wp\/v2\/media\/325438"}],"wp:attachment":[{"href":"https:\/\/www.moskito.cz\/it\/wp-json\/wp\/v2\/media?parent=325435"}],"wp:term":[{"taxonomy":"pwb-brand","embeddable":true,"href":"https:\/\/www.moskito.cz\/it\/wp-json\/wp\/v2\/pwb-brand?post=325435"},{"taxonomy":"product_brand","embeddable":true,"href":"https:\/\/www.moskito.cz\/it\/wp-json\/wp\/v2\/product_brand?post=325435"},{"taxonomy":"product_cat","embeddable":true,"href":"https:\/\/www.moskito.cz\/it\/wp-json\/wp\/v2\/product_cat?post=325435"},{"taxonomy":"product_tag","embeddable":true,"href":"https:\/\/www.moskito.cz\/it\/wp-json\/wp\/v2\/product_tag?post=325435"}],"curies":[{"name":"wp","href":"https:\/\/api.w.org\/{rel}","templated":true}]}}