{"id":325657,"date":"2023-10-03T16:17:41","date_gmt":"2024-04-05T09:42:48","guid":{"rendered":"https:\/\/www.moskito.cz\/produkt\/coltello-di-chiusura-crkt-kalbi-7540\/"},"modified":"2025-05-07T11:08:28","modified_gmt":"2025-05-07T10:08:28","slug":"coltello-di-chiusura-crkt-kalbi-7540","status":"publish","type":"product","link":"https:\/\/www.moskito.cz\/it\/produkt\/coltello-di-chiusura-crkt-kalbi-7540\/","title":{"rendered":"Coltello di chiusura CRKT Kalbi 7540"},"content":{"rendered":"<p>Coltello di chiusura <strong>CRKT<\/strong> Kalbi 7540<\/p>\n<p>Evoluzione quotidiana.<\/p>\n<p>Membro della famiglia Crossbones, il Kalbi \u00e8 un coltello versatile per tutti i giorni che \u00e8 stato aggiornato con una lama giapponese Acuto 440 per una migliore ritenzione del filo. Ritorna il pratico ed elegante design Crossbones, ora con un inconfondibile manico in alluminio blu che distingue questo coltello come qualcosa di speciale.<\/p>\n<p>Prestazioni migliorate: l&#8217;Acuto 440 mantiene bene il filo<br \/>\nApertura fluida: il perno con cuscinetto a sfera IKBS\u2122 distribuisce la lama senza intoppi<br \/>\nRobusto e leggero: la maniglia in alluminio unisce robustezza e peso minimo<br \/>\nFacile da chiudere: il blocco dell&#8217;inserto pu\u00f2 essere facilmente chiuso con una mano<br \/>\nBasso profilo: la clip da tasca garantisce un trasporto sicuro<br \/>\nOpzioni accessori: Foro per cordino per portachiavi o ciondolo<\/p>\n<p>Lama in acciaio Acuto 440<br \/>\nBordo della lama liscio<br \/>\nFinitura lama satinata<\/p>\n<p>Lunghezza lama: 8,33 cm<br \/>\nSpessore lama: 0,26 cm<br \/>\nLunghezza totale: 18,57 centimetri<br \/>\nLunghezza da chiuso: 10,21 cm<br \/>\nPeso: 56,70 grammi<\/p>\n<p>Maniglia materiale alluminio<br \/>\nElegante coltello pieghevole con Liner Lock<\/p>\n<p><iframe title=\"CRKT Kalbi | Jeff Park Design\" width=\"800\" height=\"450\" src=\"https:\/\/www.youtube.com\/embed\/rBeyUWLRsMA?feature=oembed\" frameborder=\"0\" allow=\"accelerometer; autoplay; clipboard-write; encrypted-media; gyroscope; picture-in-picture; web-share\" referrerpolicy=\"strict-origin-when-cross-origin\" allowfullscreen><\/iframe><\/p>\n<p>&nbsp;<\/p>\n<p>&nbsp;<\/p>\n<p>&nbsp;<\/p>\n","protected":false},"excerpt":{"rendered":"<p><strong>DesignerJeff Park Mililani, Hawaii<\/strong><\/p>\n<p><strong>Un fatidico giorno del 2005, entr\u00f2 nel negozio di Ken Onion a Kaneohe, nelle Hawaii, e non se ne and\u00f2 pi\u00f9. Beh, non \u00e8 del tutto vero, ma sicuramente ha impressionato un produttore di coltelli di livello mondiale e ha imparato un paio di cose lungo il percorso. Jeff Park \u00e8 una persona attenta ai dettagli, e con questo intendiamo un perfezionista assoluto, come si vede nei suoi design semplici ma impeccabili. \u00c8 un artista nel senso pi\u00f9 elementare: la forma segue la funzione e i suoi coltelli riflettono una notevole comprensione di entrambi.<\/strong><\/p>\n<p>&nbsp;<\/p>\n","protected":false},"featured_media":325658,"comment_status":"open","ping_status":"closed","template":"","meta":[],"pwb-brand":[3763],"product_brand":[],"product_cat":[3749,3745],"product_tag":[3755],"class_list":{"0":"post-325657","1":"product","2":"type-product","3":"status-publish","4":"has-post-thumbnail","6":"pwb-brand-crkt-it","7":"product_cat-coltelli-di-chiusura","8":"product_cat-coltelli","9":"product_tag-b2b-it","11":"first","12":"instock","13":"taxable","14":"shipping-taxable","15":"purchasable","16":"product-type-simple"},"brands":[{"id":3763,"name":"CRKT","slug":"crkt-it"}],"_links":{"self":[{"href":"https:\/\/www.moskito.cz\/it\/wp-json\/wp\/v2\/product\/325657","targetHints":{"allow":["GET"]}}],"collection":[{"href":"https:\/\/www.moskito.cz\/it\/wp-json\/wp\/v2\/product"}],"about":[{"href":"https:\/\/www.moskito.cz\/it\/wp-json\/wp\/v2\/types\/product"}],"replies":[{"embeddable":true,"href":"https:\/\/www.moskito.cz\/it\/wp-json\/wp\/v2\/comments?post=325657"}],"wp:featuredmedia":[{"embeddable":true,"href":"https:\/\/www.moskito.cz\/it\/wp-json\/wp\/v2\/media\/325658"}],"wp:attachment":[{"href":"https:\/\/www.moskito.cz\/it\/wp-json\/wp\/v2\/media?parent=325657"}],"wp:term":[{"taxonomy":"pwb-brand","embeddable":true,"href":"https:\/\/www.moskito.cz\/it\/wp-json\/wp\/v2\/pwb-brand?post=325657"},{"taxonomy":"product_brand","embeddable":true,"href":"https:\/\/www.moskito.cz\/it\/wp-json\/wp\/v2\/product_brand?post=325657"},{"taxonomy":"product_cat","embeddable":true,"href":"https:\/\/www.moskito.cz\/it\/wp-json\/wp\/v2\/product_cat?post=325657"},{"taxonomy":"product_tag","embeddable":true,"href":"https:\/\/www.moskito.cz\/it\/wp-json\/wp\/v2\/product_tag?post=325657"}],"curies":[{"name":"wp","href":"https:\/\/api.w.org\/{rel}","templated":true}]}}