{"id":325717,"date":"2022-09-26T19:44:46","date_gmt":"2024-04-05T09:46:54","guid":{"rendered":"https:\/\/www.moskito.cz\/produkt\/coltello-di-chiusura-crkt-fossil-compact-5460\/"},"modified":"2025-05-07T11:08:30","modified_gmt":"2025-05-07T10:08:30","slug":"coltello-di-chiusura-crkt-fossil-compact-5460","status":"publish","type":"product","link":"https:\/\/www.moskito.cz\/it\/produkt\/coltello-di-chiusura-crkt-fossil-compact-5460\/","title":{"rendered":"Coltello di chiusura CRKT FOSSIL COMPACT 5460"},"content":{"rendered":"<p>Coltello di chiusura <strong>CRKT<\/strong> FOSSIL COMPACT 5460.<\/p>\n<p>Tutti gli altri tuoi coltelli alla moda scompariranno.<\/p>\n<p>\u00c8 un coltello che ricorda un&#8217;altra epoca. Ma con un&#8217;impugnatura bicolore forgiata e un sistema di perni con cuscinetti a sfera IKBS\u2122, questo non invecchier\u00e0 mai, soprattutto quando si tratta di tagliare.<\/p>\n<p>Fossil\u2122 combina il meglio del designer Flavio Ikoma di Presidente Prudente, Brasile. Con spunti stilistici presenti sui suoi precedenti modelli Sampa\u2122 e Carajas\u2122, eleva l&#8217;estro artistico per creare un pezzo che \u00e8 inconfondibilmente Ikoma, ma distintamente una nuova generazione di tavole pieghevoli EDC.<\/p>\n<p>Il coltello ha un aspetto unico e preistorico. Ma fa il lavoro come un T-rex con steroidi in acciaio inossidabile grazie alla lama cava da 3.410 pollici con punto di caduta.<\/p>\n<p>Il coltello tascabile dall&#8217;aspetto unico \u00e8 dotato di un sistema di perno con cuscinetto a sfera IKBS\u2122 combinato con una linguetta di apertura per un&#8217;implementazione della lama fluida e rapida. L&#8217;intaglio per il pollice nella lama offre una seconda opzione per aprire il coltello. La pinna si trasforma anche in un bellissimo puntale quando la pala \u00e8 aperta. Nel reparto delle caratteristiche, \u00e8 la sopravvivenza del pi\u00f9 adatto.<\/p>\n<p>Anche se Fossil\u2122 \u00e8 hardcore all&#8217;interno, \u00e8 stupendo all&#8217;esterno. Le maniglie sono realizzate in acciaio inossidabile con una superficie martellata unica. Le sovrapposizioni di impugnatura multicolori modellate fanno sembrare il G10 un alligatore. Ma la lama non cadr\u00e0 e ti morder\u00e0 in posizione aperta grazie al blocco del telaio.<\/p>\n<p>SPECIFICHE<br \/>\nLunghezza lama 3,41&#8243; (86,61 mm)<br \/>\nLama Lama liscia<br \/>\nLama in acciaio 8Cr13MoV<br \/>\nTrattamento superficiale della lama Satinato<br \/>\nSpessore lama 0,11&#8243; (2,79 mm)<br \/>\nLunghezza totale 7,69&#8243; (195,33 mm)<br \/>\nLunghezza chiusa 4,31&#8243; (109,47 mm)<br \/>\nPeso 4,10 once (116,23 g)<br \/>\nManiglia Acciaio inossidabile con rivestimento G10<br \/>\nColtello pieghevole Style con blocco del telaio<\/p>\n<p><iframe title=\"CRKT Fossil Knife Overview | by Flavio Ikoma\" width=\"800\" height=\"450\" src=\"https:\/\/www.youtube.com\/embed\/jWzo_Ikvh0g?feature=oembed\" frameborder=\"0\" allow=\"accelerometer; autoplay; clipboard-write; encrypted-media; gyroscope; picture-in-picture; web-share\" referrerpolicy=\"strict-origin-when-cross-origin\" allowfullscreen><\/iframe><\/p>\n<p>&nbsp;<\/p>\n<p>&nbsp;<\/p>\n","protected":false},"excerpt":{"rendered":"<p>Progettato da Flavio Ikoma a Presidente Prudente, Brasile.<\/p>\n","protected":false},"featured_media":325718,"comment_status":"open","ping_status":"closed","template":"","meta":[],"pwb-brand":[3763],"product_brand":[],"product_cat":[3749,3745],"product_tag":[3755],"class_list":{"0":"post-325717","1":"product","2":"type-product","3":"status-publish","4":"has-post-thumbnail","6":"pwb-brand-crkt-it","7":"product_cat-coltelli-di-chiusura","8":"product_cat-coltelli","9":"product_tag-b2b-it","11":"first","12":"instock","13":"taxable","14":"shipping-taxable","15":"purchasable","16":"product-type-simple"},"brands":[{"id":3763,"name":"CRKT","slug":"crkt-it"}],"_links":{"self":[{"href":"https:\/\/www.moskito.cz\/it\/wp-json\/wp\/v2\/product\/325717","targetHints":{"allow":["GET"]}}],"collection":[{"href":"https:\/\/www.moskito.cz\/it\/wp-json\/wp\/v2\/product"}],"about":[{"href":"https:\/\/www.moskito.cz\/it\/wp-json\/wp\/v2\/types\/product"}],"replies":[{"embeddable":true,"href":"https:\/\/www.moskito.cz\/it\/wp-json\/wp\/v2\/comments?post=325717"}],"wp:featuredmedia":[{"embeddable":true,"href":"https:\/\/www.moskito.cz\/it\/wp-json\/wp\/v2\/media\/325718"}],"wp:attachment":[{"href":"https:\/\/www.moskito.cz\/it\/wp-json\/wp\/v2\/media?parent=325717"}],"wp:term":[{"taxonomy":"pwb-brand","embeddable":true,"href":"https:\/\/www.moskito.cz\/it\/wp-json\/wp\/v2\/pwb-brand?post=325717"},{"taxonomy":"product_brand","embeddable":true,"href":"https:\/\/www.moskito.cz\/it\/wp-json\/wp\/v2\/product_brand?post=325717"},{"taxonomy":"product_cat","embeddable":true,"href":"https:\/\/www.moskito.cz\/it\/wp-json\/wp\/v2\/product_cat?post=325717"},{"taxonomy":"product_tag","embeddable":true,"href":"https:\/\/www.moskito.cz\/it\/wp-json\/wp\/v2\/product_tag?post=325717"}],"curies":[{"name":"wp","href":"https:\/\/api.w.org\/{rel}","templated":true}]}}