{"id":325907,"date":"2021-07-29T19:01:25","date_gmt":"2024-04-05T11:27:14","guid":{"rendered":"https:\/\/www.moskito.cz\/produkt\/coltello-di-chiusura-crkt-m16-01ks\/"},"modified":"2025-05-07T11:08:33","modified_gmt":"2025-05-07T10:08:33","slug":"coltello-di-chiusura-crkt-m16-01ks","status":"publish","type":"product","link":"https:\/\/www.moskito.cz\/it\/produkt\/coltello-di-chiusura-crkt-m16-01ks\/","title":{"rendered":"Coltello di chiusura CRKT M16-01KS"},"content":{"rendered":"<p>Coltello di chiusura <strong>CRKT<\/strong> M16-01KS.<\/p>\n<p>Progettato da Kit Carson a Vine Grove, Kentucky<br \/>\nLa serie M16 \u2013SS EDC: una comprovata piattaforma di design dei coltelli semplice, durevole e conveniente.<\/p>\n<p>Se sei un fan dei coltelli pieghevoli tattici M16 progettati da Kit Carson, ti consigliamo di dare un&#8217;occhiata a queste varianti in acciaio inossidabile (SS).<br \/>\nBlocco del telaio<br \/>\nManiglie in acciaio inossidabile<br \/>\nRivestimento EDP nero resistente alla corrosione<\/p>\n<p>SPECIFICHE<br \/>\nLunghezza lama 3,06&#8243; (77,72 mm)<br \/>\nBordo della lama semplice<br \/>\nLama in acciaio 8Cr14MoV<br \/>\nFinitura della lama EDP<br \/>\nSpessore lama 0,49&#8243; (2,49 mm)<br \/>\nLunghezza totale 7,13&#8243; (181,10 mm)<br \/>\nLunghezza da chiuso 4,00&#8243; (101,60 mm)<br \/>\nPeso 2,60 once. (73,71 grammi)<br \/>\nManiglia Acciaio inossidabile<br \/>\nColtello pieghevole Style con blocco del telaio<\/p>\n<p><strong>CRKT\u00ae<\/strong> (Columbia River Knife and Tool\u00ae) \u00e8 stata fondata nel 1994. Fin dal primo giorno, ha messo al primo posto l\u2019innovazione e l\u2019integrit\u00e0. Si impegna a realizzare coltelli e strumenti che ispirino e durino. Lavora con i migliori designer del mondo e lavora secondo un principio semplice: la cosa pi\u00f9 grande che pu\u00f2 dare ai clienti \u00e8 la fiducia nelle sue mani.<\/p>\n<p><iframe title=\"M16-01KZ EDC Knife | by Kit Carson\" width=\"800\" height=\"450\" src=\"https:\/\/www.youtube.com\/embed\/LEYJQ9xC1IQ?feature=oembed\" frameborder=\"0\" allow=\"accelerometer; autoplay; clipboard-write; encrypted-media; gyroscope; picture-in-picture; web-share\" referrerpolicy=\"strict-origin-when-cross-origin\" allowfullscreen><\/iframe><\/p>\n<p>&nbsp;<\/p>\n","protected":false},"excerpt":{"rendered":"<p>Progettato da Kit Carson a Vine Grove, Kentucky.<\/p>\n","protected":false},"featured_media":325908,"comment_status":"open","ping_status":"closed","template":"","meta":[],"pwb-brand":[3763],"product_brand":[],"product_cat":[3749,3745],"product_tag":[3755],"class_list":{"0":"post-325907","1":"product","2":"type-product","3":"status-publish","4":"has-post-thumbnail","6":"pwb-brand-crkt-it","7":"product_cat-coltelli-di-chiusura","8":"product_cat-coltelli","9":"product_tag-b2b-it","11":"first","12":"outofstock","13":"taxable","14":"shipping-taxable","15":"purchasable","16":"product-type-simple"},"brands":[{"id":3763,"name":"CRKT","slug":"crkt-it"}],"_links":{"self":[{"href":"https:\/\/www.moskito.cz\/it\/wp-json\/wp\/v2\/product\/325907","targetHints":{"allow":["GET"]}}],"collection":[{"href":"https:\/\/www.moskito.cz\/it\/wp-json\/wp\/v2\/product"}],"about":[{"href":"https:\/\/www.moskito.cz\/it\/wp-json\/wp\/v2\/types\/product"}],"replies":[{"embeddable":true,"href":"https:\/\/www.moskito.cz\/it\/wp-json\/wp\/v2\/comments?post=325907"}],"wp:featuredmedia":[{"embeddable":true,"href":"https:\/\/www.moskito.cz\/it\/wp-json\/wp\/v2\/media\/325908"}],"wp:attachment":[{"href":"https:\/\/www.moskito.cz\/it\/wp-json\/wp\/v2\/media?parent=325907"}],"wp:term":[{"taxonomy":"pwb-brand","embeddable":true,"href":"https:\/\/www.moskito.cz\/it\/wp-json\/wp\/v2\/pwb-brand?post=325907"},{"taxonomy":"product_brand","embeddable":true,"href":"https:\/\/www.moskito.cz\/it\/wp-json\/wp\/v2\/product_brand?post=325907"},{"taxonomy":"product_cat","embeddable":true,"href":"https:\/\/www.moskito.cz\/it\/wp-json\/wp\/v2\/product_cat?post=325907"},{"taxonomy":"product_tag","embeddable":true,"href":"https:\/\/www.moskito.cz\/it\/wp-json\/wp\/v2\/product_tag?post=325907"}],"curies":[{"name":"wp","href":"https:\/\/api.w.org\/{rel}","templated":true}]}}