{"id":325957,"date":"2021-07-31T19:49:52","date_gmt":"2021-07-31T18:49:52","guid":{"rendered":"https:\/\/www.moskito.cz\/produkt\/coltello-di-chiusura-crkt-pilar\/"},"modified":"2025-05-07T11:08:34","modified_gmt":"2025-05-07T10:08:34","slug":"coltello-di-chiusura-crkt-pilar","status":"publish","type":"product","link":"https:\/\/www.moskito.cz\/it\/produkt\/coltello-di-chiusura-crkt-pilar\/","title":{"rendered":"Coltello di chiusura CRKT PILAR"},"content":{"rendered":"<p>Coltello di chiusura <strong>CRKT<\/strong> PILAR.<\/p>\n<p>Progettato da Jesper Voxnaes a Loegstrup, Danimarca<br \/>\nDove il design minimale incontra la massima utilit\u00e0.<\/p>\n<p>Pilar\u00ae \u00e8 un coltello per tutti i giorni super compatto con un sorprendente design minimalista e una storia epica dietro il suo nome. Ha un profilo basso ed \u00e8 sobrio quando \u00e8 nascosto, ed \u00e8 progettato con cura per superare il suo peso durante l&#8217;uso.<br \/>\nMettere la lama sul pollice<br \/>\nFinitura lama satinata<br \/>\nTrattamento superficiale della maniglia<\/p>\n<p>SPECIFICHE<br \/>\nLunghezza lama 2,40&#8243; (61,01 mm)<br \/>\nBordo della lama semplice<br \/>\nLama in acciaio 8Cr13MoV<br \/>\nFinitura lama satinata<br \/>\nSpessore lama 0,68 pollici (3,68 mm)<br \/>\nLunghezza totale 5,94&#8243; (150,83 mm)<br \/>\nLunghezza chiusa 3,53 pollici (89,66 mm)<br \/>\nPeso 4,20 once. (119,07 g)<br \/>\nManiglia Acciaio inossidabile<br \/>\nColtello pieghevole Style con blocco del telaio<\/p>\n<p><strong>CRKT\u00ae<\/strong> (Columbia River Knife and Tool\u00ae) \u00e8 stata fondata nel 1994. Fin dal primo giorno, ha messo al primo posto l\u2019innovazione e l\u2019integrit\u00e0. Si impegna a realizzare coltelli e strumenti che ispirino e durino. Lavora con i migliori designer del mondo e lavora secondo un principio semplice: la cosa pi\u00f9 grande che pu\u00f2 dare ai clienti \u00e8 la fiducia nelle sue mani.<\/p>\n","protected":false},"excerpt":{"rendered":"<p>Coltello con bloccaggio di sicurezza e clip per il trasporto.<\/p>\n","protected":false},"featured_media":325958,"comment_status":"open","ping_status":"closed","template":"","meta":[],"pwb-brand":[3763],"product_brand":[],"product_cat":[3749,3745],"product_tag":[3755],"class_list":{"0":"post-325957","1":"product","2":"type-product","3":"status-publish","4":"has-post-thumbnail","6":"pwb-brand-crkt-it","7":"product_cat-coltelli-di-chiusura","8":"product_cat-coltelli","9":"product_tag-b2b-it","11":"first","12":"outofstock","13":"taxable","14":"shipping-taxable","15":"purchasable","16":"product-type-simple"},"brands":[{"id":3763,"name":"CRKT","slug":"crkt-it"}],"_links":{"self":[{"href":"https:\/\/www.moskito.cz\/it\/wp-json\/wp\/v2\/product\/325957","targetHints":{"allow":["GET"]}}],"collection":[{"href":"https:\/\/www.moskito.cz\/it\/wp-json\/wp\/v2\/product"}],"about":[{"href":"https:\/\/www.moskito.cz\/it\/wp-json\/wp\/v2\/types\/product"}],"replies":[{"embeddable":true,"href":"https:\/\/www.moskito.cz\/it\/wp-json\/wp\/v2\/comments?post=325957"}],"wp:featuredmedia":[{"embeddable":true,"href":"https:\/\/www.moskito.cz\/it\/wp-json\/wp\/v2\/media\/325958"}],"wp:attachment":[{"href":"https:\/\/www.moskito.cz\/it\/wp-json\/wp\/v2\/media?parent=325957"}],"wp:term":[{"taxonomy":"pwb-brand","embeddable":true,"href":"https:\/\/www.moskito.cz\/it\/wp-json\/wp\/v2\/pwb-brand?post=325957"},{"taxonomy":"product_brand","embeddable":true,"href":"https:\/\/www.moskito.cz\/it\/wp-json\/wp\/v2\/product_brand?post=325957"},{"taxonomy":"product_cat","embeddable":true,"href":"https:\/\/www.moskito.cz\/it\/wp-json\/wp\/v2\/product_cat?post=325957"},{"taxonomy":"product_tag","embeddable":true,"href":"https:\/\/www.moskito.cz\/it\/wp-json\/wp\/v2\/product_tag?post=325957"}],"curies":[{"name":"wp","href":"https:\/\/api.w.org\/{rel}","templated":true}]}}