{"id":326025,"date":"2022-08-19T20:28:09","date_gmt":"2024-04-05T11:37:19","guid":{"rendered":"https:\/\/www.moskito.cz\/produkt\/coltello-di-chiusura-crkt-m16-02ss\/"},"modified":"2025-05-07T11:08:36","modified_gmt":"2025-05-07T10:08:36","slug":"coltello-di-chiusura-crkt-m16-02ss","status":"publish","type":"product","link":"https:\/\/www.moskito.cz\/it\/produkt\/coltello-di-chiusura-crkt-m16-02ss\/","title":{"rendered":"Coltello di chiusura CRKT M16-02SS"},"content":{"rendered":"<p>Coltello di chiusura <strong>CRKT<\/strong> M16-02SS.<\/p>\n<p>Un ritorno classico. Il popolare design M16\u00ae del defunto Kit Carson ritorna con una serie in acciaio inossidabile. Queste tre versioni offrono prestazioni e funzionalit\u00e0 ancora maggiori rispetto a prima e offrono una gamma di dimensioni e design delle lame, cos\u00ec puoi scegliere quella pi\u00f9 adatta a te. L&#8217;M16\u00ae-02SS conserva tutte le caratteristiche popolari della gamma di componenti tattici Kit, che sono state poi riprogettate per il trasporto quotidiano, aggiungendo ancora pi\u00f9 potenza e prestazioni al mix. Realizzata con tanto, una lama Sandvik 12C27\u2122 di alta qualit\u00e0 per una ritenzione superiore del filo, \u00e8 rifinita con una finitura perlata per ridurre abbagliamenti o riflessi indesiderati. Proveniente da un vero classico, l&#8217;M16\u00ae-02SS in acciaio inossidabile \u00e8 un calibro di ritorno completamente diverso.<\/p>\n<p>SPECIFICHE<br \/>\nLunghezza lama 3,06&#8243; (77,83 mm)<br \/>\nLama Lama liscia<br \/>\nLama in acciaio 12C27 Sandvik<br \/>\nFinitura superficiale della lama Sabbiatura<br \/>\nSpessore lama 0,12&#8243; (2,92 mm)<br \/>\nLunghezza totale 7,38&#8243; (187,33 mm)<br \/>\nLunghezza chiusa 4,25&#8243; (108,00 mm)<br \/>\nPeso 3,60 once (102,06 g)<br \/>\nManiglia Acciaio inossidabile<br \/>\nColtello pieghevole Style con blocco del telaio<\/p>\n<p><iframe title=\"CRKT M16\u00ae-02SS | Kit Carson Design\" width=\"800\" height=\"450\" src=\"https:\/\/www.youtube.com\/embed\/iekqTraZ52A?feature=oembed\" frameborder=\"0\" allow=\"accelerometer; autoplay; clipboard-write; encrypted-media; gyroscope; picture-in-picture; web-share\" referrerpolicy=\"strict-origin-when-cross-origin\" allowfullscreen><\/iframe><\/p>\n<p>&nbsp;<\/p>\n","protected":false},"excerpt":{"rendered":"<p>Progettato da Kit Carson a Vine Grove, Kentucky.<\/p>\n","protected":false},"featured_media":326026,"comment_status":"open","ping_status":"closed","template":"","meta":[],"pwb-brand":[3763],"product_brand":[],"product_cat":[3745,3749],"product_tag":[3755],"class_list":{"0":"post-326025","1":"product","2":"type-product","3":"status-publish","4":"has-post-thumbnail","6":"pwb-brand-crkt-it","7":"product_cat-coltelli","8":"product_cat-coltelli-di-chiusura","9":"product_tag-b2b-it","11":"first","12":"outofstock","13":"taxable","14":"shipping-taxable","15":"purchasable","16":"product-type-simple"},"brands":[{"id":3763,"name":"CRKT","slug":"crkt-it"}],"_links":{"self":[{"href":"https:\/\/www.moskito.cz\/it\/wp-json\/wp\/v2\/product\/326025","targetHints":{"allow":["GET"]}}],"collection":[{"href":"https:\/\/www.moskito.cz\/it\/wp-json\/wp\/v2\/product"}],"about":[{"href":"https:\/\/www.moskito.cz\/it\/wp-json\/wp\/v2\/types\/product"}],"replies":[{"embeddable":true,"href":"https:\/\/www.moskito.cz\/it\/wp-json\/wp\/v2\/comments?post=326025"}],"wp:featuredmedia":[{"embeddable":true,"href":"https:\/\/www.moskito.cz\/it\/wp-json\/wp\/v2\/media\/326026"}],"wp:attachment":[{"href":"https:\/\/www.moskito.cz\/it\/wp-json\/wp\/v2\/media?parent=326025"}],"wp:term":[{"taxonomy":"pwb-brand","embeddable":true,"href":"https:\/\/www.moskito.cz\/it\/wp-json\/wp\/v2\/pwb-brand?post=326025"},{"taxonomy":"product_brand","embeddable":true,"href":"https:\/\/www.moskito.cz\/it\/wp-json\/wp\/v2\/product_brand?post=326025"},{"taxonomy":"product_cat","embeddable":true,"href":"https:\/\/www.moskito.cz\/it\/wp-json\/wp\/v2\/product_cat?post=326025"},{"taxonomy":"product_tag","embeddable":true,"href":"https:\/\/www.moskito.cz\/it\/wp-json\/wp\/v2\/product_tag?post=326025"}],"curies":[{"name":"wp","href":"https:\/\/api.w.org\/{rel}","templated":true}]}}