{"id":326109,"date":"2021-07-29T19:49:21","date_gmt":"2021-07-29T18:49:21","guid":{"rendered":"https:\/\/www.moskito.cz\/produkt\/coltello-di-chiusura-crkt-m16-02ks\/"},"modified":"2025-05-07T11:08:38","modified_gmt":"2025-05-07T10:08:38","slug":"coltello-di-chiusura-crkt-m16-02ks","status":"publish","type":"product","link":"https:\/\/www.moskito.cz\/it\/produkt\/coltello-di-chiusura-crkt-m16-02ks\/","title":{"rendered":"Coltello di chiusura CRKT M16-02KS"},"content":{"rendered":"<p>Coltello di chiusura <strong>CRKT<\/strong> M16-02KS.<\/p>\n<p>Progettato da Kit Carson a Vine Grove, Kentucky<br \/>\nOmaggio: pagato. L&#8217;M16\u00ae \u00e8 la linea pi\u00f9 popolare che CRKT\u00ae abbia mai visto. Grazie al venerato Kit Carson, siamo onorati di questa nuova iterazione con blocco del telaio del leggendario coltello pieghevole quotidiano di ispirazione tattica. Questo \u00e8 molto pi\u00f9 di una semplice rivisitazione di un classico. \u00c8 un omaggio a uno dei grandi.<br \/>\nApertura Carson Flipper<br \/>\nBlocco del telaio<br \/>\nManiglie in acciaio inossidabile<\/p>\n<p>SPECIFICHE<br \/>\nLunghezza lama 3,06&#8243; (77,65 mm)<br \/>\nBordo della lama semplice<br \/>\nLama in acciaio 12C27 Sandvik<br \/>\nCompletamento della lama dell&#8217;ossigeno<br \/>\nSpessore lama 0,12&#8243; (2,97 mm)<br \/>\nLunghezza totale 7,31&#8243; (185,75 mm)<br \/>\nLunghezza da chiuso 4,30&#8243; (109,19 mm)<br \/>\nPeso 3,70 once. (104,89 g)<br \/>\nGestire 2Cr13<br \/>\nColtello pieghevole Style con blocco del telaio<\/p>\n<p><strong>CRKT\u00ae<\/strong> (Columbia River Knife and Tool\u00ae) \u00e8 stata fondata nel 1994. Fin dal primo giorno, ha messo al primo posto l\u2019innovazione e l\u2019integrit\u00e0. Si impegna a realizzare coltelli e strumenti che ispirino e durino. Lavora con i migliori designer del mondo e lavora secondo un principio semplice: la cosa pi\u00f9 grande che pu\u00f2 dare ai clienti \u00e8 la fiducia nelle sue mani.<\/p>\n","protected":false},"excerpt":{"rendered":"<p>Progettato da Kit Carson a Vine Grove, Kentucky.<\/p>\n","protected":false},"featured_media":326110,"comment_status":"open","ping_status":"closed","template":"","meta":[],"pwb-brand":[3763],"product_brand":[],"product_cat":[3749,3745],"product_tag":[3755],"class_list":{"0":"post-326109","1":"product","2":"type-product","3":"status-publish","4":"has-post-thumbnail","6":"pwb-brand-crkt-it","7":"product_cat-coltelli-di-chiusura","8":"product_cat-coltelli","9":"product_tag-b2b-it","11":"first","12":"instock","13":"taxable","14":"shipping-taxable","15":"purchasable","16":"product-type-simple"},"brands":[{"id":3763,"name":"CRKT","slug":"crkt-it"}],"_links":{"self":[{"href":"https:\/\/www.moskito.cz\/it\/wp-json\/wp\/v2\/product\/326109","targetHints":{"allow":["GET"]}}],"collection":[{"href":"https:\/\/www.moskito.cz\/it\/wp-json\/wp\/v2\/product"}],"about":[{"href":"https:\/\/www.moskito.cz\/it\/wp-json\/wp\/v2\/types\/product"}],"replies":[{"embeddable":true,"href":"https:\/\/www.moskito.cz\/it\/wp-json\/wp\/v2\/comments?post=326109"}],"wp:featuredmedia":[{"embeddable":true,"href":"https:\/\/www.moskito.cz\/it\/wp-json\/wp\/v2\/media\/326110"}],"wp:attachment":[{"href":"https:\/\/www.moskito.cz\/it\/wp-json\/wp\/v2\/media?parent=326109"}],"wp:term":[{"taxonomy":"pwb-brand","embeddable":true,"href":"https:\/\/www.moskito.cz\/it\/wp-json\/wp\/v2\/pwb-brand?post=326109"},{"taxonomy":"product_brand","embeddable":true,"href":"https:\/\/www.moskito.cz\/it\/wp-json\/wp\/v2\/product_brand?post=326109"},{"taxonomy":"product_cat","embeddable":true,"href":"https:\/\/www.moskito.cz\/it\/wp-json\/wp\/v2\/product_cat?post=326109"},{"taxonomy":"product_tag","embeddable":true,"href":"https:\/\/www.moskito.cz\/it\/wp-json\/wp\/v2\/product_tag?post=326109"}],"curies":[{"name":"wp","href":"https:\/\/api.w.org\/{rel}","templated":true}]}}