{"id":326356,"date":"2022-08-18T22:02:01","date_gmt":"2024-04-05T13:37:35","guid":{"rendered":"https:\/\/www.moskito.cz\/produkt\/coltello-chiudibile-crkt-squid-assisted-nero-2493\/"},"modified":"2025-07-07T16:45:33","modified_gmt":"2025-07-07T15:45:33","slug":"coltello-chiudibile-crkt-squid-assisted-nero-2493","status":"publish","type":"product","link":"https:\/\/www.moskito.cz\/it\/produkt\/coltello-chiudibile-crkt-squid-assisted-nero-2493\/","title":{"rendered":"Coltello Chiudibile CRKT SQUID ASSISTED NERO 2493"},"content":{"rendered":"<div class=\"flex-1 overflow-hidden @container\/thread\">\n<div class=\"h-full\">\n<div class=\"react-scroll-to-bottom--css-vxybp-79elbk h-full\">\n<div class=\"react-scroll-to-bottom--css-vxybp-1n7m0yu\">\n<div class=\"flex flex-col text-sm md:pb-9\">\n<article class=\"w-full scroll-mb-[var(--thread-trailing-height,150px)] text-token-text-primary focus-visible:outline-2 focus-visible:outline-offset-[-4px]\" dir=\"auto\" data-testid=\"conversation-turn-333\" data-scroll-anchor=\"true\">\n<div class=\"m-auto text-base py-[18px] px-3 md:px-4 w-full md:px-5 lg:px-4 xl:px-5\">\n<div class=\"mx-auto flex flex-1 gap-4 text-base md:gap-5 lg:gap-6 md:max-w-3xl\">\n<div class=\"group\/conversation-turn relative flex w-full min-w-0 flex-col agent-turn\">\n<div class=\"flex-col gap-1 md:gap-3\">\n<div class=\"flex max-w-full flex-col flex-grow\">\n<div class=\"min-h-8 text-message flex w-full flex-col items-end gap-2 whitespace-normal break-words text-start [.text-message+&amp;]:mt-5\" dir=\"auto\" data-message-author-role=\"assistant\" data-message-id=\"ea06138a-2774-443a-a280-2c306eb68c67\" data-message-model-slug=\"gpt-4o-mini\">\n<div class=\"flex w-full flex-col gap-1 empty:hidden first:pt-[3px]\">\n<div class=\"markdown prose w-full break-words dark:prose-invert light\">\n<p><strong>Il coltello pieghevole CRKT SQUID ASSISTED BLACK 2493<\/strong> \u00e8 uno strumento compatto e potente che unisce un design moderno a caratteristiche altamente funzionali. Progettato da Lucas Burnley, questo coltello \u00e8 dotato di apertura assistita, acciaio di qualit\u00e0 e struttura durevole, che lo rendono ideale per l&#8217;uso quotidiano e per una variet\u00e0 di attivit\u00e0 lavorative. Questo modello con finitura nera non \u00e8 solo attraente, ma anche estremamente pratico.  <\/p>\n<h3><strong>Caratteristiche principali:<\/strong><\/h3>\n<ol>\n<li><strong>Apertura assistita:<\/strong>\n<ul>\n<li><strong>La pinna<\/strong> sull&#8217;impugnatura consente di aprire il coltello in modo rapido e semplice con un solo movimento, ideale per reagire rapidamente quando necessario. L&#8217;apertura \u00e8 intuitiva e fluida, garantendo la massima efficienza. <\/li>\n<\/ul>\n<\/li>\n<li><strong>Apertura fluida con IKBS\u2122:<\/strong>\n<ul>\n<li>I cuscinetti a sfere <strong>IKBS\u2122 (Ikoma Korth Bearing System)<\/strong> garantiscono un&#8217;apertura della lama fluida e ininterrotta, senza alcuna resistenza. Questo sistema contribuisce a rendere confortevole l&#8217;uso del coltello e garantisce un rapido accesso alla lama nei momenti critici. <\/li>\n<\/ul>\n<\/li>\n<li><strong>Lama di qualit\u00e0:<\/strong>\n<ul>\n<li><strong>L&#8217;acciaio 8Cr14MoV<\/strong> \u00e8 un acciaio inossidabile di alta qualit\u00e0 che offre un&#8217;eccellente tenuta del filo, una facile affilatura e un&#8217;elevata resistenza alla corrosione. \u00c8 ideale per le attivit\u00e0 quotidiane come tagliare cartoni, aprire pacchi o tagliare cavi. <\/li>\n<\/ul>\n<\/li>\n<li><strong>Controllo massimo:<\/strong>\n<ul>\n<li><strong>Sulla lama sono presenti delle scanalature di attrito<\/strong> che migliorano la presa, assicurando un maggiore controllo durante l&#8217;uso, anche quando il coltello \u00e8 bagnato o scivoloso. Ci\u00f2 rende la manipolazione del coltello comoda e sicura. <\/li>\n<\/ul>\n<\/li>\n<li><strong>Robusta maniglia in acciaio inox:<\/strong>\n<ul>\n<li><strong>Il manico in acciaio inossidabile<\/strong> \u00e8 altamente resistente agli urti e all&#8217;usura, il che significa che il coltello pu\u00f2 sopportare un uso intenso senza perdere funzionalit\u00e0. Questo materiale \u00e8 inoltre sufficientemente resistente da garantire una presa sicura anche durante lavori intensivi. <\/li>\n<\/ul>\n<\/li>\n<li><strong>Profilo basso per un facile trasporto:<\/strong>\n<ul>\n<li><strong>Grazie al suo profilo sottile,<\/strong> il coltello \u00e8 facile da portare in tasca ogni giorno. Un ulteriore vantaggio \u00e8 dato dalla <strong>clip da tasca<\/strong> , che consente di fissare saldamente il coltello agli indumenti, cos\u00ec da averlo sempre a portata di mano ogni volta che ne hai bisogno. <\/li>\n<\/ul>\n<\/li>\n<li><strong>Opzione di fissaggio del cordino:<\/strong>\n<ul>\n<li>Il coltello \u00e8 dotato di <strong>un foro per cordino<\/strong> , che consente di agganciare un portachiavi o un ciondolo per un trasporto pi\u00f9 facile e una migliore maneggevolezza del coltello.<\/li>\n<\/ul>\n<\/li>\n<\/ol>\n<h3><strong>Specifiche:<\/strong><\/h3>\n<ul>\n<li><strong>Lunghezza lama:<\/strong> 2,37&#8243; (60,20 mm)<\/li>\n<li><strong>Filo della lama:<\/strong> liscio<\/li>\n<li><strong>Materiale della lama:<\/strong> acciaio 8Cr14MoV<\/li>\n<li><strong>Trattamento superficiale della lama:<\/strong> Stonewash<\/li>\n<li><strong>Spessore della lama:<\/strong> 0,11&#8243; (2,69 mm)<\/li>\n<li><strong>Lunghezza totale:<\/strong> 5,94&#8243; (150,83 mm)<\/li>\n<li><strong>Lunghezza chiusa:<\/strong> 3,59&#8243; (91,14 mm)<\/li>\n<li><strong>Peso:<\/strong> 3,70 once (104,89 g)<\/li>\n<li><strong>Maniglia:<\/strong> acciaio inossidabile<\/li>\n<li><strong>Stile:<\/strong> coltello pieghevole assistito con blocco del telaio<\/li>\n<\/ul>\n<h3><strong>Utilizzo:<\/strong><\/h3>\n<ul>\n<li><strong>Trasporto quotidiano (EDC):<\/strong> questo coltello \u00e8 ideale per l&#8217;uso quotidiano, ad esempio per aprire confezioni, tagliare spaghi, rimuovere imballaggi o apportare piccole modifiche. \u00c8 compatto, leggero e facile da trasportare. <\/li>\n<li><strong>Attivit\u00e0 lavorative:<\/strong> Grazie alla lama solida e all&#8217;impugnatura ergonomica, \u00e8 adatto per lavori pi\u00f9 impegnativi sul campo, in magazzino o in officina.<\/li>\n<li><strong>Attivit\u00e0 all&#8217;aperto e campeggio:<\/strong> Sebbene il coltello sia progettato per l&#8217;uso quotidiano, le sue qualit\u00e0 lo rendono adatto anche per attivit\u00e0 all&#8217;aperto come campeggio, caccia o escursionismo.<\/li>\n<\/ul>\n<h3><strong>Riepilogo:<\/strong><\/h3>\n<p><strong>Il CRKT SQUID ASSISTED BLACK 2493<\/strong> \u00e8 un coltello dal design accattivante e altamente funzionale, perfetto per l&#8217;uso quotidiano. Grazie all&#8217;apertura assistita, all&#8217;acciaio di qualit\u00e0, all&#8217;impugnatura robusta e all&#8217;apertura fluida grazie al sistema di cuscinetti a sfera, \u00e8 ideale per chi cerca uno strumento affidabile e facile da usare per le attivit\u00e0 quotidiane. Che tu abbia bisogno di un coltello per aprire un pacco, tagliare uno spago o svolgere altri piccoli compiti, questo coltello non ti deluder\u00e0 mai.  <\/p>\n<\/div>\n<\/div>\n<\/div>\n<\/div>\n<div class=\"mb-2 flex gap-3 empty:hidden -ml-2\">\n<div class=\"items-center justify-start rounded-xl p-1 flex\">\n<div class=\"flex items-center\"><\/div>\n<\/div>\n<\/div>\n<div class=\"pr-2 lg:pr-0\"><\/div>\n<\/div>\n<\/div>\n<\/div>\n<\/div>\n<\/article>\n<\/div>\n<\/div>\n<\/div>\n<\/div>\n<\/div>\n<p><iframe title=\"CRKT SQUID\u2122 | Lucas Burnley Design\" width=\"800\" height=\"450\" src=\"https:\/\/www.youtube.com\/embed\/Hi4sEgwb9CU?feature=oembed\" frameborder=\"0\" allow=\"accelerometer; autoplay; clipboard-write; encrypted-media; gyroscope; picture-in-picture; web-share\" referrerpolicy=\"strict-origin-when-cross-origin\" allowfullscreen><\/iframe><\/p>\n<p><iframe title=\"Meet Knifemaker and Designer Lucas Burnley\" width=\"800\" height=\"450\" src=\"https:\/\/www.youtube.com\/embed\/GC8WctypoNo?feature=oembed\" frameborder=\"0\" allow=\"accelerometer; autoplay; clipboard-write; encrypted-media; gyroscope; picture-in-picture; web-share\" referrerpolicy=\"strict-origin-when-cross-origin\" allowfullscreen><\/iframe><\/p>\n<p><iframe title=\"CRKT ASSISTED OPENING | How It Works\" width=\"800\" height=\"450\" src=\"https:\/\/www.youtube.com\/embed\/QUSQFRDMrEI?feature=oembed\" frameborder=\"0\" allow=\"accelerometer; autoplay; clipboard-write; encrypted-media; gyroscope; picture-in-picture; web-share\" referrerpolicy=\"strict-origin-when-cross-origin\" allowfullscreen><\/iframe><\/p>\n<p>&nbsp;<\/p>\n","protected":false},"excerpt":{"rendered":"<div class=\"flex max-w-full flex-col flex-grow\">\n<div class=\"min-h-8 text-message flex w-full flex-col items-end gap-2 whitespace-normal break-words text-start [.text-message+&amp;]:mt-5\" dir=\"auto\" data-message-author-role=\"assistant\" data-message-id=\"ea06138a-2774-443a-a280-2c306eb68c67\" data-message-model-slug=\"gpt-4o-mini\">\n<div class=\"flex w-full flex-col gap-1 empty:hidden first:pt-[3px]\">\n<div class=\"markdown prose w-full break-words dark:prose-invert light\">\n<p><strong>Il CRKT SQUID ASSISTED BLACK 2493 \u00e8 un coltello dal design accattivante e altamente funzionale, perfetto per l&#8217;uso quotidiano. Grazie all&#8217;apertura assistita, all&#8217;acciaio di qualit\u00e0, all&#8217;impugnatura robusta e all&#8217;apertura fluida grazie al sistema di cuscinetti a sfera, \u00e8 ideale per chi cerca uno strumento affidabile e facile da usare per le attivit\u00e0 quotidiane. Che tu abbia bisogno di un coltello per aprire un pacco, tagliare uno spago o svolgere altri piccoli compiti, questo coltello non ti deluder\u00e0 mai.  <\/strong><\/p>\n<\/div>\n<\/div>\n<\/div>\n<\/div>\n<div class=\"mb-2 flex gap-3 empty:hidden -ml-2\">\n<div class=\"items-center justify-start rounded-xl p-1 flex\">\n<div class=\"flex items-center\"><\/div>\n<\/div>\n<\/div>\n","protected":false},"featured_media":326357,"comment_status":"open","ping_status":"closed","template":"","meta":[],"pwb-brand":[3763],"product_brand":[],"product_cat":[3749,3745],"product_tag":[3755],"class_list":{"0":"post-326356","1":"product","2":"type-product","3":"status-publish","4":"has-post-thumbnail","6":"pwb-brand-crkt-it","7":"product_cat-coltelli-di-chiusura","8":"product_cat-coltelli","9":"product_tag-b2b-it","11":"first","12":"instock","13":"sale","14":"taxable","15":"shipping-taxable","16":"purchasable","17":"product-type-simple"},"brands":[{"id":3763,"name":"CRKT","slug":"crkt-it"}],"_links":{"self":[{"href":"https:\/\/www.moskito.cz\/it\/wp-json\/wp\/v2\/product\/326356","targetHints":{"allow":["GET"]}}],"collection":[{"href":"https:\/\/www.moskito.cz\/it\/wp-json\/wp\/v2\/product"}],"about":[{"href":"https:\/\/www.moskito.cz\/it\/wp-json\/wp\/v2\/types\/product"}],"replies":[{"embeddable":true,"href":"https:\/\/www.moskito.cz\/it\/wp-json\/wp\/v2\/comments?post=326356"}],"wp:featuredmedia":[{"embeddable":true,"href":"https:\/\/www.moskito.cz\/it\/wp-json\/wp\/v2\/media\/326357"}],"wp:attachment":[{"href":"https:\/\/www.moskito.cz\/it\/wp-json\/wp\/v2\/media?parent=326356"}],"wp:term":[{"taxonomy":"pwb-brand","embeddable":true,"href":"https:\/\/www.moskito.cz\/it\/wp-json\/wp\/v2\/pwb-brand?post=326356"},{"taxonomy":"product_brand","embeddable":true,"href":"https:\/\/www.moskito.cz\/it\/wp-json\/wp\/v2\/product_brand?post=326356"},{"taxonomy":"product_cat","embeddable":true,"href":"https:\/\/www.moskito.cz\/it\/wp-json\/wp\/v2\/product_cat?post=326356"},{"taxonomy":"product_tag","embeddable":true,"href":"https:\/\/www.moskito.cz\/it\/wp-json\/wp\/v2\/product_tag?post=326356"}],"curies":[{"name":"wp","href":"https:\/\/api.w.org\/{rel}","templated":true}]}}