{"id":326502,"date":"2021-07-31T20:12:49","date_gmt":"2024-04-05T13:58:32","guid":{"rendered":"https:\/\/www.moskito.cz\/produkt\/coltello-di-chiusura-crkt-pilar-large-g10\/"},"modified":"2025-05-07T11:08:47","modified_gmt":"2025-05-07T10:08:47","slug":"coltello-di-chiusura-crkt-pilar-large-g10","status":"publish","type":"product","link":"https:\/\/www.moskito.cz\/it\/produkt\/coltello-di-chiusura-crkt-pilar-large-g10\/","title":{"rendered":"Coltello Di Chiusura CRKT PILAR LARGE G10"},"content":{"rendered":"<p>Coltello Di Chiusura <strong>CRKT<\/strong> PILAR LARGE G10.<\/p>\n<p>Progettato da Jesper Voxnaes a Loegstrup, Danimarca<br \/>\nDove il design minimale incontra la massima utilit\u00e0. Pilar\u00ae \u00e8 un coltello compatto per l&#8217;uso quotidiano con un sorprendente design minimalista e una storia epica dietro il suo nome.<br \/>\nUna versione grande del pi\u00f9 venduto Pilar\u00ae<br \/>\nLa lama in acciaio inossidabile ad alto tenore di carbonio mantiene bene il bordo ed \u00e8 ideale da indossare tutti i giorni<br \/>\nApertura ribaltabile per un rapido dispiegamento della lama<br \/>\nL&#8217;impugnatura G10 offre una presa eccezionale in tutte le condizioni atmosferiche<br \/>\nClip a due posizioni per opzioni di ribaltamento verso l&#8217;alto o verso il basso<\/p>\n<p>SPECIFICHE<br \/>\nLunghezza lama 2,67 pollici (67,79 mm)<br \/>\nBordo della lama semplice<br \/>\nLama in acciaio 8Cr14MoV<br \/>\nFinitura lama satinata<br \/>\nSpessore lama 0,73 pollici (3,73 mm)<br \/>\nLunghezza totale 6,69 pollici (169,88 mm)<br \/>\nLunghezza da chiuso 4,00&#8243; (101,55 mm)<br \/>\nPeso 3,80 once. (107,73 g)<br \/>\nManiglia G10<br \/>\nColtello pieghevole Style con blocco del telaio<\/p>\n<p><strong>CRKT\u00ae<\/strong> (Columbia River Knife and Tool\u00ae) \u00e8 stata fondata nel 1994. Fin dal primo giorno, ha messo al primo posto l\u2019innovazione e l\u2019integrit\u00e0. Si impegna a realizzare coltelli e strumenti che ispirino e durino. Lavora con i migliori designer del mondo e lavora secondo un principio semplice: la cosa pi\u00f9 grande che pu\u00f2 dare ai clienti \u00e8 la fiducia nelle sue mani.<\/p>\n","protected":false},"excerpt":{"rendered":"<p>Coltello con bloccaggio di sicurezza e clip per il trasporto.<\/p>\n","protected":false},"featured_media":326503,"comment_status":"open","ping_status":"closed","template":"","meta":[],"pwb-brand":[3763],"product_brand":[],"product_cat":[3749,3745],"product_tag":[3755],"class_list":{"0":"post-326502","1":"product","2":"type-product","3":"status-publish","4":"has-post-thumbnail","6":"pwb-brand-crkt-it","7":"product_cat-coltelli-di-chiusura","8":"product_cat-coltelli","9":"product_tag-b2b-it","11":"first","12":"instock","13":"sale","14":"taxable","15":"shipping-taxable","16":"purchasable","17":"product-type-simple"},"brands":[{"id":3763,"name":"CRKT","slug":"crkt-it"}],"_links":{"self":[{"href":"https:\/\/www.moskito.cz\/it\/wp-json\/wp\/v2\/product\/326502","targetHints":{"allow":["GET"]}}],"collection":[{"href":"https:\/\/www.moskito.cz\/it\/wp-json\/wp\/v2\/product"}],"about":[{"href":"https:\/\/www.moskito.cz\/it\/wp-json\/wp\/v2\/types\/product"}],"replies":[{"embeddable":true,"href":"https:\/\/www.moskito.cz\/it\/wp-json\/wp\/v2\/comments?post=326502"}],"wp:featuredmedia":[{"embeddable":true,"href":"https:\/\/www.moskito.cz\/it\/wp-json\/wp\/v2\/media\/326503"}],"wp:attachment":[{"href":"https:\/\/www.moskito.cz\/it\/wp-json\/wp\/v2\/media?parent=326502"}],"wp:term":[{"taxonomy":"pwb-brand","embeddable":true,"href":"https:\/\/www.moskito.cz\/it\/wp-json\/wp\/v2\/pwb-brand?post=326502"},{"taxonomy":"product_brand","embeddable":true,"href":"https:\/\/www.moskito.cz\/it\/wp-json\/wp\/v2\/product_brand?post=326502"},{"taxonomy":"product_cat","embeddable":true,"href":"https:\/\/www.moskito.cz\/it\/wp-json\/wp\/v2\/product_cat?post=326502"},{"taxonomy":"product_tag","embeddable":true,"href":"https:\/\/www.moskito.cz\/it\/wp-json\/wp\/v2\/product_tag?post=326502"}],"curies":[{"name":"wp","href":"https:\/\/api.w.org\/{rel}","templated":true}]}}