{"id":326568,"date":"2023-10-03T16:02:44","date_gmt":"2024-04-05T14:08:38","guid":{"rendered":"https:\/\/www.moskito.cz\/produkt\/coltello-chiuditore-crkt-overland-compact-6277\/"},"modified":"2025-05-07T11:08:49","modified_gmt":"2025-05-07T10:08:49","slug":"coltello-chiuditore-crkt-overland-compact-6277","status":"publish","type":"product","link":"https:\/\/www.moskito.cz\/it\/produkt\/coltello-chiuditore-crkt-overland-compact-6277\/","title":{"rendered":"Coltello Chiuditore CRKT Overland Compact 6277"},"content":{"rendered":"<p>Coltello Chiuditore <strong>CRKT<\/strong> Overland Compact 6277<\/p>\n<p>Un coltello pieghevole compatto pronto a conquistare qualsiasi terreno.<\/p>\n<p>Potrebbe essere piccolo, ma come i rimorchi 4&#215;4 aggiornati che ne hanno ispirato il nome, l&#8217;Overland\u2122 Compact \u00e8 ricostruito e pronto ad affrontare le condizioni pi\u00f9 difficili. Prende gli elementi di design e i materiali dell&#8217;Overland\u2122 a grandezza naturale e li inserisce in un fattore di forma ultraportatile che praticamente scompare in tasca. Quando \u00e8 il momento di fermare il convoglio e allestire l&#8217;accampamento, questo coltello semplifica la preparazione di un pasto leggero e taglia il perfetto bastoncino di marshmallow.<\/p>\n<p>Prestazioni superiori: lama in acciaio D2 per una ritenzione superiore della lama<br \/>\nApertura facile: il pollice consente un&#8217;apertura rapida con una mano<br \/>\nForte e durevole: G10 con manico in acciaio inossidabile unisce durata e resistenza<br \/>\nForza bruta: il blocco del telaio utilizza un robusto bullone per fissare la lama<br \/>\nBasso profilo: la clip da tasca garantisce un trasporto sicuro<br \/>\nAppeal visivo: anello girevole anodizzato arancione e accenti backspacer<\/p>\n<p>Lama in acciaio D2<br \/>\nBordo della lama liscio<br \/>\nFinitura lama Stonewash<\/p>\n<p>Lunghezza lama: 5,67 cm<br \/>\nSpessore lama: 0,32 cm<br \/>\nLunghezza totale: 13,74 centimetri<br \/>\nLunghezza da chiuso: 8,10 cm<br \/>\nPeso: 87,88 g<\/p>\n<p>jMateriale impugnatura G10 | Acciaio inossidabile<br \/>\nColtello pieghevole elegante con Frame Lock<\/p>\n<p>&nbsp;<\/p>\n<p>&nbsp;<\/p>\n","protected":false},"excerpt":{"rendered":"<p><strong>ProgettistaT.J. Schwarzboise, Idaho<\/strong><\/p>\n<p><strong>TJ era destinato a diventare un designer di automobili. Al liceo, scopr\u00ec la sua straordinaria abilit\u00e0 nel disegnare automobili: in effetti, era cos\u00ec bravo che quando era al college accettava commissioni dai proprietari di auto d&#8217;epoca. Proprio quando la sua carriera stava iniziando nel mondo automobilistico, il suo caro amico Bill Koenig di Koenig Knives intervenne e tutto cambi\u00f2. Una volta che ha avuto un assaggio del design dei coltelli, non ha mai guardato indietro. Quindi quando dicono &#8220;costruito per le prestazioni&#8221;, lo intendono sul serio.<\/strong><\/p>\n<p>&nbsp;<\/p>\n","protected":false},"featured_media":326569,"comment_status":"open","ping_status":"closed","template":"","meta":[],"pwb-brand":[3763],"product_brand":[],"product_cat":[3749,3745],"product_tag":[3755],"class_list":{"0":"post-326568","1":"product","2":"type-product","3":"status-publish","4":"has-post-thumbnail","6":"pwb-brand-crkt-it","7":"product_cat-coltelli-di-chiusura","8":"product_cat-coltelli","9":"product_tag-b2b-it","11":"first","12":"outofstock","13":"sale","14":"taxable","15":"shipping-taxable","16":"purchasable","17":"product-type-simple"},"brands":[{"id":3763,"name":"CRKT","slug":"crkt-it"}],"_links":{"self":[{"href":"https:\/\/www.moskito.cz\/it\/wp-json\/wp\/v2\/product\/326568","targetHints":{"allow":["GET"]}}],"collection":[{"href":"https:\/\/www.moskito.cz\/it\/wp-json\/wp\/v2\/product"}],"about":[{"href":"https:\/\/www.moskito.cz\/it\/wp-json\/wp\/v2\/types\/product"}],"replies":[{"embeddable":true,"href":"https:\/\/www.moskito.cz\/it\/wp-json\/wp\/v2\/comments?post=326568"}],"wp:featuredmedia":[{"embeddable":true,"href":"https:\/\/www.moskito.cz\/it\/wp-json\/wp\/v2\/media\/326569"}],"wp:attachment":[{"href":"https:\/\/www.moskito.cz\/it\/wp-json\/wp\/v2\/media?parent=326568"}],"wp:term":[{"taxonomy":"pwb-brand","embeddable":true,"href":"https:\/\/www.moskito.cz\/it\/wp-json\/wp\/v2\/pwb-brand?post=326568"},{"taxonomy":"product_brand","embeddable":true,"href":"https:\/\/www.moskito.cz\/it\/wp-json\/wp\/v2\/product_brand?post=326568"},{"taxonomy":"product_cat","embeddable":true,"href":"https:\/\/www.moskito.cz\/it\/wp-json\/wp\/v2\/product_cat?post=326568"},{"taxonomy":"product_tag","embeddable":true,"href":"https:\/\/www.moskito.cz\/it\/wp-json\/wp\/v2\/product_tag?post=326568"}],"curies":[{"name":"wp","href":"https:\/\/api.w.org\/{rel}","templated":true}]}}