{"id":326705,"date":"2022-08-16T20:36:16","date_gmt":"2024-04-05T14:27:29","guid":{"rendered":"https:\/\/www.moskito.cz\/produkt\/coltello-chiudi-crkt-squid-xm-2495k\/"},"modified":"2025-05-07T11:08:51","modified_gmt":"2025-05-07T10:08:51","slug":"coltello-chiudi-crkt-squid-xm-2495k","status":"publish","type":"product","link":"https:\/\/www.moskito.cz\/it\/produkt\/coltello-chiudi-crkt-squid-xm-2495k\/","title":{"rendered":"Coltello Chiudi CRKT SQUID XM 2495K"},"content":{"rendered":"<p>Coltello Chiudi <strong>CRKT<\/strong> SQUID XM 2495K.<\/p>\n<p>\u00c8 tornato. Ma pi\u00f9 grande. Anni fa, il designer Lucas Burnley ha dato vita all&#8217;iconico Squid\u2122. Il coltello pieghevole, che sta rapidamente crescendo in popolarit\u00e0 tra gli appassionati del popolare trasportino compatto, \u00e8 diventato la scelta migliore per chi cerca il giusto equilibrio tra semplicit\u00e0, prestazioni e funzionalit\u00e0. Ora Lucas ha rielaborato questo design collaudato e ci offre il pi\u00f9 grande SQUID\u2122 XM. Stiamo ancora confermando che si tratta di un versatile trasportatore quotidiano, la lama pi\u00f9 lunga gestisce compiti grandi e piccoli &#8211; ed \u00e8 ora considerata un po&#8217; pi\u00f9 &#8220;extra media&#8221;.<\/p>\n<p>Progettato da Lucas Burnley, lo Squid\u2122 \u00e8 stato concepito per essere potente ma ugualmente adattabile alle sfide quotidiane. Che tu stia lavorando a casa, in garage o in ufficio, Squid\u2122 pu\u00f2 accompagnarti ovunque. Dopo aver rilasciato il design originale, Lucas ha continuato a ricevere interesse da parte dei fan che gli chiedevano di reimmaginare la popolare lama leggermente pi\u00f9 grande. E in perfetto stile Lucas, il designer di coltelli si mise al lavoro per vedere cosa fosse possibile. Ora, con l&#8217;introduzione di SQUID\u2122 XM, Lucas offre una creazione iconica quanto l&#8217;originale, pur rimanendo all&#8217;avanguardia in termini di funzionalit\u00e0 e semplicit\u00e0 user-friendly.<\/p>\n<p>Nel perfezionare la scalabilit\u00e0 di quest&#8217;ultima versione, Lucas non ha saltato alcun dettaglio:<br \/>\nper garantire che il &#8220;mezzo extra&#8221; sia altrettanto fluido in termini di prestazioni. Come il suo predecessore, SQUID\u2122 XM \u00e8 dotato di una lama drop-point che raggiunge un eccellente equilibrio tra resistenza e geometria della punta per attivit\u00e0 di utilit\u00e0. Quando sei pronto per metterti al lavoro, l&#8217;apertura assistita di Ken Onion dispiega la lama in un batter d&#8217;occhio, mentre il sistema a perno con cuscinetto a sfera IKBS\u2122 crea una rotazione estremamente fluida.<\/p>\n<p>Una volta che la resistente lama del D2 ha fatto il suo dovere, puoi riporla tranquillamente in tasca: il blocco interno del telaio e la profonda clip da tasca lo rendono sicuro da portare in viaggio.<\/p>\n<p>Il design iconico \u00e8 tornato. Solo che ora \u00e8 classificato in termini di dimensioni.<\/p>\n<p>Come funziona l&#8217;apertura assistita<br \/>\nViene tenuto saldamente chiuso nella tasca, ma avvia l&#8217;apertura e durante la rotazione la lama si apre con una velocit\u00e0 impressionante per un&#8217;apertura semplice e potente con una sola mano.<\/p>\n<p>SPECIFICHE<br \/>\nLunghezza lama 2,95&#8243; (74,83 mm)<br \/>\nLama Lama liscia<br \/>\nLama in acciaio D2<br \/>\nFinitura lama Stonewash<br \/>\nSpessore lama 0,10&#8243; (2,62 mm)<br \/>\nLunghezza totale 7,03&#8243; (178,59 mm)<br \/>\nLunghezza chiusa 4,11&#8243; (104,34 mm)<br \/>\nPeso 3,60 once (102,06 g)<br \/>\nManiglia G10 | Acciaio inossidabile<br \/>\nColtello chiudibile Style Assisted con blocco del telaio<\/p>\n<p><iframe title=\"CRKT SQUID\u2122 XM | Lucas Burnley Design\" width=\"800\" height=\"450\" src=\"https:\/\/www.youtube.com\/embed\/Kq8g1Yr1NxI?feature=oembed\" frameborder=\"0\" allow=\"accelerometer; autoplay; clipboard-write; encrypted-media; gyroscope; picture-in-picture; web-share\" referrerpolicy=\"strict-origin-when-cross-origin\" allowfullscreen><\/iframe><\/p>\n<p>&nbsp;<\/p>\n","protected":false},"excerpt":{"rendered":"<p>Progettato da Lucas Burnley a Bend, Oregon.<\/p>\n","protected":false},"featured_media":326706,"comment_status":"open","ping_status":"closed","template":"","meta":[],"pwb-brand":[3763],"product_brand":[],"product_cat":[3749,3745],"product_tag":[3755],"class_list":{"0":"post-326705","1":"product","2":"type-product","3":"status-publish","4":"has-post-thumbnail","6":"pwb-brand-crkt-it","7":"product_cat-coltelli-di-chiusura","8":"product_cat-coltelli","9":"product_tag-b2b-it","11":"first","12":"instock","13":"sale","14":"taxable","15":"shipping-taxable","16":"purchasable","17":"product-type-simple"},"brands":[{"id":3763,"name":"CRKT","slug":"crkt-it"}],"_links":{"self":[{"href":"https:\/\/www.moskito.cz\/it\/wp-json\/wp\/v2\/product\/326705","targetHints":{"allow":["GET"]}}],"collection":[{"href":"https:\/\/www.moskito.cz\/it\/wp-json\/wp\/v2\/product"}],"about":[{"href":"https:\/\/www.moskito.cz\/it\/wp-json\/wp\/v2\/types\/product"}],"replies":[{"embeddable":true,"href":"https:\/\/www.moskito.cz\/it\/wp-json\/wp\/v2\/comments?post=326705"}],"wp:featuredmedia":[{"embeddable":true,"href":"https:\/\/www.moskito.cz\/it\/wp-json\/wp\/v2\/media\/326706"}],"wp:attachment":[{"href":"https:\/\/www.moskito.cz\/it\/wp-json\/wp\/v2\/media?parent=326705"}],"wp:term":[{"taxonomy":"pwb-brand","embeddable":true,"href":"https:\/\/www.moskito.cz\/it\/wp-json\/wp\/v2\/pwb-brand?post=326705"},{"taxonomy":"product_brand","embeddable":true,"href":"https:\/\/www.moskito.cz\/it\/wp-json\/wp\/v2\/product_brand?post=326705"},{"taxonomy":"product_cat","embeddable":true,"href":"https:\/\/www.moskito.cz\/it\/wp-json\/wp\/v2\/product_cat?post=326705"},{"taxonomy":"product_tag","embeddable":true,"href":"https:\/\/www.moskito.cz\/it\/wp-json\/wp\/v2\/product_tag?post=326705"}],"curies":[{"name":"wp","href":"https:\/\/api.w.org\/{rel}","templated":true}]}}