{"id":327031,"date":"2023-06-28T18:13:45","date_gmt":"2023-06-28T17:13:45","guid":{"rendered":"https:\/\/www.moskito.cz\/produkt\/coltello-pieghevole-spyderco-matriarch-2-leggero-emerson-c12sbk2w\/"},"modified":"2025-05-07T11:09:00","modified_gmt":"2025-05-07T10:09:00","slug":"coltello-pieghevole-spyderco-matriarch-2-leggero-emerson-c12sbk2w","status":"publish","type":"product","link":"https:\/\/www.moskito.cz\/it\/produkt\/coltello-pieghevole-spyderco-matriarch-2-leggero-emerson-c12sbk2w\/","title":{"rendered":"Coltello pieghevole Spyderco Matriarch 2 leggero Emerson C12SBK2W"},"content":{"rendered":"<p>Coltello pieghevole <strong>Spyderco<\/strong> Matriarch 2 leggero Emerson C12SBK2W<\/p>\n<p>Se desideri l&#8217;apertura pi\u00f9 rapida possibile per il tuo Matriarch 2, Matriarch 2 con apertura Emerson \u00e8 una buona scelta. Un gancio integrato sul retro della lama cattura l&#8217;angolo della tasca mentre il coltello viene estratto e apre dolcemente la lama quando il coltello lascia la tasca.<\/p>\n<p>L&#8217;originale Spyderco Matriarch \u00e8 stato ispirato da una richiesta del nostro distributore sudafricano per una versione pi\u00f9 economica del Civilian. Il Matriarch 2 \u00e8 l&#8217;ultima espressione di questo concetto, combinando la forma aggressiva della lama Civilian e il profilo del bordo a &#8220;S&#8221; invertito con la costruzione leggera dell&#8217;impugnatura del best-seller Endura4. Il risultato \u00e8 un coltello che offre prestazioni di taglio estreme in un pacchetto comodo e leggero. La lama in acciaio inossidabile SpyderEdge VG-10 \u00e8 scientificamente progettata per massimizzare le prestazioni di taglio, mentre il robusto meccanismo di bloccaggio posteriore, la fibbia a quattro posizioni e l&#8217;apertura rotonda caratteristica garantiscono una versatilit\u00e0 di trasporto senza pari e un&#8217;apertura ad alta velocit\u00e0 con entrambe le mani.<\/p>\n<p>Apriscatole Emerson<\/p>\n<p>Ernest Emerson ha avuto un profondo impatto sull&#8217;industria dei coltelli e sia sulla forma che sulla funzione del moderno coltello pieghevole tattico. Sebbene la gamma della sua influenza sia estremamente ampia, forse la sua innovazione pi\u00f9 rivoluzionaria \u00e8 stata l'&#8221;Emerson Opener&#8221;. Noto anche come &#8220;Wave Feature&#8221; o pi\u00f9 colloquialmente &#8211; ed imprecisamente &#8211; &#8220;Wave&#8221;, \u00e8 costituito da un piccolo gancio integrato sul retro della lama del coltello chiudibile. Quando il coltello chiuso viene inclinato ed estratto dalla tasca, il gancio si aggancia al bordo della tasca e ruota rapidamente la lama in posizione aperta. Se hai bisogno di usare il tuo coltello tascabile in fretta, Emerson Opener \u00e8 la scelta pi\u00f9 veloce.<\/p>\n<p>La via del coltello di Ernest Emerson<\/p>\n<p>Ernest Emerson, originario del Wisconsin settentrionale, \u00e8 nato il 7 Marzo 1955. Atleta di talento al liceo, ha iniziato la sua ossessione per le arti marziali all&#8217;et\u00e0 di 16 anni allenandosi nello Yudo, la versione coreana del judo. Ha frequentato l&#8217;Universit\u00e0 del Wisconsin-Lacrosse e ha conseguito lauree in educazione fisica e storia del mondo, oltre a una cintura marrone nel Kyokushinkai Karate e una cintura nera nel Karate Shotokan.<\/p>\n<p>Immediatamente dopo la laurea, Emerson si trasfer\u00ec nel sud della California con l&#8217;unico scopo di approfondire la sua educazione nelle arti marziali presso la famosa Accademia di arti marziali di Inosanto sotto la guida dei protetti di Bruce Lee Dan Inosanto e Richard Bustillo. L\u00ec studi\u00f2 l&#8217;arte filippina del Kali e i sistemi di Bruce Lee di Jun Fan Gung Fu e Jeet Kune Do. Successivamente si allen\u00f2 anche nel Jujitsu brasiliano sotto i rinomati Royce e Rorion Gracie. Durante questo periodo, Emerson si guadagn\u00f2 da vivere come macchinista e progettista per la Hughes Aircraft.<\/p>\n<p>Nel 1978, mentre studiava le arti marziali filippine, Emerson scopr\u00ec di aver bisogno di un balisong, o coltello a farfalla. Allora i balisong non erano comunemente disponibili, quindi decise di crearne uno proprio. Quando i suoi compagni di classe lo videro, chiesero a Emerson di realizzare coltelli anche per loro. I Balisong portarono rapidamente ai coltelli a lama fissa e, dopo che Michael Walker vide una cartella LinerLock personalizzata ad una mostra di armi, infine ai coltelli pieghevoli. Con la benedizione di Walker, Emerson inizi\u00f2 a produrre coltelli pieghevoli LinerLock e presto divenne un coltellinaio a tempo pieno. Ispirato dal suo lavoro nel settore aerospaziale, ha incorporato materiali all&#8217;avanguardia e ad alte prestazioni e si \u00e8 concentrato su coltelli di qualit\u00e0 investimento realizzati con cura.<\/p>\n<p>A met\u00e0 degli anni &#8217;80 Emerson ha spostato la sua attenzione su progetti tattici pi\u00f9 spartani. Adott\u00f2 anche la levigatura a scalpello su un solo lato, una caratteristica distintiva dei coltelli del collega coltellinaio Phil Hartsfield, che realizzava coltelli per i membri dei Navy SEAL della costa occidentale degli Stati Uniti. Quando i SEAL chiesero ad Hartsfield di realizzare coltelli pieghevoli, spieg\u00f2 che produceva solo lame fisse e le present\u00f2 a Emerson. I componenti Emerson divennero rapidamente un pezzo di equipaggiamento indispensabile tra i SEAL e questa popolarit\u00e0 si diffuse presto ad altre unit\u00e0 per operazioni speciali statunitensi e straniere e alle forze dell&#8217;ordine d&#8217;\u00e9lite. Ci\u00f2 port\u00f2 in seguito a collaborazioni con diversi importanti produttori di coltelli commerciali e infine con Emerson Knives, Inc., l&#8217;azienda di coltelli di Emerson, che fond\u00f2 con sua moglie Mary.<\/p>\n<p>I leggendari modelli di Emerson sono stati esposti al Metropolitan Museum of Art e allo Smithsonian Museum, un risultato senza precedenti per un coltellinaio, e i suoi coltelli continuano a godere della fiducia di alcuni dei guerrieri pi\u00f9 elitari del mondo.<\/p>\n<p>La nascita dell&#8217;apertura di Emerson<\/p>\n<p>L&#8217;apriporta Emerson \u00e8 una delle innovazioni pi\u00f9 dinamiche mai sviluppate nel campo dei coltelli ed \u00e8 stato utilizzato, con e senza la benedizione di Emerson, su innumerevoli coltelli nel corso degli anni. Tuttavia, l\u2019invenzione di questa funzione \u00e8 stata un incidente. Secondo Emerson, gli istruttori del corso di combattimento di combattimento dei Navy SEAL degli Stati Uniti volevano sviluppare un coltello specifico per l&#8217;uso in combattimento. Una delle caratteristiche che volevano nel design era un &#8220;ricevitore della lama&#8221; sul retro della lama per proteggere la mano dell&#8217;utente. Emerson ha incorporato questa caratteristica nel suo iconico modello Commander, scegliendo di modellarlo come una piccola onda oceanica. Quando complet\u00f2 i primi prototipi del progetto, diversi SEAL della base navale statunitense Coronado vennero nel suo laboratorio per ritirarli per testarli e valutarli.<\/p>\n<p>Poco dopo che i SEAL se ne furono andati, Emerson tir\u00f2 fuori il suo prototipo di coltello e improvvisamente si rese conto che mentre si puliva la tasca, il &#8220;fermo della lama&#8221; si era impigliato e aveva parzialmente aperto la lama. All&#8217;inizio era preoccupato che potesse trattarsi di un problema di sicurezza, ma ripetendo l&#8217;esperimento con pi\u00f9 vigore, si rese conto che questa caratteristica apriva la lama in modo affidabile e molto rapido. Proprio mentre aveva questa epifania, il telefono squill\u00f2 nel suo negozio. Furono i Coronado SEAL che erano appena tornati alla base, iniziarono a valutare il coltello e scoprirono la stessa straordinaria funzione di apertura automatica del &#8220;Blade catcher&#8221;.<\/p>\n<p>A causa della sua forma, Emerson chiam\u00f2 la sua invenzione &#8220;Wave&#8221; e ne fece richiesta per un brevetto di utilit\u00e0 nel 1997. Il brevetto n. veniva utilizzato sui coltelli, Emerson cambi\u00f2 il termine ufficiale per il termine in &#8220;funzione di apertura a forma di onda.&#8221; Inoltre lo rese una caratteristica richiesta su tutti i coltelli prodotti dalla sua azienda per lavori militari e di polizia.<\/p>\n<p>Il co-fondatore di Spyderco, Sal Glesser, un avido seguace di tutti i nuovi sviluppi nel settore dei coltelli, ha apprezzato la genialit\u00e0 dell&#8217;invenzione di Emerson e gli ha chiesto di concederne la licenza per l&#8217;uso in modelli Spyderco selezionati. Nel 2006 abbiamo rilasciato le versioni dei popolari Delica 4 ed Endura 4 Lightweight che includevano con orgoglio la nostra espressione dell&#8217;apertura Emerson. Per confermare la licenza formale di questa funzionalit\u00e0, Spyderco ha inciso il numero di brevetto di Emerson sul retro della lama.<\/p>\n<p>Da allora, la &#8220;funzione di apertura a forma di onda&#8221; \u00e8 apparsa su numerosi altri modelli Spyderco, tra cui Rescue 93mm, Endura e Delica Trainers, Matriarch 2, Karahawk, Tropen e P&#8217;Kal e P&#8217;Kal Trainer, che sono unici in quanto includono un apriscatole Emerson rimovibile che si avvita nella parte posteriore della lama. Pi\u00f9 recentemente, l&#8217;invenzione di Emerson \u00e8 stata incorporata nell&#8217;Endela Lightweight, Dragonfly 2 e Byrd Cara Cara 2 Lightweight, nonch\u00e9 in diversi modelli esclusivi in \u200b\u200bedizione limitata, inclusa un&#8217;espressione del popolare Paramilitary 2.<\/p>\n<p>Nel gennaio 2016, Ernest Emerson ha ottenuto il marchio registrato negli Stati Uniti n. 4.879.356 per il design iconico e proprietario della sua &#8220;Wave Shaped Feature&#8221;. Il suo brevetto di utilit\u00e0 \u00e8 scaduto nel 2017 e da allora molti coltelli sono stati realizzati utilizzando l&#8217;apriporta Emerson senza dare credito a Emerson o alla sua innovazione rivoluzionaria. Esistono anche innumerevoli dispositivi improvvisati, modifiche alla lama e accessori aftermarket che imitano la funzione dell&#8217;apriporta Emerson. Ma niente batte l&#8217;originale. A tal fine, Spyderco continua a concedere in licenza ufficiale questa caratteristica unica di Emerson, anche dopo la scadenza del brevetto, ed \u00e8 estremamente orgoglioso dell&#8217;amicizia di lunga data di cui abbiamo goduto con questo leggendario produttore di coltelli.<\/p>\n<p>USO CORRETTO DELL&#8217;APRITORI EMERSON<\/p>\n<p>Edge-U-Cation\u00ae<\/p>\n<p>A differenza dei tradizionali coltelli pieghevoli con apertura con una sola mano o anche dei coltelli automatici che consentono alla lama di aprirsi rapidamente dopo aver estratto il coltello, l&#8217;apriscatole Emerson ritrae la lama quando libera la tasca, rendendolo il metodo di apertura pi\u00f9 veloce disponibile. Tuttavia, raggiungere questa velocit\u00e0 richiede comunque un&#8217;adeguata usura e una buona tecnica.<\/p>\n<p>Come per ogni nuova abilit\u00e0, \u00e8 meglio iniziare lentamente. Se possibile, utilizza prima la versione trainer dell&#8217;Emerson Opener, quindi passa alla lama live quando ti senti pronto. Per evitare danni materiali o lesioni ad altri, assicurarsi sempre che l&#8217;area intorno a s\u00e9 sia \u200b\u200blibera da persone o ostacoli prima di aprire il coltello. Inoltre, poich\u00e9 l&#8217;Emerson Opener si aggancia all&#8217;imboccatura della tasca, funziona meglio con pantaloni in tessuto solido. Pantaloni eleganti e altri pantaloni realizzati in tessuti leggeri non sono adatti all&#8217;uso con questo metodo di apertura.<\/p>\n<p>Impugnatura standard:<\/p>\n<p>Per estendere e aprire il coltello con un&#8217;impugnatura standard, in modo che la lama sporga dal lato del pollice della mano, assicurati innanzitutto che sia configurato per il trasporto inclinato collegando una clip all&#8217;estremit\u00e0 posteriore dell&#8217;impugnatura. Appunta il coltello chiuso alla tasca con il corpo del coltello all&#8217;interno della tasca e il coltello posizionato fino al retro della tasca. La parte posteriore della lama dovrebbe essere rivolta all&#8217;indietro.<\/p>\n<p>Inserisci il pollice il pi\u00f9 in profondit\u00e0 possibile nella tasca e puntalo saldamente contro il lato del manico del coltello. Allo stesso tempo, piega le dita in modo che l&#8217;indice si incastri sotto la punta della chiusura. Applicare una pressione schiacciante tra il pollice e le dita per garantire una presa sicura sul coltello. Mentre sollevi il coltello, esercita una leggera pressione all&#8217;indietro per mantenere la parte posteriore della lama contro il retro della tasca. Mentre l&#8217;apriporta Emerson si aggancia all&#8217;imboccatura della tasca, continua a tirare in modo che il tuo braccio si estenda leggermente dietro di te e la lama si allontani in modo sicuro dal tuo corpo per bloccarsi nella posizione completamente aperta.<\/p>\n<p>Esercitati in questi movimenti lentamente e con attenzione finch\u00e9 non ti sentirai completamente a tuo agio. Quindi aumenta gradualmente la velocit\u00e0 concentrandoti sulla sicurezza.<\/p>\n<p>Presa inversa:<\/p>\n<p>I coltelli Spyderco con apriscatole Emerson possono anche essere configurati per ritrarsi in un&#8217;impugnatura inversa, con la lama che sporge dal lato del mignolo. Per configurare il coltello per questo tipo di estrazione, installare una clip sull&#8217;estremit\u00e0 posteriore del manico in modo che la parte posteriore della lama chiusa sia rivolta in avanti quando il coltello viene inserito nella tasca. Per ottenere i migliori risultati, inserisci il coltello pi\u00f9 in avanti nella tasca, pi\u00f9 vicino alla linea centrale del tuo corpo.<\/p>\n<p>Per disegnare da questa posizione, infila il pollice in profondit\u00e0 nella tasca e puntalo contro il manico del coltello. Quando lo fai, assicurati che la rete del pollice sia nella parte posteriore del calcio dell&#8217;impugnatura. Posiziona le punte dell&#8217;indice e del medio sulla base della chiusura ed esercita una pressione tra loro e il pollice. Tenere saldamente il manico ed estrarre il coltello dalla tasca. Mentre lo fai, esercita una pressione in avanti per spingere la parte posteriore della lama chiusa contro la parte anteriore della tasca. Una volta che il coltello ha liberato la tasca, l&#8217;apriscatole Emerson afferra il bordo della tasca e ruota la lama in posizione aperta.<\/p>\n<p>Ancora una volta, esercitati in questi movimenti lentamente, con attenzione e in modo approfondito prima di aumentare la velocit\u00e0. Nel processo, scoprirai che sar\u00e0 necessario almeno un moderato grado di velocit\u00e0 per dispiegare e bloccare completamente la lama.<\/p>\n<p>Disegno senza apertura:<\/p>\n<p>Se non hai bisogno di aprire in fretta il tuo coltello dotato di apriscatole Emerson, puoi anche estrarlo senza l&#8217;apertura automatica della lama. Per fare questo, usa la stessa impugnatura e la stessa meccanica descritte in precedenza, ma fai passare il coltello attraverso il centro della tasca senza consentire al gancio di impigliarsi nell&#8217;imboccatura della tasca. Puoi anche usare il dito indice per esercitare pressione sul retro della lama e tenerlo chiuso mentre estrai il coltello.<\/p>\n<p>L&#8217;apriporta Emerson \u00e8 una caratteristica unica che aumenta significativamente la velocit\u00e0 e la facilit\u00e0 di utilizzo dei nostri coltelli. Per trarne il massimo, ricorda il Navy SEAL che diceva: &#8220;Lento \u00e8 liscio e liscio \u00e8 veloce.&#8221; Prenditi il \u200b\u200btempo per diventare fluido e veloce, verr\u00e0 naturale.<\/p>\n<p>Specifiche<br \/>\nChiuso: 12,6 cm<br \/>\nTotale: 21,7 cm<br \/>\nLama: 9,1 cm<br \/>\nSpessore lama: 0,3 cm<br \/>\nDiametro foro lama: 0,46&#8243;<br \/>\nAcciaio: VG-10<br \/>\nMateriale impugnatura: nylon rinforzato con fibra di vetro (FRN)<br \/>\nPeso: 3,5 once. (99 g)<br \/>\nRettifica: cava<br \/>\nClip: 4 posizioni\/fronte-retro<br \/>\nFatto in Giappone<\/p>\n","protected":false},"excerpt":{"rendered":"<p><strong>Se desideri l&#8217;apertura pi\u00f9 rapida possibile per il tuo Matriarch 2, Matriarch 2 con apertura Emerson \u00e8 una buona scelta.<\/strong><\/p>\n","protected":false},"featured_media":327032,"comment_status":"open","ping_status":"closed","template":"","meta":[],"pwb-brand":[3774],"product_brand":[],"product_cat":[3749,3745],"product_tag":[3755],"class_list":{"0":"post-327031","1":"product","2":"type-product","3":"status-publish","4":"has-post-thumbnail","6":"pwb-brand-spyderco-it","7":"product_cat-coltelli-di-chiusura","8":"product_cat-coltelli","9":"product_tag-b2b-it","11":"first","12":"instock","13":"taxable","14":"shipping-taxable","15":"purchasable","16":"product-type-simple"},"brands":[{"id":3774,"name":"Spyderco","slug":"spyderco-it"}],"_links":{"self":[{"href":"https:\/\/www.moskito.cz\/it\/wp-json\/wp\/v2\/product\/327031","targetHints":{"allow":["GET"]}}],"collection":[{"href":"https:\/\/www.moskito.cz\/it\/wp-json\/wp\/v2\/product"}],"about":[{"href":"https:\/\/www.moskito.cz\/it\/wp-json\/wp\/v2\/types\/product"}],"replies":[{"embeddable":true,"href":"https:\/\/www.moskito.cz\/it\/wp-json\/wp\/v2\/comments?post=327031"}],"wp:featuredmedia":[{"embeddable":true,"href":"https:\/\/www.moskito.cz\/it\/wp-json\/wp\/v2\/media\/327032"}],"wp:attachment":[{"href":"https:\/\/www.moskito.cz\/it\/wp-json\/wp\/v2\/media?parent=327031"}],"wp:term":[{"taxonomy":"pwb-brand","embeddable":true,"href":"https:\/\/www.moskito.cz\/it\/wp-json\/wp\/v2\/pwb-brand?post=327031"},{"taxonomy":"product_brand","embeddable":true,"href":"https:\/\/www.moskito.cz\/it\/wp-json\/wp\/v2\/product_brand?post=327031"},{"taxonomy":"product_cat","embeddable":true,"href":"https:\/\/www.moskito.cz\/it\/wp-json\/wp\/v2\/product_cat?post=327031"},{"taxonomy":"product_tag","embeddable":true,"href":"https:\/\/www.moskito.cz\/it\/wp-json\/wp\/v2\/product_tag?post=327031"}],"curies":[{"name":"wp","href":"https:\/\/api.w.org\/{rel}","templated":true}]}}