{"id":327079,"date":"2022-08-22T20:51:46","date_gmt":"2024-04-08T13:00:15","guid":{"rendered":"https:\/\/www.moskito.cz\/produkt\/coltello-di-chiusura-crkt-provoke-arancio-4041o\/"},"modified":"2025-05-07T11:09:04","modified_gmt":"2025-05-07T10:09:04","slug":"coltello-di-chiusura-crkt-provoke-arancio-4041o","status":"publish","type":"product","link":"https:\/\/www.moskito.cz\/it\/produkt\/coltello-di-chiusura-crkt-provoke-arancio-4041o\/","title":{"rendered":"Coltello Di Chiusura CRKT PROVOKE ARANCIO 4041O"},"content":{"rendered":"<p>Coltello Di Chiusura <strong>CRKT<\/strong> PROVOKE ARANCIO 4041O.<\/p>\n<p>Servire. Difendere. Il coltello karambit morphing Provoke\u00ae Orange si ispira a un design antico ma nasconde un segreto futuristico. Il primo coltello in assoluto con tecnologia Kinematic\u00ae, rimane ben nascosto durante il trasporto e prende vita quando si verificano problemi. Ora realizzato in Grivory\u00ae, un materiale termoplastico ingegnerizzato, resistente e leggero, \u00e8 pi\u00f9 leggero, pi\u00f9 agile e fatto per andare ovunque.<\/p>\n<p>Qui pensiamo al designer Joe Caswell come a uno scienziato pazzo. Quando abbiamo visto gli schizzi di quello che sarebbe diventato il Provoke\u00ae, progettato a Newbury Park, in California, sapevamo che era destinato a diventare uno dei designer pi\u00f9 innovativi che il mondo dei coltelli abbia mai visto. Modellata sul modello di un karambit tradizionale, la lama in stile falco nero \u00e8 realizzata in acciaio inossidabile di qualit\u00e0 pietra.<\/p>\n<p>Il meccanismo di apertura trascina la cartella nel futuro, pronta o meno. La pressione del pollice sulla barra superiore innesca una reazione a catena, facendo entrare in azione la lama mentre si mantiene una presa salda sul manico. \u00c8 realizzato in Grivory\u00ae arancione, una termoplastica super resistente e leggera per un facile trasporto e una transizione senza soluzione di continuit\u00e0 all&#8217;uso quotidiano. In vero stile Joe, anche la clip da tasca \u00e8 una novit\u00e0 mondiale: si trova quasi completamente a filo con la maniglia e si attiva anche con una leggera pressione del pollice.<\/p>\n<p>Provocare\u00ae<br \/>\n\u00e8 forte quando \u00e8 chiamato a servire.<\/p>\n<p>Come funziona Kinematic\u00ae<br \/>\nSpingi il pollice nella traversa superiore, mentre le altre dita afferrano saldamente la maniglia, e la lama prende vita e scatta in posizione. Far scorrere la leva discreta alla base del passante per le dita e la lama si ritrae nella posizione chiusa.<\/p>\n<p>SPECIFICHE<br \/>\nLunghezza lama 2,47&#8243; (62,69 mm)<br \/>\nLama Lama liscia<br \/>\nLama in acciaio 1.4116<br \/>\nFinitura lama Stonewash<br \/>\nSpessore lama 0,21&#8243; (5,38 mm)<br \/>\nLunghezza totale 7,19&#8243; (182,58 mm)<br \/>\nLunghezza chiusa 4,96&#8243; (125,88 mm)<br \/>\nPeso 4,70 once (133,24 g)<br \/>\nManico in Grivory\u00ae<br \/>\nColtello pieghevole Style con Kinematic\u2122<\/p>\n<p><iframe title=\"CRKT PROVOKE\u2122 ORANGE | Joe Caswell Design\" width=\"800\" height=\"450\" src=\"https:\/\/www.youtube.com\/embed\/QMMSMFwqDe4?feature=oembed\" frameborder=\"0\" allow=\"accelerometer; autoplay; clipboard-write; encrypted-media; gyroscope; picture-in-picture; web-share\" referrerpolicy=\"strict-origin-when-cross-origin\" allowfullscreen><\/iframe><\/p>\n<p>&nbsp;<\/p>\n","protected":false},"excerpt":{"rendered":"<p>Progettato da Joe Caswell a Newbury Park, California.<\/p>\n","protected":false},"featured_media":327080,"comment_status":"open","ping_status":"closed","template":"","meta":[],"pwb-brand":[3763],"product_brand":[],"product_cat":[3749,3745],"product_tag":[3755],"class_list":{"0":"post-327079","1":"product","2":"type-product","3":"status-publish","4":"has-post-thumbnail","6":"pwb-brand-crkt-it","7":"product_cat-coltelli-di-chiusura","8":"product_cat-coltelli","9":"product_tag-b2b-it","11":"first","12":"instock","13":"taxable","14":"shipping-taxable","15":"purchasable","16":"product-type-simple"},"brands":[{"id":3763,"name":"CRKT","slug":"crkt-it"}],"_links":{"self":[{"href":"https:\/\/www.moskito.cz\/it\/wp-json\/wp\/v2\/product\/327079","targetHints":{"allow":["GET"]}}],"collection":[{"href":"https:\/\/www.moskito.cz\/it\/wp-json\/wp\/v2\/product"}],"about":[{"href":"https:\/\/www.moskito.cz\/it\/wp-json\/wp\/v2\/types\/product"}],"replies":[{"embeddable":true,"href":"https:\/\/www.moskito.cz\/it\/wp-json\/wp\/v2\/comments?post=327079"}],"wp:featuredmedia":[{"embeddable":true,"href":"https:\/\/www.moskito.cz\/it\/wp-json\/wp\/v2\/media\/327080"}],"wp:attachment":[{"href":"https:\/\/www.moskito.cz\/it\/wp-json\/wp\/v2\/media?parent=327079"}],"wp:term":[{"taxonomy":"pwb-brand","embeddable":true,"href":"https:\/\/www.moskito.cz\/it\/wp-json\/wp\/v2\/pwb-brand?post=327079"},{"taxonomy":"product_brand","embeddable":true,"href":"https:\/\/www.moskito.cz\/it\/wp-json\/wp\/v2\/product_brand?post=327079"},{"taxonomy":"product_cat","embeddable":true,"href":"https:\/\/www.moskito.cz\/it\/wp-json\/wp\/v2\/product_cat?post=327079"},{"taxonomy":"product_tag","embeddable":true,"href":"https:\/\/www.moskito.cz\/it\/wp-json\/wp\/v2\/product_tag?post=327079"}],"curies":[{"name":"wp","href":"https:\/\/api.w.org\/{rel}","templated":true}]}}