{"id":327217,"date":"2020-12-19T17:35:19","date_gmt":"2024-04-08T13:22:31","guid":{"rendered":"https:\/\/www.moskito.cz\/produkt\/coltello-di-chiusura-crkt-provoke-4040\/"},"modified":"2025-07-11T07:53:15","modified_gmt":"2025-07-11T06:53:15","slug":"coltello-di-chiusura-crkt-provoke-4040","status":"publish","type":"product","link":"https:\/\/www.moskito.cz\/it\/produkt\/coltello-di-chiusura-crkt-provoke-4040\/","title":{"rendered":"Coltello di chiusura CRKT PROVOKE 4040"},"content":{"rendered":"<p>Coltello di chiusura <strong>CRKT<\/strong> PROVOKE 4040.<\/p>\n<p>Servire. Difendere. Il coltello karambit morphing Provoke\u00ae attinge a un design antico ma nasconde un segreto futuristico. Il primo coltello in assoluto con tecnologia Kinematic\u00ae, rimane ben nascosto durante il trasporto e prende vita quando si verificano problemi.<\/p>\n<p>Qui pensiamo al designer Joe Caswell come a uno scienziato pazzo. Quando abbiamo visto gli schizzi di quello che sarebbe diventato il Provoke\u00ae, progettato a Newbury Park, in California, sapevamo che era destinato a diventare uno dei designer pi\u00f9 innovativi che il mondo dei coltelli abbia mai visto. La lama in stile hawkbill, modellata sul tradizionale karambit, \u00e8 forgiata in acciaio D2 di alta qualit\u00e0 per un&#8217;elevata durata e un&#8217;eccellente ritenzione del filo.<\/p>\n<p>Il meccanismo di apertura trascina la cartella nel futuro, pronta o meno. La pressione del pollice sulla barra superiore innesca una reazione a catena, facendo entrare in azione la lama mentre si mantiene una presa salda sul manico. \u00c8 realizzato in alluminio aeronautico 6061 per la massima rigidit\u00e0. In vero stile Joe, anche la clip da tasca \u00e8 una novit\u00e0 mondiale: si trova quasi completamente a filo con la maniglia e si attiva anche con una leggera pressione del pollice.<\/p>\n<p>Provoke\u00ae \u00e8 potente quando viene chiamato in servizio.<\/p>\n<p>Come funziona Kinematic\u00ae<br \/>\nUsa il pollice per spingere la barra superiore, mantenendo una presa salda sul manico con le altre dita, e la lama prender\u00e0 vita e scatter\u00e0 in posizione. Far scorrere la leva discreta alla base del passante per le dita e la lama si ritrae nella posizione chiusa.<\/p>\n<p>SPECIFICHE<br \/>\nLunghezza lama 2,41&#8243; (61,21 mm)<br \/>\nLama Lama liscia<br \/>\nLama in acciaio D2<br \/>\nTrattamento superficiale della lama Nitruro di titanio<br \/>\nSpessore lama 0,21&#8243; (5,31 mm)<br \/>\nLunghezza totale 7,25&#8243; (184,15 mm)<br \/>\nLunghezza chiusa 4,96&#8243; (125,98 mm)<br \/>\nPeso 6,10 once (172,93 g)<br \/>\nManiglia in alluminio<br \/>\nColtello pieghevole Style con Kinematic\u2122<\/p>\n<p><iframe title=\"CRKT Kinematic | How It Works\" width=\"800\" height=\"450\" src=\"https:\/\/www.youtube.com\/embed\/birKtIe7HRY?feature=oembed\" frameborder=\"0\" allow=\"accelerometer; autoplay; clipboard-write; encrypted-media; gyroscope; picture-in-picture; web-share\" referrerpolicy=\"strict-origin-when-cross-origin\" allowfullscreen><\/iframe><\/p>\n<p>&nbsp;<\/p>\n","protected":false},"excerpt":{"rendered":"<p>Progettato da Joe Caswell a Newbury Park, California.<\/p>\n","protected":false},"featured_media":176869,"comment_status":"open","ping_status":"closed","template":"","meta":[],"pwb-brand":[3763],"product_brand":[],"product_cat":[3749,3745],"product_tag":[3755],"class_list":{"0":"post-327217","1":"product","2":"type-product","3":"status-publish","4":"has-post-thumbnail","6":"pwb-brand-crkt-it","7":"product_cat-coltelli-di-chiusura","8":"product_cat-coltelli","9":"product_tag-b2b-it","11":"first","12":"outofstock","13":"sale","14":"taxable","15":"shipping-taxable","16":"purchasable","17":"product-type-simple"},"brands":[{"id":3763,"name":"CRKT","slug":"crkt-it"}],"_links":{"self":[{"href":"https:\/\/www.moskito.cz\/it\/wp-json\/wp\/v2\/product\/327217","targetHints":{"allow":["GET"]}}],"collection":[{"href":"https:\/\/www.moskito.cz\/it\/wp-json\/wp\/v2\/product"}],"about":[{"href":"https:\/\/www.moskito.cz\/it\/wp-json\/wp\/v2\/types\/product"}],"replies":[{"embeddable":true,"href":"https:\/\/www.moskito.cz\/it\/wp-json\/wp\/v2\/comments?post=327217"}],"wp:featuredmedia":[{"embeddable":true,"href":"https:\/\/www.moskito.cz\/it\/wp-json\/wp\/v2\/media\/176869"}],"wp:attachment":[{"href":"https:\/\/www.moskito.cz\/it\/wp-json\/wp\/v2\/media?parent=327217"}],"wp:term":[{"taxonomy":"pwb-brand","embeddable":true,"href":"https:\/\/www.moskito.cz\/it\/wp-json\/wp\/v2\/pwb-brand?post=327217"},{"taxonomy":"product_brand","embeddable":true,"href":"https:\/\/www.moskito.cz\/it\/wp-json\/wp\/v2\/product_brand?post=327217"},{"taxonomy":"product_cat","embeddable":true,"href":"https:\/\/www.moskito.cz\/it\/wp-json\/wp\/v2\/product_cat?post=327217"},{"taxonomy":"product_tag","embeddable":true,"href":"https:\/\/www.moskito.cz\/it\/wp-json\/wp\/v2\/product_tag?post=327217"}],"curies":[{"name":"wp","href":"https:\/\/api.w.org\/{rel}","templated":true}]}}