{"id":327478,"date":"2022-09-28T16:28:59","date_gmt":"2024-04-08T14:16:04","guid":{"rendered":"https:\/\/www.moskito.cz\/produkt\/ascia-crkt-freyr-2746\/"},"modified":"2025-05-07T11:09:11","modified_gmt":"2025-05-07T10:09:11","slug":"ascia-crkt-freyr-2746","status":"publish","type":"product","link":"https:\/\/www.moskito.cz\/it\/produkt\/ascia-crkt-freyr-2746\/","title":{"rendered":"Ascia CRKT FREYR 2746"},"content":{"rendered":"<p>Ascia <strong>CRKT<\/strong> FREYR 2746.<\/p>\n<p>Design nordico con un&#8217;anima tutta americana. Perch\u00e9 scherzare con una forma di ascia collaudata da oltre mille anni? Questo \u00e8 il veterano e designer logico Elmer Roush, che ti presenta l&#8217;ascia tattica Freyr\u2122. Una barba profonda riflette lo stile vichingo. Ma il suo equilibrio e la sua pura potenza lo collocano in una lega a parte. Scudo vichingo e grido di battaglia non inclusi.<\/p>\n<p>Elmer Roush di Brasstown, Carolina del Nord, ha un piede decisamente nel passato. Quando si tratta di progettare gli assi, ad es. Sebbene la barba profonda di Freyru\u2122 non possa essere utilizzata per abbattere lo scudo di un nemico come farebbe nei mari delle guardie carcerarie sorvegliate dai vichinghi, l&#8217;equilibrio che aggiunge eleva questa ascia a un moderno cavallo di battaglia. Prende il nome dal dio nordico della prosperit\u00e0, la sua anima vichinga \u00e8 all&#8217;altezza del look classico.<\/p>\n<p>La lama stessa \u00e8 forgiata a caldo in acciaio al carbonio ed \u00e8 passivata per la massima resistenza alla corrosione. Incontrato con un manico scolpito in noce americano del Tennessee, \u00e8 realizzato con precisione per durabilit\u00e0 e facilit\u00e0 d&#8217;uso. \u00c8 possibile acquistare un fodero in pelle.<\/p>\n<p>Se \u00e8 vero che la storia si ripete, allora questa ascia ne \u00e8 la prova definitiva.<\/p>\n<p>Informazioni su Forged By War\u00ae<\/p>\n<p>Nel 2013, Ryan Johnson di RMJ Tactical, un progettista di tomahawk tattici militari d&#8217;\u00e9lite, si \u00e8 rivolto a CRKT\u00ae con la notizia di aver lavorato con diversi veterani di guerra tornati dalla guerra con vari gradi di stress post-traumatico (PTS).<\/p>\n<p>Per aiutarli a superare le sfide, hanno progettato e forgiato l&#8217;acciaio per realizzare i propri strumenti. Basandosi sull&#8217;esperienza acquisita in situazioni di combattimento, hanno creato gli strumenti che desideravano avere a disposizione sul campo di battaglia.<\/p>\n<p>CRKT\u00ae ha a cuore il ritorno dei nostri veterani e abbiamo visto un modo per restituire qualcosa alla comunit\u00e0 che li ha creati. Nel 2016 abbiamo lanciato il programma Forged By War\u00ae.<\/p>\n<p>Si tratta di strumenti pronti per la missione, progettati da veterani, con una parte del ricavato donato all&#8217;ente di beneficenza scelto dai veterani.<\/p>\n<p>Strumenti pronti per la missione Forged By War\u00ae. Scopri di pi\u00f9 qui.<\/p>\n<p>L&#8217;ente di beneficenza di Elmer Roush per questo strumento \u00e8 la Green Beret Foundation.<\/p>\n<p>*Anche se sappiamo che la tentazione \u00e8 grande, non consigliamo di buttare via questo particolare strumento per motivi di sicurezza e possibilmente invalidare la garanzia.<\/p>\n<p>SPECIFICHE<br \/>\nLunghezza lama 4,53&#8243; (115,01 mm)<br \/>\nLama Lama liscia<br \/>\nLama in acciaio al carbonio 1055<br \/>\nTrattamento superficiale della lama Rivestimento a base di fosfato di manganese<br \/>\nSpessore lama 1,19&#8243; (30,10 mm)<br \/>\nLunghezza totale 16,13&#8243; (409,58 mm)<br \/>\nPeso 0,81 kg (1,79 libbre)<br \/>\nManico in noce americano Tennessee<br \/>\nStile ascia<\/p>\n<p><iframe title=\"CRKT Freyr Axe | An Elmer Roush Design\" width=\"800\" height=\"450\" src=\"https:\/\/www.youtube.com\/embed\/rxxWf33LFHM?feature=oembed\" frameborder=\"0\" allow=\"accelerometer; autoplay; clipboard-write; encrypted-media; gyroscope; picture-in-picture; web-share\" referrerpolicy=\"strict-origin-when-cross-origin\" allowfullscreen><\/iframe><\/p>\n<p>&nbsp;<\/p>\n","protected":false},"excerpt":{"rendered":"<p>Progettato da Elmer Roush a Brasstown, nella Carolina del Nord.<\/p>\n<p>&nbsp;<\/p>\n","protected":false},"featured_media":327479,"comment_status":"open","ping_status":"closed","template":"","meta":[],"pwb-brand":[3763],"product_brand":[],"product_cat":[3733],"product_tag":[3755],"class_list":{"0":"post-327478","1":"product","2":"type-product","3":"status-publish","4":"has-post-thumbnail","6":"pwb-brand-crkt-it","7":"product_cat-assi","8":"product_tag-b2b-it","10":"first","11":"outofstock","12":"taxable","13":"shipping-taxable","14":"purchasable","15":"product-type-simple"},"brands":[{"id":3763,"name":"CRKT","slug":"crkt-it"}],"_links":{"self":[{"href":"https:\/\/www.moskito.cz\/it\/wp-json\/wp\/v2\/product\/327478","targetHints":{"allow":["GET"]}}],"collection":[{"href":"https:\/\/www.moskito.cz\/it\/wp-json\/wp\/v2\/product"}],"about":[{"href":"https:\/\/www.moskito.cz\/it\/wp-json\/wp\/v2\/types\/product"}],"replies":[{"embeddable":true,"href":"https:\/\/www.moskito.cz\/it\/wp-json\/wp\/v2\/comments?post=327478"}],"wp:featuredmedia":[{"embeddable":true,"href":"https:\/\/www.moskito.cz\/it\/wp-json\/wp\/v2\/media\/327479"}],"wp:attachment":[{"href":"https:\/\/www.moskito.cz\/it\/wp-json\/wp\/v2\/media?parent=327478"}],"wp:term":[{"taxonomy":"pwb-brand","embeddable":true,"href":"https:\/\/www.moskito.cz\/it\/wp-json\/wp\/v2\/pwb-brand?post=327478"},{"taxonomy":"product_brand","embeddable":true,"href":"https:\/\/www.moskito.cz\/it\/wp-json\/wp\/v2\/product_brand?post=327478"},{"taxonomy":"product_cat","embeddable":true,"href":"https:\/\/www.moskito.cz\/it\/wp-json\/wp\/v2\/product_cat?post=327478"},{"taxonomy":"product_tag","embeddable":true,"href":"https:\/\/www.moskito.cz\/it\/wp-json\/wp\/v2\/product_tag?post=327478"}],"curies":[{"name":"wp","href":"https:\/\/api.w.org\/{rel}","templated":true}]}}