{"id":327587,"date":"2022-11-19T18:24:30","date_gmt":"2022-11-19T17:24:30","guid":{"rendered":"https:\/\/www.moskito.cz\/produkt\/coltello-di-chiusura-crkt-m16-10ksf\/"},"modified":"2025-06-27T08:05:09","modified_gmt":"2025-06-27T07:05:09","slug":"coltello-di-chiusura-crkt-m16-10ksf","status":"publish","type":"product","link":"https:\/\/www.moskito.cz\/it\/produkt\/coltello-di-chiusura-crkt-m16-10ksf\/","title":{"rendered":"Coltello di chiusura CRKT M16-10KSF"},"content":{"rendered":"<div class=\"flex-1 overflow-hidden @container\/thread\">\n<div class=\"h-full\">\n<div class=\"react-scroll-to-bottom--css-vxybp-79elbk h-full\">\n<div class=\"react-scroll-to-bottom--css-vxybp-1n7m0yu\">\n<div class=\"flex flex-col text-sm md:pb-9\">\n<article class=\"w-full scroll-mb-[var(--thread-trailing-height,150px)] text-token-text-primary focus-visible:outline-2 focus-visible:outline-offset-[-4px]\" dir=\"auto\" data-testid=\"conversation-turn-87\" data-scroll-anchor=\"true\">\n<div class=\"m-auto text-base py-[18px] px-3 md:px-4 w-full md:px-5 lg:px-4 xl:px-5\">\n<div class=\"mx-auto flex flex-1 gap-4 text-base md:gap-5 lg:gap-6 md:max-w-3xl\">\n<div class=\"group\/conversation-turn relative flex w-full min-w-0 flex-col agent-turn\">\n<div class=\"flex-col gap-1 md:gap-3\">\n<div class=\"flex max-w-full flex-col flex-grow\">\n<div class=\"min-h-8 text-message flex w-full flex-col items-end gap-2 whitespace-normal break-words text-start [.text-message+&amp;]:mt-5\" dir=\"auto\" data-message-author-role=\"assistant\" data-message-id=\"f487dbca-5236-471e-9192-dc7b867e5f40\" data-message-model-slug=\"gpt-4o-mini\">\n<div class=\"flex w-full flex-col gap-1 empty:hidden first:pt-[3px]\">\n<div class=\"markdown prose w-full break-words dark:prose-invert light\">\n<p><strong>Coltello di chiusura CRKT M16-10KSF<\/strong><\/p>\n<p><strong>Il CRKT M16-10KSF<\/strong> \u00e8 <strong>un coltello robusto e potente,<\/strong> progettato per <strong>compiti impegnativi<\/strong> e <strong>per l&#8217;uso quotidiano (EDC)<\/strong> . Questo coltello fa parte della serie <strong>M16\u00ae<\/strong> , nota per la sua <strong>durata e le sue prestazioni<\/strong> , ed \u00e8 ideale per <strong>attivit\u00e0 civili<\/strong> come <strong>l&#8217;apertura di scatole<\/strong> , il taglio di materiali o le attivit\u00e0 all&#8217;aperto in generale. Grazie a caratteristiche innovative come <strong>il Carson Flipper<\/strong> e <strong>le dentellature Triple Point\u2122<\/strong> , offre eccellenti <strong>prestazioni di taglio<\/strong> e <strong>un utilizzo sicuro<\/strong> .  <\/p>\n<h3><strong>Specifiche:<\/strong><\/h3>\n<ul>\n<li><strong>Lunghezza lama<\/strong> : 74,68 mm (2,94&#8243;)<\/li>\n<li><strong>Filo della lama<\/strong> : <strong>dentellature Triple Point\u2122<\/strong> (combinazione di bordi lisci e seghettati per un taglio migliore dei materiali fibrosi)<\/li>\n<li><strong>Materiale della lama<\/strong> : <strong>acciaio 8Cr14MoV<\/strong> (buon equilibrio tra durezza e resistenza alla corrosione)<\/li>\n<li><strong>Trattamento superficiale della lama<\/strong> : <strong>EDP<\/strong> (migliora la resistenza alla corrosione)<\/li>\n<li><strong>Spessore della lama<\/strong> : 2,49 mm (0,10&#8243;)<\/li>\n<li><strong>Lunghezza totale<\/strong> : 177,80 mm (7,00&#8243;)<\/li>\n<li><strong>Lunghezza chiusa<\/strong> : 101,60 mm (4,00&#8243;)<\/li>\n<li><strong>Peso<\/strong> : 76,54 g (2,70 oz)<\/li>\n<li><strong>Maniglia<\/strong> : <strong>acciaio inossidabile<\/strong> (costruzione durevole e solida)<\/li>\n<li><strong>Stile<\/strong> : <strong>coltello pieghevole<\/strong> con <strong>blocco del telaio<\/strong><\/li>\n<\/ul>\n<h3><strong>Caratteristiche principali:<\/strong><\/h3>\n<ol>\n<li><strong>Blocco del telaio per sicurezza<\/strong> :\n<ul>\n<li><strong>Il blocco del telaio<\/strong> assicura che la lama rimanga saldamente in posizione durante l&#8217;uso. Questa serratura \u00e8 nota per la sua affidabilit\u00e0 e garantisce un&#8217;eccellente <strong>sicurezza sul lavoro<\/strong> . <\/li>\n<\/ul>\n<\/li>\n<li><strong>Carson Flipper per un&#8217;apertura rapida<\/strong> :\n<ul>\n<li><strong>La pinna<\/strong> \u00e8 integrata nell&#8217;impugnatura e consente <strong>un&#8217;apertura rapida e fluida della lama con una sola mano<\/strong> . Ci\u00f2 significa che \u00e8 possibile preparare immediatamente il coltello per l&#8217;uso, senza alcuna manipolazione complicata. <\/li>\n<\/ul>\n<\/li>\n<li><strong>Dentellature Triple Point\u2122<\/strong> :\n<ul>\n<li><strong>La dentatura Triple Point\u2122<\/strong> \u00e8 progettata per <strong>tagliare facilmente materiali fibrosi<\/strong> come <strong>corde, spaghi o cinghie<\/strong> , garantendo eccellenti prestazioni di taglio anche su materiali che normalmente sarebbero difficili da tagliare.<\/li>\n<\/ul>\n<\/li>\n<li><strong>Rivestimento EDP nero<\/strong> :\n<ul>\n<li><strong>Il rivestimento EDP (Electrophoretic Paint Deposition)<\/strong> della lama migliora <strong>la resistenza alla corrosione,<\/strong> garantendo al contempo <strong>una finitura opaca<\/strong> resistente ai graffi e all&#8217;usura.<\/li>\n<\/ul>\n<\/li>\n<li><strong>Design compatto e portatile<\/strong> :\n<ul>\n<li>Questo coltello ha dimensioni compatte, con <strong>una lunghezza di 4 pollici (101,6 mm) quando chiuso<\/strong> , il che lo rende <strong>un ottimo coltello da portare tutti i giorni (EDC)<\/strong> che si adatta facilmente a una tasca o a una borsa.<\/li>\n<\/ul>\n<\/li>\n<\/ol>\n<h3><strong>Vantaggi:<\/strong><\/h3>\n<ul>\n<li><strong>Elevata sicurezza<\/strong> : il lucchetto a telaio garantisce una protezione forte e affidabile contro le aperture indesiderate.<\/li>\n<li><strong>Ideale per le attivit\u00e0 quotidiane<\/strong> : grazie <strong>alle dentellature Triple Point\u2122,<\/strong> il coltello \u00e8 ideale per <strong>tagliare materiali fibrosi<\/strong> come scatole, corde e simili.<\/li>\n<li><strong>Compatto e leggero<\/strong> : con un peso di <strong>76,54 g (2,70 oz)<\/strong> e una lunghezza complessiva di 7,00&#8243;, il coltello \u00e8 leggero ma abbastanza robusto per la maggior parte delle attivit\u00e0 quotidiane.<\/li>\n<li><strong>Resistenza alla corrosione<\/strong> : <strong>il rivestimento EDP nero<\/strong> offre protezione contro la corrosione e l&#8217;incrostazione, rendendolo ideale per l&#8217;uso a lungo termine in diverse condizioni.<\/li>\n<li><strong>Apertura rapida e comoda<\/strong> : <strong>il Carson Flipper<\/strong> consente un&#8217;apertura rapida con una sola mano, aumentando la praticit\u00e0 d&#8217;uso del coltello sul campo.<\/li>\n<\/ul>\n<h3><strong>Conclusione:<\/strong><\/h3>\n<p><strong>Il CRKT M16-10KSF<\/strong> \u00e8 un <strong>coltello perfetto per l&#8217;uso quotidiano (EDC)<\/strong> per chi cerca <strong>uno strumento potente e compatto,<\/strong> <strong>durevole e affidabile<\/strong> . Grazie a <strong>caratteristiche innovative<\/strong> come <strong>il Carson Flipper<\/strong> , <strong>le dentellature Triple Point\u2122<\/strong> e <strong>il blocco del telaio<\/strong> , questo coltello offre <strong>ottime prestazioni<\/strong> per un&#8217;ampia gamma di attivit\u00e0, dall&#8217;apertura <strong>di scatole<\/strong> ai <strong>lavori pi\u00f9 impegnativi<\/strong> . \u00c8 la scelta ideale per l&#8217;uso quotidiano in ufficio, a casa o all&#8217;aperto.  <\/p>\n<\/div>\n<\/div>\n<\/div>\n<\/div>\n<div class=\"mt-3 w-full empty:hidden\">\n<div class=\"text-center\"><\/div>\n<\/div>\n<\/div>\n<div class=\"absolute\">\n<div class=\"flex items-center justify-center\"><\/div>\n<\/div>\n<\/div>\n<\/div>\n<\/div>\n<\/article>\n<\/div>\n<\/div>\n<\/div>\n<\/div>\n<\/div>\n<div class=\"md:pt-0 dark:border-white\/20 md:border-transparent md:dark:border-transparent w-full\">\n<div>\n<div class=\"m-auto text-base px-3 md:px-4 w-full md:px-5 lg:px-4 xl:px-5\">\n<div class=\"mx-auto flex flex-1 gap-4 text-base md:gap-5 lg:gap-6 md:max-w-3xl\">\n<div class=\"flex justify-center\"><\/div>\n<\/div>\n<\/div>\n<\/div>\n<\/div>\n<p><iframe title=\"M16-10KSF Knife | by Kit Carson\" width=\"800\" height=\"450\" src=\"https:\/\/www.youtube.com\/embed\/8lRjYI-hRuw?feature=oembed\" frameborder=\"0\" allow=\"accelerometer; autoplay; clipboard-write; encrypted-media; gyroscope; picture-in-picture; web-share\" referrerpolicy=\"strict-origin-when-cross-origin\" allowfullscreen><\/iframe><\/p>\n<p>&nbsp;<\/p>\n","protected":false},"excerpt":{"rendered":"<p><strong>Il CRKT M16-10KSF \u00e8 un coltello perfetto per l&#8217;uso quotidiano (EDC) per chi cerca uno strumento potente e compatto, durevole e affidabile. Grazie a caratteristiche innovative come il Carson Flipper, le dentellature Triple Point\u2122 e il blocco del telaio, questo coltello offre ottime prestazioni per un&#8217;ampia gamma di attivit\u00e0, dall&#8217;apertura di scatole ai lavori pi\u00f9 impegnativi. \u00c8 la scelta ideale per l&#8217;uso quotidiano in ufficio, a casa o all&#8217;aperto.  <\/strong><\/p>\n","protected":false},"featured_media":327588,"comment_status":"open","ping_status":"closed","template":"","meta":[],"pwb-brand":[3763],"product_brand":[],"product_cat":[3749,3745],"product_tag":[3755],"class_list":{"0":"post-327587","1":"product","2":"type-product","3":"status-publish","4":"has-post-thumbnail","6":"pwb-brand-crkt-it","7":"product_cat-coltelli-di-chiusura","8":"product_cat-coltelli","9":"product_tag-b2b-it","11":"first","12":"instock","13":"taxable","14":"shipping-taxable","15":"purchasable","16":"product-type-simple"},"brands":[{"id":3763,"name":"CRKT","slug":"crkt-it"}],"_links":{"self":[{"href":"https:\/\/www.moskito.cz\/it\/wp-json\/wp\/v2\/product\/327587","targetHints":{"allow":["GET"]}}],"collection":[{"href":"https:\/\/www.moskito.cz\/it\/wp-json\/wp\/v2\/product"}],"about":[{"href":"https:\/\/www.moskito.cz\/it\/wp-json\/wp\/v2\/types\/product"}],"replies":[{"embeddable":true,"href":"https:\/\/www.moskito.cz\/it\/wp-json\/wp\/v2\/comments?post=327587"}],"wp:featuredmedia":[{"embeddable":true,"href":"https:\/\/www.moskito.cz\/it\/wp-json\/wp\/v2\/media\/327588"}],"wp:attachment":[{"href":"https:\/\/www.moskito.cz\/it\/wp-json\/wp\/v2\/media?parent=327587"}],"wp:term":[{"taxonomy":"pwb-brand","embeddable":true,"href":"https:\/\/www.moskito.cz\/it\/wp-json\/wp\/v2\/pwb-brand?post=327587"},{"taxonomy":"product_brand","embeddable":true,"href":"https:\/\/www.moskito.cz\/it\/wp-json\/wp\/v2\/product_brand?post=327587"},{"taxonomy":"product_cat","embeddable":true,"href":"https:\/\/www.moskito.cz\/it\/wp-json\/wp\/v2\/product_cat?post=327587"},{"taxonomy":"product_tag","embeddable":true,"href":"https:\/\/www.moskito.cz\/it\/wp-json\/wp\/v2\/product_tag?post=327587"}],"curies":[{"name":"wp","href":"https:\/\/api.w.org\/{rel}","templated":true}]}}