{"id":327654,"date":"2021-07-31T21:42:38","date_gmt":"2024-04-08T14:28:10","guid":{"rendered":"https:\/\/www.moskito.cz\/produkt\/coltello-di-chiusura-crkt-ceo-flipper\/"},"modified":"2025-05-07T11:09:15","modified_gmt":"2025-05-07T10:09:15","slug":"coltello-di-chiusura-crkt-ceo-flipper","status":"publish","type":"product","link":"https:\/\/www.moskito.cz\/it\/produkt\/coltello-di-chiusura-crkt-ceo-flipper\/","title":{"rendered":"Coltello pieghevole CRKT CEO FLIPPER 7097"},"content":{"rendered":"<p><strong style=\"font-family: -apple-system, BlinkMacSystemFont, 'Segoe UI', Roboto, 'Helvetica Neue', Arial, 'Noto Sans', sans-serif, 'Apple Color Emoji', 'Segoe UI Emoji', 'Segoe UI Symbol', 'Noto Color Emoji';\">Il coltello pieghevole CRKT CEO Flipper 7097<\/strong> <span style=\"font-family: -apple-system, BlinkMacSystemFont, 'Segoe UI', Roboto, 'Helvetica Neue', Arial, 'Noto Sans', sans-serif, 'Apple Color Emoji', 'Segoe UI Emoji', 'Segoe UI Symbol', 'Noto Color Emoji';\">\u00e8 un coltello elegante e altamente funzionale, progettato da Richard Rogers, che incarna il concetto di coltello moderno per il trasporto quotidiano (EDC) con particolare attenzione a<\/span> <strong style=\"font-family: -apple-system, BlinkMacSystemFont, 'Segoe UI', Roboto, 'Helvetica Neue', Arial, 'Noto Sans', sans-serif, 'Apple Color Emoji', 'Segoe UI Emoji', 'Segoe UI Symbol', 'Noto Color Emoji';\">compattezza<\/strong> <span style=\"font-family: -apple-system, BlinkMacSystemFont, 'Segoe UI', Roboto, 'Helvetica Neue', Arial, 'Noto Sans', sans-serif, 'Apple Color Emoji', 'Segoe UI Emoji', 'Segoe UI Symbol', 'Noto Color Emoji';\">,<\/span> <strong style=\"font-family: -apple-system, BlinkMacSystemFont, 'Segoe UI', Roboto, 'Helvetica Neue', Arial, 'Noto Sans', sans-serif, 'Apple Color Emoji', 'Segoe UI Emoji', 'Segoe UI Symbol', 'Noto Color Emoji';\">design<\/strong> <span style=\"font-family: -apple-system, BlinkMacSystemFont, 'Segoe UI', Roboto, 'Helvetica Neue', Arial, 'Noto Sans', sans-serif, 'Apple Color Emoji', 'Segoe UI Emoji', 'Segoe UI Symbol', 'Noto Color Emoji';\">ed<\/span> <strong style=\"font-family: -apple-system, BlinkMacSystemFont, 'Segoe UI', Roboto, 'Helvetica Neue', Arial, 'Noto Sans', sans-serif, 'Apple Color Emoji', 'Segoe UI Emoji', 'Segoe UI Symbol', 'Noto Color Emoji';\">ergonomia.<\/strong><span style=\"font-family: -apple-system, BlinkMacSystemFont, 'Segoe UI', Roboto, 'Helvetica Neue', Arial, 'Noto Sans', sans-serif, 'Apple Color Emoji', 'Segoe UI Emoji', 'Segoe UI Symbol', 'Noto Color Emoji';\">. Questo coltello \u00e8 la scelta ideale per chi ha bisogno di uno strumento affidabile ma allo stesso tempo non vuole portarsi dietro un coltello troppo grande o pesante.<\/span><\/p>\n<div class=\"flex-1 overflow-hidden @container\/thread\">\n<div class=\"h-full\">\n<div class=\"react-scroll-to-bottom--css-vxybp-79elbk h-full\">\n<div class=\"react-scroll-to-bottom--css-vxybp-1n7m0yu\">\n<div class=\"flex flex-col text-sm\">\n<article class=\"w-full scroll-mb-[var(--thread-trailing-height,150px)] text-token-text-primary focus-visible:outline-2 focus-visible:outline-offset-[-4px]\" dir=\"auto\" data-testid=\"conversation-turn-421\" data-scroll-anchor=\"true\">\n<div class=\"m-auto text-base py-[18px] px-3 md:px-4 w-full md:px-5 lg:px-4 xl:px-5\">\n<div class=\"mx-auto flex flex-1 gap-4 text-base md:gap-5 lg:gap-6 md:max-w-3xl\">\n<div class=\"group\/conversation-turn relative flex w-full min-w-0 flex-col agent-turn\">\n<div class=\"flex-col gap-1 md:gap-3\">\n<div class=\"flex max-w-full flex-col flex-grow\">\n<div class=\"min-h-8 text-message flex w-full flex-col items-end gap-2 whitespace-normal break-words text-start [.text-message+&amp;]:mt-5\" dir=\"auto\" data-message-author-role=\"assistant\" data-message-id=\"fecebe75-7439-4a20-810d-28aaa07d7280\" data-message-model-slug=\"gpt-4o-mini\">\n<div class=\"flex w-full flex-col gap-1 empty:hidden first:pt-[3px]\">\n<div class=\"markdown prose w-full break-words dark:prose-invert light\">\n<h3><strong>Caratteristiche e vantaggi:<\/strong><\/h3>\n<h4><strong>1. Design ed ergonomia:<\/strong><\/h4>\n<ul>\n<li><strong>Compatto e discreto:<\/strong> il coltello CEO \u00e8 progettato per stare nella <strong>tasca della camicia<\/strong> ed \u00e8 abbastanza discreto da poter essere portato con s\u00e9 ogni giorno. Il suo <strong>profilo basso<\/strong> lo rende molto portatile, il che lo rende un&#8217;ottima scelta per i professionisti che necessitano <strong>di un coltello discreto<\/strong> per lavori rapidi. <\/li>\n<li><strong>Ergonomia:<\/strong> nonostante la forma compatta, il coltello non perde <strong>la sua ergonomia<\/strong> e <strong>il comfort d&#8217;uso<\/strong> . Offre una presa comoda e stabile anche durante l&#8217;uso prolungato. <\/li>\n<\/ul>\n<h4><strong>2. Apertura assistita e meccanismo IKBS\u2122:<\/strong><\/h4>\n<ul>\n<li><strong>Apertura fluida:<\/strong> l&#8217;apertura della lama \u00e8 supportata dal sistema <strong>di cuscinetti a sfera IKBS\u2122<\/strong> , che assicura <strong>un movimento fluido e veloce<\/strong> durante l&#8217;apertura del coltello.<\/li>\n<li><strong>Flipper:<\/strong> il meccanismo flipper consente di <strong>aprire rapidamente<\/strong> il coltello con una sola mano, il che \u00e8 ottimo per chi ha bisogno di un accesso immediato al coltello.<\/li>\n<\/ul>\n<h4><strong>3. La lama e il suo potere:<\/strong><\/h4>\n<ul>\n<li><strong>Acciaio AUS-8:<\/strong> la lama \u00e8 realizzata in acciaio inossidabile <strong>AUS-8<\/strong> , noto per la sua <strong>buona resistenza alla corrosione<\/strong> e l&#8217;eccellente capacit\u00e0 <strong>di mantenere il filo<\/strong> . Questo acciaio \u00e8 anche molto facile da manutenere e si affila con relativa facilit\u00e0, il che lo rende ideale per un uso frequente. <\/li>\n<li><strong>Finitura satinata:<\/strong> la finitura <strong>satinata<\/strong> della lama ne esalta l&#8217;estetica e ne aumenta la resistenza ai graffi. Questa finitura non \u00e8 solo esteticamente gradevole, ma anche pratica, poich\u00e9 garantisce una facile manutenzione. <\/li>\n<\/ul>\n<h4><strong>4. Leggerezza e durata:<\/strong><\/h4>\n<ul>\n<li><strong>Leggero e resistente:<\/strong> l&#8217;impugnatura <strong>in nylon rinforzato con fibra di vetro<\/strong> \u00e8 <strong>molto leggera<\/strong> (il peso totale del coltello \u00e8 di soli 53,86 g), il che significa che il coltello non \u00e8 ingombrante da portare in tasca. Anche il materiale dell&#8217;impugnatura \u00e8 molto <strong>resistente<\/strong> , il che garantisce una lunga durata del coltello anche con un uso quotidiano. <\/li>\n<li><strong>Dimensioni compatte:<\/strong> le dimensioni compatte rendono questo coltello ideale per il trasporto quotidiano in ambienti urbani o durante riunioni di lavoro in cui la discrezione \u00e8 importante.<\/li>\n<\/ul>\n<h4><strong>5. Inserti di chiusura e bloccaggio facili:<\/strong><\/h4>\n<ul>\n<li><strong>Liner Lock:<\/strong> questo meccanismo garantisce che la lama venga bloccata saldamente in posizione aperta. La chiusura \u00e8 semplice e consente di <strong>maneggiare<\/strong> il coltello con una sola mano. <\/li>\n<\/ul>\n<h4><strong>6. Opzioni di indossamento:<\/strong><\/h4>\n<ul>\n<li><strong>Clip da cintura regolabile:<\/strong> la clip consente il trasporto in tasca o in cintura, e puoi scegliere di portare il coltello nella tasca sinistra o destra, offrendo una maggiore <strong>flessibilit\u00e0 di trasporto<\/strong> .<\/li>\n<\/ul>\n<h3><strong>Specifiche:<\/strong><\/h3>\n<ul>\n<li><strong>Lunghezza lama:<\/strong> 3,35 pollici (85,14 mm)<\/li>\n<li><strong>Lunghezza totale:<\/strong> 7,69 pollici (195,28 mm)<\/li>\n<li><strong>Lunghezza chiusa:<\/strong> 4,35 pollici (110,39 mm)<\/li>\n<li><strong>Spessore della lama:<\/strong> 0,029 pollici (2,29 mm)<\/li>\n<li><strong>Acciaio:<\/strong> AUS 8<\/li>\n<li><strong>Finitura lama:<\/strong> satinata<\/li>\n<li><strong>Peso:<\/strong> 1,90 oz. (53,86 g)<\/li>\n<li><strong>Manico:<\/strong> nylon rinforzato con fibra di vetro<\/li>\n<li><strong>Stile:<\/strong> coltello pieghevole con blocco dell&#8217;inserto<\/li>\n<\/ul>\n<h3><strong>Conclusione:<\/strong><\/h3>\n<p><strong>Il CRKT CEO Flipper 7097<\/strong> \u00e8 un <strong>coltello EDC<\/strong> perfetto per l&#8217;uso quotidiano, in particolar modo per chi cerca uno <strong>strumento compatto e discreto<\/strong> per risolvere rapidamente i propri compiti. Grazie al suo <strong>profilo basso<\/strong> , <strong>all&#8217;elevata funzionalit\u00e0<\/strong> e <strong>al design ergonomico,<\/strong> \u00e8 ideale per i professionisti che necessitano di un coltello facile da trasportare ma che offra anche grandi prestazioni nell&#8217;uso. <\/p>\n<p>Se stai cercando <strong>un coltello da portare tutti i giorni leggero<\/strong> , <strong>elegante<\/strong> e <strong>funzionale<\/strong> , facile da aprire e che duri a lungo, <strong>il CRKT CEO Flipper 7097<\/strong> \u00e8 una scelta eccellente.<\/p>\n<\/div>\n<\/div>\n<\/div>\n<\/div>\n<div class=\"mb-2 flex gap-3 empty:hidden -ml-2\">\n<div class=\"items-center justify-start rounded-xl p-1 flex\">\n<div class=\"flex items-center\"><\/div>\n<\/div>\n<\/div>\n<div class=\"pr-2 lg:pr-0\"><\/div>\n<\/div>\n<\/div>\n<\/div>\n<\/div>\n<\/article>\n<\/div>\n<\/div>\n<\/div>\n<\/div>\n<\/div>\n<div class=\"product_view_bullet\">\n<p><iframe title=\"CEO FLIPPER | Richard Rogers Design\" width=\"800\" height=\"450\" src=\"https:\/\/www.youtube.com\/embed\/YT3idMh_Y5k?feature=oembed\" frameborder=\"0\" allow=\"accelerometer; autoplay; clipboard-write; encrypted-media; gyroscope; picture-in-picture; web-share\" referrerpolicy=\"strict-origin-when-cross-origin\" allowfullscreen><\/iframe><\/p>\n<p>&nbsp;<\/p>\n<p>&nbsp;<\/p>\n<\/div>\n","protected":false},"excerpt":{"rendered":"<p><strong>Il CRKT CEO Flipper 7097 \u00e8 un coltello EDC perfetto per l&#8217;uso quotidiano, in particolar modo per chi cerca uno strumento compatto e discreto per risolvere rapidamente i propri compiti. Grazie al suo profilo basso, all&#8217;elevata funzionalit\u00e0 e al design ergonomico, \u00e8 ideale per i professionisti che cercano un coltello facile da trasportare ma che offra anche grandi prestazioni nell&#8217;uso. <\/strong><\/p>\n<p>&nbsp;<\/p>\n","protected":false},"featured_media":327661,"comment_status":"open","ping_status":"closed","template":"","meta":[],"pwb-brand":[3763],"product_brand":[],"product_cat":[3749,3745],"product_tag":[3755],"class_list":{"0":"post-327654","1":"product","2":"type-product","3":"status-publish","4":"has-post-thumbnail","6":"pwb-brand-crkt-it","7":"product_cat-coltelli-di-chiusura","8":"product_cat-coltelli","9":"product_tag-b2b-it","11":"first","12":"outofstock","13":"taxable","14":"shipping-taxable","15":"purchasable","16":"product-type-simple"},"brands":[{"id":3763,"name":"CRKT","slug":"crkt-it"}],"_links":{"self":[{"href":"https:\/\/www.moskito.cz\/it\/wp-json\/wp\/v2\/product\/327654","targetHints":{"allow":["GET"]}}],"collection":[{"href":"https:\/\/www.moskito.cz\/it\/wp-json\/wp\/v2\/product"}],"about":[{"href":"https:\/\/www.moskito.cz\/it\/wp-json\/wp\/v2\/types\/product"}],"replies":[{"embeddable":true,"href":"https:\/\/www.moskito.cz\/it\/wp-json\/wp\/v2\/comments?post=327654"}],"wp:featuredmedia":[{"embeddable":true,"href":"https:\/\/www.moskito.cz\/it\/wp-json\/wp\/v2\/media\/327661"}],"wp:attachment":[{"href":"https:\/\/www.moskito.cz\/it\/wp-json\/wp\/v2\/media?parent=327654"}],"wp:term":[{"taxonomy":"pwb-brand","embeddable":true,"href":"https:\/\/www.moskito.cz\/it\/wp-json\/wp\/v2\/pwb-brand?post=327654"},{"taxonomy":"product_brand","embeddable":true,"href":"https:\/\/www.moskito.cz\/it\/wp-json\/wp\/v2\/product_brand?post=327654"},{"taxonomy":"product_cat","embeddable":true,"href":"https:\/\/www.moskito.cz\/it\/wp-json\/wp\/v2\/product_cat?post=327654"},{"taxonomy":"product_tag","embeddable":true,"href":"https:\/\/www.moskito.cz\/it\/wp-json\/wp\/v2\/product_tag?post=327654"}],"curies":[{"name":"wp","href":"https:\/\/api.w.org\/{rel}","templated":true}]}}