{"id":327872,"date":"2023-03-21T22:48:46","date_gmt":"2023-03-21T21:48:46","guid":{"rendered":"https:\/\/www.moskito.cz\/produkt\/coltello-di-chiusura-crkt-m16-04ks\/"},"modified":"2025-05-07T11:09:19","modified_gmt":"2025-05-07T10:09:19","slug":"coltello-di-chiusura-crkt-m16-04ks","status":"publish","type":"product","link":"https:\/\/www.moskito.cz\/it\/produkt\/coltello-di-chiusura-crkt-m16-04ks\/","title":{"rendered":"Coltello di chiusura CRKT M16-04KS"},"content":{"rendered":"<div class=\"flex-1 overflow-hidden @container\/thread\">\n<div class=\"h-full\">\n<div class=\"react-scroll-to-bottom--css-vxybp-79elbk h-full\">\n<div class=\"react-scroll-to-bottom--css-vxybp-1n7m0yu\">\n<div class=\"flex flex-col text-sm md:pb-9\">\n<article class=\"w-full scroll-mb-[var(--thread-trailing-height,150px)] text-token-text-primary focus-visible:outline-2 focus-visible:outline-offset-[-4px]\" dir=\"auto\" data-testid=\"conversation-turn-63\" data-scroll-anchor=\"true\">\n<div class=\"m-auto text-base py-[18px] px-3 md:px-4 w-full md:px-5 lg:px-4 xl:px-5\">\n<div class=\"mx-auto flex flex-1 gap-4 text-base md:gap-5 lg:gap-6 md:max-w-3xl\">\n<div class=\"group\/conversation-turn relative flex w-full min-w-0 flex-col agent-turn\">\n<div class=\"flex-col gap-1 md:gap-3\">\n<div class=\"flex max-w-full flex-col flex-grow\">\n<div class=\"min-h-8 text-message flex w-full flex-col items-end gap-2 whitespace-normal break-words text-start [.text-message+&amp;]:mt-5\" dir=\"auto\" data-message-author-role=\"assistant\" data-message-id=\"e5f97c11-8b64-4c68-9f5e-c7f3a88d149f\" data-message-model-slug=\"gpt-4o-mini\">\n<div class=\"flex w-full flex-col gap-1 empty:hidden first:pt-[3px]\">\n<div class=\"markdown prose w-full break-words dark:prose-invert light\">\n<p><strong>Coltello di chiusura CRKT M16-04KS<\/strong><\/p>\n<p><strong>La M16\u00ae<\/strong> \u00e8 senza dubbio una delle linee di coltelli pi\u00f9 popolari e conosciute della <strong>CRKT<\/strong> . Questo modello, <strong>l&#8217;M16-04KS<\/strong> , \u00e8 un omaggio al famoso designer <strong>Kit Carson<\/strong> , che ha creato un design ispirato <strong>ai coltelli tattici<\/strong> da portare tutti i giorni (EDC). Questo coltello rivisita in chiave moderna il suo design leggendario, risultando tanto funzionale quanto esteticamente accattivante.  <\/p>\n<h3><strong>Specifiche:<\/strong><\/h3>\n<ul>\n<li><strong>Lunghezza lama<\/strong> : 9,83 cm<\/li>\n<li><strong>Filo della lama<\/strong> : <strong>liscio<\/strong> (classico, filo dritto)<\/li>\n<li><strong>Materiale della lama<\/strong> : <strong>acciaio Sandvik 12C27<\/strong> (noto per la sua durata e capacit\u00e0 di mantenere il filo)<\/li>\n<li><strong>Finitura della lama<\/strong> : <strong>ossido<\/strong> (per protezione dalla corrosione e aspetto migliorato)<\/li>\n<li><strong>Spessore lama<\/strong> : 0,34 cm<\/li>\n<li><strong>Lunghezza totale<\/strong> : 23,65 cm<\/li>\n<li><strong>Lunghezza chiusa<\/strong> : 13,55 cm<\/li>\n<li><strong>Peso<\/strong> : 175,77 g<\/li>\n<li><strong>Manico<\/strong> : <strong>acciaio inossidabile<\/strong> (per un&#8217;eccellente resistenza e durata)<\/li>\n<li><strong>Blocco<\/strong> : <strong>Blocco del telaio<\/strong> (garantisce un bloccaggio saldo della lama)<\/li>\n<\/ul>\n<h3><strong>Caratteristiche principali:<\/strong><\/h3>\n<ol>\n<li><strong>Apertura rapida:<\/strong>\n<ul>\n<li>Questo modello utilizza <strong>una pinna<\/strong> che consente l&#8217;estensione rapida e fluida della lama con un unico movimento. L&#8217;apertura \u00e8 molto semplice ed efficiente, rendendo il coltello ideale per <strong>l&#8217;uso quotidiano<\/strong> e per un rapido accesso. <\/li>\n<\/ul>\n<\/li>\n<li><strong>Robusta struttura del telaio:<\/strong>\n<ul>\n<li><strong>Il lucchetto a telaio<\/strong> \u00e8 noto per la sua affidabilit\u00e0 e resistenza. <strong>Il robusto fermo<\/strong> garantisce un bloccaggio sicuro e stabile della lama durante l&#8217;uso. Questo lucchetto garantisce <strong>la massima sicurezza<\/strong> e <strong>durata<\/strong> in caso di utilizzo intensivo. <\/li>\n<\/ul>\n<\/li>\n<li><strong>Maniglia in acciaio inossidabile altamente resistente:<\/strong>\n<ul>\n<li><strong>L&#8217;acciaio inossidabile<\/strong> \u00e8 molto durevole e resistente, il che garantisce una lunga durata del coltello e <strong>resistenza agli urti<\/strong> e all&#8217;usura. Questa maniglia resiste a condizioni difficili ed \u00e8 quindi la scelta ideale per le applicazioni pi\u00f9 impegnative. <\/li>\n<\/ul>\n<\/li>\n<li><strong>Trattamento superficiale della lama Ossido:<\/strong>\n<ul>\n<li><strong>La finitura ossidata<\/strong> della lama ne aumenta la <strong>resistenza alla corrosione,<\/strong> conferendole al contempo un aspetto opaco. Ci\u00f2 rende il coltello adatto alle <strong>condizioni esterne<\/strong> , come ambienti umidi o sporchi. <\/li>\n<\/ul>\n<\/li>\n<li><strong>Design compatto ed efficiente:<\/strong>\n<ul>\n<li>Nonostante la sua robustezza, il coltello \u00e8 <strong>compatto<\/strong> e ben <strong>bilanciato<\/strong> , consentendone il comodo trasporto quotidiano. \u00c8 abbastanza grande per i compiti pi\u00f9 pesanti, ma abbastanza piccolo da essere pratico da portare in tasca o nello zaino. <\/li>\n<\/ul>\n<\/li>\n<\/ol>\n<h3><strong>Vantaggi:<\/strong><\/h3>\n<ul>\n<li><strong>Apertura rapida e fluida<\/strong> tramite flipper.<\/li>\n<li><strong>Il blocco del telaio<\/strong> garantisce un bloccaggio della lama forte e sicuro.<\/li>\n<li><strong>Il manico in acciaio inossidabile<\/strong> garantisce resistenza e durata.<\/li>\n<li><strong>La finitura ossidata<\/strong> della lama migliora la resistenza alla corrosione.<\/li>\n<li>Ideale per <strong>l&#8217;uso quotidiano (EDC)<\/strong> , il campeggio, le attivit\u00e0 all&#8217;aperto e il lavoro tattico.<\/li>\n<\/ul>\n<h3><strong>Conclusione:<\/strong><\/h3>\n<p><strong>Il CRKT M16-04KS<\/strong> \u00e8 un&#8217;eccellente scelta per l&#8217;uso quotidiano (EDC), nonch\u00e9 per le attivit\u00e0 pi\u00f9 impegnative che richiedono <strong>un rapido accesso<\/strong> e <strong>un&#8217;elevata durata<\/strong> . Grazie al <strong>robusto blocco del telaio<\/strong> , <strong>alla durevole impugnatura in acciaio inossidabile<\/strong> e <strong>alla lama in acciaio Sandvik di alta qualit\u00e0,<\/strong> \u00e8 uno strumento affidabile per un&#8217;ampia gamma di utilizzi. Questo coltello non \u00e8 solo molto funzionale, ma anche esteticamente gradevole, il che lo rende un&#8217;ottima scelta per chiunque cerchi un coltello EDC di qualit\u00e0 ed elegante.  <\/p>\n<\/div>\n<\/div>\n<\/div>\n<\/div>\n<div class=\"mb-2 flex gap-3 empty:hidden -ml-2\">\n<div class=\"items-center justify-start rounded-xl p-1 flex\">\n<div class=\"flex items-center\"><\/div>\n<\/div>\n<\/div>\n<div class=\"pr-2 lg:pr-0\"><\/div>\n<div class=\"mt-3 w-full empty:hidden\">\n<div class=\"text-center\"><\/div>\n<\/div>\n<\/div>\n<div class=\"absolute\">\n<div class=\"flex items-center justify-center\"><\/div>\n<\/div>\n<\/div>\n<\/div>\n<\/div>\n<\/article>\n<\/div>\n<\/div>\n<\/div>\n<\/div>\n<\/div>\n<div class=\"md:pt-0 dark:border-white\/20 md:border-transparent md:dark:border-transparent w-full\">\n<div>\n<div class=\"m-auto text-base px-3 md:px-4 w-full md:px-5 lg:px-4 xl:px-5\">\n<div class=\"mx-auto flex flex-1 gap-4 text-base md:gap-5 lg:gap-6 md:max-w-3xl\">\n<div class=\"flex justify-center\"><\/div>\n<\/div>\n<\/div>\n<\/div>\n<\/div>\n","protected":false},"excerpt":{"rendered":"<p><strong>Il CRKT M16-04KS \u00e8 un&#8217;eccellente scelta per l&#8217;uso quotidiano (EDC), nonch\u00e9 per le attivit\u00e0 pi\u00f9 impegnative che richiedono un rapido accesso e un&#8217;elevata durata. Grazie al robusto blocco del telaio, alla durevole impugnatura in acciaio inossidabile e alla lama in acciaio Sandvik di alta qualit\u00e0, \u00e8 uno strumento affidabile per un&#8217;ampia gamma di utilizzi. Questo coltello non \u00e8 solo molto funzionale, ma anche esteticamente gradevole, il che lo rende un&#8217;ottima scelta per chiunque cerchi un coltello EDC di qualit\u00e0 ed elegante.  <\/strong><\/p>\n","protected":false},"featured_media":327873,"comment_status":"open","ping_status":"closed","template":"","meta":[],"pwb-brand":[3763],"product_brand":[],"product_cat":[3749,3745],"product_tag":[3755],"class_list":{"0":"post-327872","1":"product","2":"type-product","3":"status-publish","4":"has-post-thumbnail","6":"pwb-brand-crkt-it","7":"product_cat-coltelli-di-chiusura","8":"product_cat-coltelli","9":"product_tag-b2b-it","11":"first","12":"instock","13":"taxable","14":"shipping-taxable","15":"purchasable","16":"product-type-simple"},"brands":[{"id":3763,"name":"CRKT","slug":"crkt-it"}],"_links":{"self":[{"href":"https:\/\/www.moskito.cz\/it\/wp-json\/wp\/v2\/product\/327872","targetHints":{"allow":["GET"]}}],"collection":[{"href":"https:\/\/www.moskito.cz\/it\/wp-json\/wp\/v2\/product"}],"about":[{"href":"https:\/\/www.moskito.cz\/it\/wp-json\/wp\/v2\/types\/product"}],"replies":[{"embeddable":true,"href":"https:\/\/www.moskito.cz\/it\/wp-json\/wp\/v2\/comments?post=327872"}],"wp:featuredmedia":[{"embeddable":true,"href":"https:\/\/www.moskito.cz\/it\/wp-json\/wp\/v2\/media\/327873"}],"wp:attachment":[{"href":"https:\/\/www.moskito.cz\/it\/wp-json\/wp\/v2\/media?parent=327872"}],"wp:term":[{"taxonomy":"pwb-brand","embeddable":true,"href":"https:\/\/www.moskito.cz\/it\/wp-json\/wp\/v2\/pwb-brand?post=327872"},{"taxonomy":"product_brand","embeddable":true,"href":"https:\/\/www.moskito.cz\/it\/wp-json\/wp\/v2\/product_brand?post=327872"},{"taxonomy":"product_cat","embeddable":true,"href":"https:\/\/www.moskito.cz\/it\/wp-json\/wp\/v2\/product_cat?post=327872"},{"taxonomy":"product_tag","embeddable":true,"href":"https:\/\/www.moskito.cz\/it\/wp-json\/wp\/v2\/product_tag?post=327872"}],"curies":[{"name":"wp","href":"https:\/\/api.w.org\/{rel}","templated":true}]}}