{"id":327912,"date":"2021-07-29T20:40:43","date_gmt":"2024-04-08T14:40:15","guid":{"rendered":"https:\/\/www.moskito.cz\/produkt\/coltello-di-chiusura-crkt-m21-10ksf\/"},"modified":"2025-05-07T11:09:19","modified_gmt":"2025-05-07T10:09:19","slug":"coltello-di-chiusura-crkt-m21-10ksf","status":"publish","type":"product","link":"https:\/\/www.moskito.cz\/it\/produkt\/coltello-di-chiusura-crkt-m21-10ksf\/","title":{"rendered":"Coltello di chiusura CRKT M21-10KSF"},"content":{"rendered":"<p>Coltello di chiusura <strong>CRKT<\/strong> M21-10KSF.<\/p>\n<p>Progettato da Kit Carson a Vine Grove, Kentucky<\/p>\n<p>La serie M21\u2122 per il trasporto quotidiano in acciaio inossidabile proviene da una lunga serie di strumenti militari. Ora puoi gestire compiti civili con questa collaudata piattaforma di progettazione di coltelli semplice, durevole e conveniente. Se sei un fan dei coltelli pieghevoli tattici M16\u2122 di Kit Carson, ti consigliamo di dare un&#8217;occhiata a questa variante da portare tutti i giorni.<br \/>\nSerratura da telaio con doppia maniglia<br \/>\nIngranaggi Triple Point\u2122<br \/>\nFinitura lama in ossido nero.<\/p>\n<p>SPECIFICHE<br \/>\nLunghezza lama 3,13 pollici (79,60 mm)<br \/>\nBlade Edge Triple Point Serrations\u2122<br \/>\nLama in acciaio 8Cr14MoV<br \/>\nCompletamento della lama dell&#8217;ossigeno<br \/>\nSpessore lama 0,44&#8243; (2,44 mm)<br \/>\nLunghezza totale 7,19&#8243; (182,58 mm)<br \/>\nLunghezza da chiuso 4,01&#8243; (101,88 mm)<br \/>\nPeso 2,80 once. (79,38 g)<br \/>\nManiglia Acciaio inossidabile<br \/>\nColtello pieghevole Style con blocco del telaio<\/p>\n<p><strong>CRKT\u00ae<\/strong> (Columbia River Knife and Tool\u00ae) \u00e8 stata fondata nel 1994. Fin dal primo giorno, ha messo al primo posto l\u2019innovazione e l\u2019integrit\u00e0. Si impegna a realizzare coltelli e strumenti che ispirino e durino. Lavora con i migliori designer del mondo e lavora secondo un principio semplice: la cosa pi\u00f9 grande che pu\u00f2 dare ai clienti \u00e8 la fiducia nelle sue mani.<\/p>\n<p><iframe title=\"CRKT M21-10KSF Knife | A Kit Carson Design\" width=\"800\" height=\"450\" src=\"https:\/\/www.youtube.com\/embed\/dTHU_9PxQCc?feature=oembed\" frameborder=\"0\" allow=\"accelerometer; autoplay; clipboard-write; encrypted-media; gyroscope; picture-in-picture; web-share\" referrerpolicy=\"strict-origin-when-cross-origin\" allowfullscreen><\/iframe><\/p>\n<p>&nbsp;<\/p>\n<p>&nbsp;<\/p>\n","protected":false},"excerpt":{"rendered":"<p>Progettato da Kit Carson a Vine Grove, Kentucky.<\/p>\n","protected":false},"featured_media":327913,"comment_status":"open","ping_status":"closed","template":"","meta":[],"pwb-brand":[3763],"product_brand":[],"product_cat":[3745,3749],"product_tag":[3755],"class_list":{"0":"post-327912","1":"product","2":"type-product","3":"status-publish","4":"has-post-thumbnail","6":"pwb-brand-crkt-it","7":"product_cat-coltelli","8":"product_cat-coltelli-di-chiusura","9":"product_tag-b2b-it","11":"first","12":"instock","13":"taxable","14":"shipping-taxable","15":"purchasable","16":"product-type-simple"},"brands":[{"id":3763,"name":"CRKT","slug":"crkt-it"}],"_links":{"self":[{"href":"https:\/\/www.moskito.cz\/it\/wp-json\/wp\/v2\/product\/327912","targetHints":{"allow":["GET"]}}],"collection":[{"href":"https:\/\/www.moskito.cz\/it\/wp-json\/wp\/v2\/product"}],"about":[{"href":"https:\/\/www.moskito.cz\/it\/wp-json\/wp\/v2\/types\/product"}],"replies":[{"embeddable":true,"href":"https:\/\/www.moskito.cz\/it\/wp-json\/wp\/v2\/comments?post=327912"}],"wp:featuredmedia":[{"embeddable":true,"href":"https:\/\/www.moskito.cz\/it\/wp-json\/wp\/v2\/media\/327913"}],"wp:attachment":[{"href":"https:\/\/www.moskito.cz\/it\/wp-json\/wp\/v2\/media?parent=327912"}],"wp:term":[{"taxonomy":"pwb-brand","embeddable":true,"href":"https:\/\/www.moskito.cz\/it\/wp-json\/wp\/v2\/pwb-brand?post=327912"},{"taxonomy":"product_brand","embeddable":true,"href":"https:\/\/www.moskito.cz\/it\/wp-json\/wp\/v2\/product_brand?post=327912"},{"taxonomy":"product_cat","embeddable":true,"href":"https:\/\/www.moskito.cz\/it\/wp-json\/wp\/v2\/product_cat?post=327912"},{"taxonomy":"product_tag","embeddable":true,"href":"https:\/\/www.moskito.cz\/it\/wp-json\/wp\/v2\/product_tag?post=327912"}],"curies":[{"name":"wp","href":"https:\/\/api.w.org\/{rel}","templated":true}]}}