{"id":327986,"date":"2022-09-21T20:00:28","date_gmt":"2024-04-08T14:41:58","guid":{"rendered":"https:\/\/www.moskito.cz\/produkt\/coltello-da-lancio-kershaw-launch-1-7100bw\/"},"modified":"2025-05-07T11:09:22","modified_gmt":"2025-05-07T10:09:22","slug":"coltello-da-lancio-kershaw-launch-1-7100bw","status":"publish","type":"product","link":"https:\/\/www.moskito.cz\/it\/produkt\/coltello-da-lancio-kershaw-launch-1-7100bw\/","title":{"rendered":"Coltello da lancio Kershaw LAUNCH 1 7100BW"},"content":{"rendered":"<p>Coltello da lancio <strong>Kershaw<\/strong> LAUNCH 1 7100BW.<\/p>\n<p>Se stai pensando a un coltello automatico, il Launch 1 potrebbe essere quello giusto. Questo automatico \u00e8 dotato di lama in acciaio CPM 154, un forte calcio di apertura ed \u00e8 prodotto negli Stati Uniti presso lo stabilimento di produzione di Kershaw a Tualatin, Oregon. \u00c8 dotato di una lama ampia e versatile con lama BlackWash\u2122 che aiuta a nascondere i graffi dovuti all&#8217;uso. Backspacer integrato con cordino.<\/p>\n<p>Fabbricato negli Usa<br \/>\nLa lama in acciaio CPM 154 per metallurgia delle polveri si aggancia e mantiene un bordo eccellente, fornisce resistenza alla corrosione, resistenza all&#8217;usura, tenacit\u00e0<br \/>\nLa maniglia in alluminio anodizzato leggera e resistente \u00e8 sagomata per una presa sicura<br \/>\nUn pulsante a basso profilo rende difficile l&#8217;attivazione accidentale della lama<\/p>\n<p>Usa tutti i giorni, il lavoro, la tattica<br \/>\nInserisci automaticamente, Cartella<br \/>\nColtello tascabile alla moda<br \/>\nDesigner Kershaw Originali<br \/>\nPunto di caduta in stile lama<br \/>\nBordo della lama liscio<br \/>\nAzione di apertura automatica<br \/>\nSi apre con un pulsante<br \/>\nTipo di blocco Blocco pulsanti<br \/>\nClip da tasca a doppia faccia (destra\/sinistra, pieghevole)<br \/>\nColore maniglia Nero<br \/>\nProdotto negli Stati Uniti S\u00ec<br \/>\nPaese d&#8217;origine USA: progettazione, prototipo, controllo qualit\u00e0, produzione<br \/>\nGaranzia Garanzia a vita limitata<\/p>\n<p>&nbsp;<\/p>\n","protected":false},"excerpt":{"rendered":"<p>Il fondatore di Kershaw, Pete Kershaw, conosceva l&#8217;importanza della qualit\u00e0 garantita. Alla fine del 1974, decise di avviare la propria azienda di coltelli in un cementificio a Lake Oswego, Oregon.<\/p>\n<p>In Giappone, il direttore generale Kai Koji Endo riteneva che Kershaw avesse un potenziale di crescita ancora maggiore. Nel 1996, Endo ha investito in un impianto di produzione statunitense presso la base Kai USA a Wilsonville. Credeva che avrebbe aiutato Kershaw a raggiungere il suo pieno potenziale. E presto Kai USA ha assunto un nuovo team di produzione per il lavoro.<\/p>\n<p><strong>Trasporto gratuito.<\/strong><\/p>\n","protected":false},"featured_media":327987,"comment_status":"open","ping_status":"closed","template":"","meta":[],"pwb-brand":[3776],"product_brand":[],"product_cat":[3748,3745],"product_tag":[],"class_list":{"0":"post-327986","1":"product","2":"type-product","3":"status-publish","4":"has-post-thumbnail","6":"pwb-brand-kershaw-it","7":"product_cat-coltelli-da-tiro","8":"product_cat-coltelli","10":"first","11":"instock","12":"taxable","13":"shipping-taxable","14":"purchasable","15":"product-type-simple"},"brands":[{"id":3776,"name":"Kershaw","slug":"kershaw-it"}],"_links":{"self":[{"href":"https:\/\/www.moskito.cz\/it\/wp-json\/wp\/v2\/product\/327986","targetHints":{"allow":["GET"]}}],"collection":[{"href":"https:\/\/www.moskito.cz\/it\/wp-json\/wp\/v2\/product"}],"about":[{"href":"https:\/\/www.moskito.cz\/it\/wp-json\/wp\/v2\/types\/product"}],"replies":[{"embeddable":true,"href":"https:\/\/www.moskito.cz\/it\/wp-json\/wp\/v2\/comments?post=327986"}],"wp:featuredmedia":[{"embeddable":true,"href":"https:\/\/www.moskito.cz\/it\/wp-json\/wp\/v2\/media\/327987"}],"wp:attachment":[{"href":"https:\/\/www.moskito.cz\/it\/wp-json\/wp\/v2\/media?parent=327986"}],"wp:term":[{"taxonomy":"pwb-brand","embeddable":true,"href":"https:\/\/www.moskito.cz\/it\/wp-json\/wp\/v2\/pwb-brand?post=327986"},{"taxonomy":"product_brand","embeddable":true,"href":"https:\/\/www.moskito.cz\/it\/wp-json\/wp\/v2\/product_brand?post=327986"},{"taxonomy":"product_cat","embeddable":true,"href":"https:\/\/www.moskito.cz\/it\/wp-json\/wp\/v2\/product_cat?post=327986"},{"taxonomy":"product_tag","embeddable":true,"href":"https:\/\/www.moskito.cz\/it\/wp-json\/wp\/v2\/product_tag?post=327986"}],"curies":[{"name":"wp","href":"https:\/\/api.w.org\/{rel}","templated":true}]}}