{"id":328012,"date":"2022-08-17T19:39:55","date_gmt":"2024-04-08T14:43:10","guid":{"rendered":"https:\/\/www.moskito.cz\/produkt\/coltello-di-chiusura-crkt-m16-10kz\/"},"modified":"2025-05-27T10:05:02","modified_gmt":"2025-05-27T09:05:02","slug":"coltello-di-chiusura-crkt-m16-10kz","status":"publish","type":"product","link":"https:\/\/www.moskito.cz\/it\/produkt\/coltello-di-chiusura-crkt-m16-10kz\/","title":{"rendered":"Coltello di chiusura CRKT M16-10KZ"},"content":{"rendered":"<div class=\"flex-1 overflow-hidden @container\/thread\">\n<div class=\"h-full\">\n<div class=\"react-scroll-to-bottom--css-vxybp-79elbk h-full\">\n<div class=\"react-scroll-to-bottom--css-vxybp-1n7m0yu\">\n<div class=\"flex flex-col text-sm md:pb-9\">\n<article class=\"w-full scroll-mb-[var(--thread-trailing-height,150px)] text-token-text-primary focus-visible:outline-2 focus-visible:outline-offset-[-4px]\" dir=\"auto\" data-testid=\"conversation-turn-357\" data-scroll-anchor=\"true\">\n<div class=\"m-auto text-base py-[18px] px-3 md:px-4 w-full md:px-5 lg:px-4 xl:px-5\">\n<div class=\"mx-auto flex flex-1 gap-4 text-base md:gap-5 lg:gap-6 md:max-w-3xl\">\n<div class=\"group\/conversation-turn relative flex w-full min-w-0 flex-col agent-turn\">\n<div class=\"flex-col gap-1 md:gap-3\">\n<div class=\"flex max-w-full flex-col flex-grow\">\n<div class=\"min-h-8 text-message flex w-full flex-col items-end gap-2 whitespace-normal break-words text-start [.text-message+&amp;]:mt-5\" dir=\"auto\" data-message-author-role=\"assistant\" data-message-id=\"acf6ae39-712b-45dc-9ff5-59252f326045\" data-message-model-slug=\"gpt-4o-mini\">\n<div class=\"flex w-full flex-col gap-1 empty:hidden first:pt-[3px]\">\n<div class=\"markdown prose w-full break-words dark:prose-invert light\">\n<p><strong>Il coltello pieghevole CRKT M16-10KZ<\/strong> fa parte della famosa serie M16\u00ae, progettata dal leggendario designer Kit Carson, e offre un&#8217;eccellente combinazione di funzionalit\u00e0, qualit\u00e0 e durata. Questo modello \u00e8 ideale per l&#8217;uso quotidiano (EDC), ma anche per attivit\u00e0 pi\u00f9 impegnative che richiedono durata e affidabilit\u00e0. <\/p>\n<h3><strong>Caratteristiche principali:<\/strong><\/h3>\n<ol>\n<li><strong>Materiali di qualit\u00e0:<\/strong>\n<ul>\n<li><strong>Lama in acciaio inossidabile 1.4116<\/strong> : questo acciaio \u00e8 noto per la sua <strong>resistenza alla corrosione<\/strong> ed \u00e8 ideale per i coltelli utilizzati regolarmente. Offre una buona <strong>tenuta della lama<\/strong> e una manutenzione relativamente semplice. <\/li>\n<li><strong>Trattamento superficiale EDP<\/strong> : questo rivestimento nero protegge la lama dalla <strong>corrosione e dall&#8217;usura<\/strong> , aumentando la durata del coltello e garantendone la <strong>durevolezza estetica<\/strong> .<\/li>\n<li><strong>Dentellature Triple Point\u2122<\/strong> : queste dentellature sulla lama garantiscono <strong>un&#8217;elevata efficienza di taglio<\/strong> , in particolare quando si tagliano materiali come corde, pelle, tessuti e altre sostanze pi\u00f9 dure. Questa tecnologia offre <strong>un&#8217;efficienza tre volte superiore<\/strong> rispetto alle tacche convenzionali. <\/li>\n<\/ul>\n<\/li>\n<li><strong>Design ergonomico per un utilizzo efficiente:<\/strong>\n<ul>\n<li><strong>Carson Flipper<\/strong> : questo design di apertura consente un&#8217;apertura <strong>rapida e semplice<\/strong> della lama con una sola mano, perfetto per le situazioni in cui \u00e8 necessario un rapido accesso al coltello.<\/li>\n<li><strong>Manico in nylon rinforzato con fibra di vetro<\/strong> : questo materiale \u00e8 molto <strong>resistente<\/strong> e garantisce una <strong>presa salda e confortevole<\/strong> del coltello anche in condizioni difficili. Anche l&#8217;impugnatura contribuisce a <strong>ridurre il peso<\/strong> del coltello. <\/li>\n<\/ul>\n<\/li>\n<li><strong>Caratteristiche di sicurezza:<\/strong>\n<ul>\n<li><strong>Liner Lock<\/strong> : questo blocco di sicurezza assicura che la lama sia saldamente bloccata durante l&#8217;uso, consentendo al contempo una <strong>facile chiusura del coltello con una sola mano<\/strong> .<\/li>\n<li><strong>Inserto di sicurezza automatico<\/strong> : fornisce un ulteriore livello di protezione impedendo l&#8217; <strong>apertura accidentale<\/strong> della lama, il che \u00e8 importante per un utilizzo sicuro nella vita di tutti i giorni.<\/li>\n<\/ul>\n<\/li>\n<li><strong>Design compatto e leggero:<\/strong>\n<ul>\n<li><strong>Lunghezza totale<\/strong> : 7,13&#8243; (180,98 mm)<\/li>\n<li><strong>Lunghezza chiusa<\/strong> : 4,00&#8243; (101,60 mm)<\/li>\n<li><strong>Peso<\/strong> : 2,30 oz (65,20 g) &#8211; <strong>design leggero<\/strong> ideale per l&#8217;uso quotidiano, con dimensioni sufficienti per un&#8217;ampia gamma di attivit\u00e0.<\/li>\n<\/ul>\n<\/li>\n<\/ol>\n<h3><strong>Specifiche:<\/strong><\/h3>\n<ul>\n<li><strong>Lunghezza lama<\/strong> : 3,00&#8243; (76,20 mm)<\/li>\n<li><strong>Bordo della lama<\/strong> : dentellature a tripla punta\u2122<\/li>\n<li><strong>Materiale della lama<\/strong> : acciaio 1.4116<\/li>\n<li><strong>Finitura lama<\/strong> : EDP<\/li>\n<li><strong>Spessore della lama<\/strong> : 0,08&#8243; (2,03 mm)<\/li>\n<li><strong>Lunghezza totale<\/strong> : 7,13&#8243; (180,98 mm)<\/li>\n<li><strong>Lunghezza chiusa<\/strong> : 4,00&#8243; (101,60 mm)<\/li>\n<li><strong>Peso<\/strong> : 2,30 once (65,20 g)<\/li>\n<li><strong>Manico<\/strong> : nylon rinforzato con fibra di vetro<\/li>\n<li><strong>Stile<\/strong> : coltello pieghevole con <strong>Liner Lock<\/strong><\/li>\n<\/ul>\n<h3><strong>A cosa serve?<\/strong><\/h3>\n<ol>\n<li><strong>Uso quotidiano (EDC)<\/strong> :<br \/>\n Questo coltello \u00e8 progettato per le attivit\u00e0 quotidiane come l&#8217;apertura di pacchi, confezioni, il taglio di fili, cavi e altri materiali. In combinazione con <strong>la dentellatura Triple Point\u2122,<\/strong> \u00e8 ideale per <strong>il taglio rapido ed efficiente<\/strong> di materiali pi\u00f9 pesanti. <\/li>\n<li><strong>Attivit\u00e0 all&#8217;aperto e in campeggio<\/strong> :<br \/>\n Sebbene sia un coltello compatto, la sua durevolezza e la capacit\u00e0 di tenere bene la lama rendono questo modello ideale per <strong>le attivit\u00e0 di campeggio<\/strong> , come tagliare la legna per il fuoco, preparare il cibo o altre comuni attivit\u00e0 all&#8217;aperto.<\/li>\n<li><strong>Salvataggio e uso tattico<\/strong> :<br \/>\n Grazie alle <strong>dentellature Triple Point\u2122<\/strong> e <strong>alla struttura robusta,<\/strong> questo coltello \u00e8 adatto per <strong>attivit\u00e0 di soccorso<\/strong> o come EDC tattico per forze militari o di sicurezza. \u00c8 ideale per gestire situazioni di crisi in cui \u00e8 importante disporre di uno strumento affidabile. <\/li>\n<li><strong>Viaggi e attivit\u00e0 quotidiane<\/strong> :<br \/>\n Il coltello \u00e8 sufficientemente compatto da poter essere portato facilmente in tasca o appeso al portachiavi ed \u00e8 pronto per essere utilizzato in vari momenti della giornata, quando ne hai bisogno.<\/li>\n<\/ol>\n<h3><strong>Vantaggi:<\/strong><\/h3>\n<ul>\n<li><strong>Dentellatura Triple Point\u2122<\/strong> per un taglio efficiente di vari materiali.<\/li>\n<li><strong>Design leggero e compatto<\/strong> , ideale per l&#8217;uso quotidiano.<\/li>\n<li><strong>Apertura rapida<\/strong> grazie al Carson Flipper.<\/li>\n<li><strong>Blocco di sicurezza<\/strong> per bloccare saldamente la lama durante l&#8217;uso.<\/li>\n<li><strong>Materiali resistenti<\/strong> e <strong>lunga durata<\/strong> grazie all&#8217;acciaio di alta qualit\u00e0 e all&#8217;impugnatura in nylon.<\/li>\n<li><strong>Trattamento superficiale EDP<\/strong> , che garantisce <strong>resistenza alla corrosione<\/strong> e <strong>aspetto estetico<\/strong> .<\/li>\n<\/ul>\n<h3><strong>Riepilogo:<\/strong><\/h3>\n<p><strong>Il CRKT M16-10KZ<\/strong> \u00e8 un coltello affidabile e pratico che offre <strong>qualit\u00e0<\/strong> , <strong>funzionalit\u00e0<\/strong> e <strong>un design<\/strong> ispirato ai coltelli tattici. Grazie alla <strong>dentellatura Triple Point\u2122<\/strong> , <strong>all&#8217;apertura rapida<\/strong> , <strong>al meccanismo di sicurezza<\/strong> e alla finitura resistente, \u00e8 lo strumento ideale sia per l&#8217;uso quotidiano che per i lavori pi\u00f9 impegnativi. Che si tratti di <strong>campeggio<\/strong> , <strong>lavoro sul campo<\/strong> o <strong>uso quotidiano<\/strong> , questo coltello \u00e8 pronto a tutto.  <\/p>\n<\/div>\n<\/div>\n<\/div>\n<\/div>\n<div class=\"mb-2 flex gap-3 empty:hidden -ml-2\">\n<div class=\"items-center justify-start rounded-xl p-1 flex\">\n<div class=\"flex items-center\"><\/div>\n<\/div>\n<\/div>\n<div class=\"pr-2 lg:pr-0\"><\/div>\n<\/div>\n<\/div>\n<\/div>\n<\/div>\n<\/article>\n<\/div>\n<\/div>\n<\/div>\n<\/div>\n<\/div>\n","protected":false},"excerpt":{"rendered":"<p><strong>Il CRKT M16-10KZ \u00e8 un coltello affidabile e pratico che offre qualit\u00e0, funzionalit\u00e0 e un design ispirato ai coltelli tattici. Grazie alla dentellatura Triple Point\u2122, all&#8217;apertura rapida, al meccanismo di sicurezza e alla finitura resistente, \u00e8 lo strumento ideale per l&#8217;uso quotidiano e per le attivit\u00e0 pi\u00f9 impegnative. Che si tratti di campeggio, lavoro nei campi o uso quotidiano, questo coltello \u00e8 pronto a tutto.  <\/strong><\/p>\n","protected":false},"featured_media":328013,"comment_status":"open","ping_status":"closed","template":"","meta":[],"pwb-brand":[3763],"product_brand":[],"product_cat":[3749,3745],"product_tag":[3755],"class_list":{"0":"post-328012","1":"product","2":"type-product","3":"status-publish","4":"has-post-thumbnail","6":"pwb-brand-crkt-it","7":"product_cat-coltelli-di-chiusura","8":"product_cat-coltelli","9":"product_tag-b2b-it","11":"first","12":"outofstock","13":"taxable","14":"shipping-taxable","15":"purchasable","16":"product-type-simple"},"brands":[{"id":3763,"name":"CRKT","slug":"crkt-it"}],"_links":{"self":[{"href":"https:\/\/www.moskito.cz\/it\/wp-json\/wp\/v2\/product\/328012","targetHints":{"allow":["GET"]}}],"collection":[{"href":"https:\/\/www.moskito.cz\/it\/wp-json\/wp\/v2\/product"}],"about":[{"href":"https:\/\/www.moskito.cz\/it\/wp-json\/wp\/v2\/types\/product"}],"replies":[{"embeddable":true,"href":"https:\/\/www.moskito.cz\/it\/wp-json\/wp\/v2\/comments?post=328012"}],"wp:featuredmedia":[{"embeddable":true,"href":"https:\/\/www.moskito.cz\/it\/wp-json\/wp\/v2\/media\/328013"}],"wp:attachment":[{"href":"https:\/\/www.moskito.cz\/it\/wp-json\/wp\/v2\/media?parent=328012"}],"wp:term":[{"taxonomy":"pwb-brand","embeddable":true,"href":"https:\/\/www.moskito.cz\/it\/wp-json\/wp\/v2\/pwb-brand?post=328012"},{"taxonomy":"product_brand","embeddable":true,"href":"https:\/\/www.moskito.cz\/it\/wp-json\/wp\/v2\/product_brand?post=328012"},{"taxonomy":"product_cat","embeddable":true,"href":"https:\/\/www.moskito.cz\/it\/wp-json\/wp\/v2\/product_cat?post=328012"},{"taxonomy":"product_tag","embeddable":true,"href":"https:\/\/www.moskito.cz\/it\/wp-json\/wp\/v2\/product_tag?post=328012"}],"curies":[{"name":"wp","href":"https:\/\/api.w.org\/{rel}","templated":true}]}}