{"id":328126,"date":"2021-10-17T19:07:32","date_gmt":"2024-04-08T14:48:48","guid":{"rendered":"https:\/\/www.moskito.cz\/produkt\/coltello-solido-sog-seal-pup-fodero-in-nylon-balistico\/"},"modified":"2025-05-07T11:09:25","modified_gmt":"2025-05-07T10:09:25","slug":"coltello-solido-sog-seal-pup-fodero-in-nylon-balistico","status":"publish","type":"product","link":"https:\/\/www.moskito.cz\/it\/produkt\/coltello-solido-sog-seal-pup-fodero-in-nylon-balistico\/","title":{"rendered":"Coltello solido SOG SEAL PUP FODERO IN NYLON BALISTICO"},"content":{"rendered":"<p>La nostra storia inizia in Vietnam, dove i membri della forza operativa speciale top secret americana, nota come MACV ( <strong>SOG<\/strong> ), trasportavano un coltello segreto unico nella giungla in missioni segrete. Alcuni anni dopo, nel 1986, questo coltello ispir\u00f2 un giovane designer di nome Spencer Frazer a fondare <strong>SOG<\/strong> Specialty Knives. La sua missione: riprodurre il coltello <strong>SOG<\/strong> Bowie originale e rendere omaggio all&#8217;unit\u00e0 operativa speciale che lo ha creato. Ci\u00f2 che era iniziato come un unico modello commemorativo divenne presto un&#8217;intera linea di strumenti innovativi, testati dalle forze speciali statunitensi e premiati persino come il coltello preferito dai Navy SEAL. Oggi i coltelli SOG vengono indossati con sicurezza nelle situazioni pi\u00f9 impegnative. Forgiati dalla tradizione, temprati sul campo, limati per voi.<\/p>\n<p>Che tu stia proteggendo gli altri o guidando un&#8217;epica spedizione di caccia, affrontando una delle sfide quotidiane della vita o affrontando le condizioni pi\u00f9 estreme, fatti strada con <strong>SOG<\/strong> .<\/p>\n<p>Coltello solido <strong>SOG<\/strong> SEAL PUP FODERO IN NYLON BALISTICO.<\/p>\n<p><strong>Il SEAL Pup<\/strong> \u00e8 dotato di una lama semi-seghettata verniciata a polvere AUS-8 per bassa riflettivit\u00e0 e resistenza alla corrosione. Il suo leggero manico in nylon rinforzato con vetro ha un motivo a rombi in rilievo per una presa sicura.<\/p>\n<p><strong>Il Seal Pup<\/strong> \u00e8 realizzato per coloro che servono e soddisfano anche gli standard o per le persone che necessitano di un coltello robusto e affidabile con lama fissa.<\/p>\n<p><strong>SEAL Pup<\/strong> ha legioni di fan in tutto il mondo. Dal lavoro pi\u00f9 semplice a quello pi\u00f9 straziante, ha continuato a dare risultati.<\/p>\n<p><strong>Funzione<\/strong><br \/>\nColtello tattico con lama fissa in acciaio AUS-8, manico in nylon rinforzato con vetro resistente e facile da impugnare. Viene fornito con due opzioni di guaina.<\/p>\n<p><strong>AUS-8<\/strong><br \/>\nAcciaio inossidabile giapponese di alta qualit\u00e0 con un buon equilibrio tra tenacit\u00e0 e resistenza, capacit\u00e0 di tenuta del bordo e resistenza alla corrosione.<\/p>\n<p><strong>MANIGLIA GR<\/strong><br \/>\nCon motivo a rombi in rilievo per una presa sicura.<\/p>\n<p><strong>LAMA PARZIALMENTE SEGHETTATA<\/strong><br \/>\nOffre i vantaggi dei bordi diritti e seghettati in un&#8217;unica lama.<\/p>\n<p>LUNGHEZZA TOTALE: 22,5 cm<br \/>\nPESO DEL PRODOTTO: 5,40 once<br \/>\nLUNGHEZZA LAMA: 12 cm<br \/>\nTIPO DI BORDO: Parzialmente seghettato<br \/>\nTIPO DI LAMA: AUS-8<br \/>\nFORMA DELLA LAMA: Punto di aggancio<br \/>\nMATERIALE MANICO: Nylon rinforzato con vetro<br \/>\nCOLORE MANICO: Nero<br \/>\nDUREZZA: RC 57-58<br \/>\nCOPERTURA INCLUSA: S\u00ec<br \/>\nCOLORE FOGLIO: Nero<br \/>\nTIPO DI ATTACCO DEL FOGLIO: MOLLE<br \/>\nMATERIALE DELLA LAMIERA: Nylon balistico<\/p>\n<p>Il SEAL Pup ha una lama AUS-8 parzialmente seghettata verniciata a polvere per una bassa riflessione e resistenza alla corrosione. Il suo leggero manico in nylon rinforzato con vetro presenta un motivo a rombi in rilievo per una presa sicura<\/p>\n<p>Realizzato per coloro che servono, il Seal Pup \u00e8 all&#8217;altezza degli standard o per le persone che necessitano di un coltello a lama fissa robusto e affidabile.<\/p>\n<p>Il SEAL Pup ha una legione di fan in tutto il mondo. Dal lavoro pi\u00f9 semplice a quello pi\u00f9 straziante, \u00e8 stato sempre eseguito.<\/p>\n<p>Caratteristiche<br \/>\nColtello tattico a lama fissa con acciaio AUS-8 resistente e manico in nylon rinforzato con vetro facile da impugnare. Viene fornito con due scelte di guaina.<\/p>\n<p>AUS-8<br \/>\nUn acciaio inossidabile giapponese di alta qualit\u00e0 con un buon equilibrio tra tenacit\u00e0 e resistenza, capacit\u00e0 di tenuta del bordo e resistenza alla corrosione.<\/p>\n<p>MANIGLIA VERDE<br \/>\nCon motivo a rombi in rilievo per una presa sicura.<\/p>\n<p>LAMA PARZIALMENTE SEGHETTATA<br \/>\nOffre i vantaggi dei bordi diritti e seghettati in un&#8217;unica lama.<\/p>\n<p>LUNGHEZZA TOTALE<br \/>\n9&#8243;<br \/>\nPESO DEL PRODOTTO<br \/>\n5,40 once<br \/>\nLUNGHEZZA DELLA LAMA<br \/>\n4,75&#8243;<br \/>\nSPESSORE DELLA LAMA<br \/>\n0,19&#8243;<br \/>\nUPC<br \/>\n7-29857-99476-7<br \/>\nINFORMAZIONI NSN<br \/>\n7340-01-527-7123<br \/>\n\u00c8 PREORDINABILE<br \/>\nSU<br \/>\nDATA DI PREORDINE<br \/>\nSU<br \/>\nFAMIGLIA DI PRODOTTI<br \/>\nCucciolo di foca<br \/>\nTIPOLOGIA DI PRODOTTO<br \/>\nLama fissa<br \/>\nFORO PER CORDINO<br \/>\nS\u00cc<br \/>\nCORDINO INCLUSO<br \/>\nS\u00cc<br \/>\nMATERIALE DEL CORDINO<br \/>\nNylon<br \/>\nCONFEZIONE<br \/>\nScatola fissabile<br \/>\nINCISIONABILE<br \/>\nS\u00cc<br \/>\nFINE<br \/>\nVerniciato a polvere<br \/>\nTIPO DI BORDO<br \/>\nParzialmente seghettato<br \/>\nTIPO LAMA IN ACCIAIO<br \/>\nAUS-8<br \/>\nFORMA DELLA LAMA<br \/>\nPunto di ritaglio<br \/>\nTIPO DI SPINA<br \/>\nDritto<br \/>\nMATERIALE DELLA MANIGLIA<br \/>\nNylon rinforzato con vetro<br \/>\nCOLORE MANIGLIA<br \/>\nNero<br \/>\nDUREZZA<br \/>\nRC. 57-58<br \/>\nFODERA INCLUSA<br \/>\nS\u00cc<br \/>\nCOLORE GUAINA<br \/>\nNero<br \/>\nTIPO DI ATTACCO GUAINA<br \/>\nMOLLE<br \/>\nTIPO DI CHIUSURA GUAINA<br \/>\nGancio e anello<br \/>\nMATERIALE GUAINA<br \/>\nNylon balistico<\/p>\n","protected":false},"excerpt":{"rendered":"<p>Che tu stia proteggendo gli altri o guidando un&#8217;epica spedizione di caccia, affrontando una delle sfide quotidiane della vita o affrontando le condizioni pi\u00f9 estreme, fatti strada con <strong>SOG<\/strong> .<\/p>\n<p><strong>Diamo una garanzia a vita su tutti i coltelli SOG!<\/strong><\/p>\n","protected":false},"featured_media":328127,"comment_status":"open","ping_status":"closed","template":"","meta":[],"pwb-brand":[3850],"product_brand":[],"product_cat":[3745,3746],"product_tag":[3755],"class_list":{"0":"post-328126","1":"product","2":"type-product","3":"status-publish","4":"has-post-thumbnail","6":"pwb-brand-sog-it","7":"product_cat-coltelli","8":"product_cat-coltelli-solidi","9":"product_tag-b2b-it","11":"first","12":"instock","13":"virtual","14":"taxable","15":"purchasable","16":"product-type-simple"},"brands":[{"id":3850,"name":"SOG","slug":"sog-it"}],"_links":{"self":[{"href":"https:\/\/www.moskito.cz\/it\/wp-json\/wp\/v2\/product\/328126","targetHints":{"allow":["GET"]}}],"collection":[{"href":"https:\/\/www.moskito.cz\/it\/wp-json\/wp\/v2\/product"}],"about":[{"href":"https:\/\/www.moskito.cz\/it\/wp-json\/wp\/v2\/types\/product"}],"replies":[{"embeddable":true,"href":"https:\/\/www.moskito.cz\/it\/wp-json\/wp\/v2\/comments?post=328126"}],"wp:featuredmedia":[{"embeddable":true,"href":"https:\/\/www.moskito.cz\/it\/wp-json\/wp\/v2\/media\/328127"}],"wp:attachment":[{"href":"https:\/\/www.moskito.cz\/it\/wp-json\/wp\/v2\/media?parent=328126"}],"wp:term":[{"taxonomy":"pwb-brand","embeddable":true,"href":"https:\/\/www.moskito.cz\/it\/wp-json\/wp\/v2\/pwb-brand?post=328126"},{"taxonomy":"product_brand","embeddable":true,"href":"https:\/\/www.moskito.cz\/it\/wp-json\/wp\/v2\/product_brand?post=328126"},{"taxonomy":"product_cat","embeddable":true,"href":"https:\/\/www.moskito.cz\/it\/wp-json\/wp\/v2\/product_cat?post=328126"},{"taxonomy":"product_tag","embeddable":true,"href":"https:\/\/www.moskito.cz\/it\/wp-json\/wp\/v2\/product_tag?post=328126"}],"curies":[{"name":"wp","href":"https:\/\/api.w.org\/{rel}","templated":true}]}}