{"id":328169,"date":"2022-11-19T19:31:53","date_gmt":"2024-04-08T14:49:37","guid":{"rendered":"https:\/\/www.moskito.cz\/produkt\/coltello-di-chiusura-crkt-ceo\/"},"modified":"2025-05-07T11:09:26","modified_gmt":"2025-05-07T10:09:26","slug":"coltello-di-chiusura-crkt-ceo","status":"publish","type":"product","link":"https:\/\/www.moskito.cz\/it\/produkt\/coltello-di-chiusura-crkt-ceo\/","title":{"rendered":"Coltello di chiusura CRKT CEO"},"content":{"rendered":"<p>Coltello di chiusura <strong>CRKT<\/strong> CEO.<\/p>\n<p>Un coltello vestito per il successo.<\/p>\n<p>A prima vista potrebbe essere confusa con una penna infilata nel taschino della camicia. Ed \u00e8 proprio cos\u00ec che \u00e8 stato progettato il coltello pieghevole CEO. Con un profilo estremamente basso e senza angoli a scapito dell&#8217;usabilit\u00e0 e dell&#8217;ergonomia, incarna lo spirito lavorativo dell&#8217;uso quotidiano.<br \/>\nProfilo estremamente basso e peso leggero; comodo da indossare nella tasca anteriore di una camicia<br \/>\nIl perno del pollice incassato con sistema di cuscinetti a sfera IKBS\u2122 garantisce un innesto della lama fluido e rapido<br \/>\nI resistenti manici in nylon rinforzato con vetro sono leggeri e hanno un&#8217;ottima presa.<\/p>\n<p>SPECIFICHE<br \/>\nLunghezza lama 3,11&#8243; (78,92 mm)<br \/>\nLama Lama liscia<br \/>\nLama in acciaio 8Cr13MoV<br \/>\nTrattamento superficiale della lama Satinato<br \/>\nSpessore lama 0,09&#8243; (2,18 mm)<br \/>\nLunghezza totale 7,63&#8243; (193,68 mm)<br \/>\nLunghezza chiusa 4,45&#8243; (112,98 mm)<br \/>\nPeso 2,10 once (59,53 g)<br \/>\nManiglia Nylon rinforzato con vetro<br \/>\nColtello pieghevole Style con blocco della fodera<\/p>\n","protected":false},"excerpt":{"rendered":"<p>Progettato da Richard Rogers a Magdalena, Nuovo Messico.<\/p>\n","protected":false},"featured_media":328170,"comment_status":"open","ping_status":"closed","template":"","meta":[],"pwb-brand":[3763],"product_brand":[],"product_cat":[3745,3749],"product_tag":[3755],"class_list":{"0":"post-328169","1":"product","2":"type-product","3":"status-publish","4":"has-post-thumbnail","6":"pwb-brand-crkt-it","7":"product_cat-coltelli","8":"product_cat-coltelli-di-chiusura","9":"product_tag-b2b-it","11":"first","12":"outofstock","13":"taxable","14":"shipping-taxable","15":"purchasable","16":"product-type-simple"},"brands":[{"id":3763,"name":"CRKT","slug":"crkt-it"}],"_links":{"self":[{"href":"https:\/\/www.moskito.cz\/it\/wp-json\/wp\/v2\/product\/328169","targetHints":{"allow":["GET"]}}],"collection":[{"href":"https:\/\/www.moskito.cz\/it\/wp-json\/wp\/v2\/product"}],"about":[{"href":"https:\/\/www.moskito.cz\/it\/wp-json\/wp\/v2\/types\/product"}],"replies":[{"embeddable":true,"href":"https:\/\/www.moskito.cz\/it\/wp-json\/wp\/v2\/comments?post=328169"}],"wp:featuredmedia":[{"embeddable":true,"href":"https:\/\/www.moskito.cz\/it\/wp-json\/wp\/v2\/media\/328170"}],"wp:attachment":[{"href":"https:\/\/www.moskito.cz\/it\/wp-json\/wp\/v2\/media?parent=328169"}],"wp:term":[{"taxonomy":"pwb-brand","embeddable":true,"href":"https:\/\/www.moskito.cz\/it\/wp-json\/wp\/v2\/pwb-brand?post=328169"},{"taxonomy":"product_brand","embeddable":true,"href":"https:\/\/www.moskito.cz\/it\/wp-json\/wp\/v2\/product_brand?post=328169"},{"taxonomy":"product_cat","embeddable":true,"href":"https:\/\/www.moskito.cz\/it\/wp-json\/wp\/v2\/product_cat?post=328169"},{"taxonomy":"product_tag","embeddable":true,"href":"https:\/\/www.moskito.cz\/it\/wp-json\/wp\/v2\/product_tag?post=328169"}],"curies":[{"name":"wp","href":"https:\/\/api.w.org\/{rel}","templated":true}]}}